{"id":6568,"date":"2022-11-01T08:09:06","date_gmt":"2022-11-01T08:09:06","guid":{"rendered":"https:\/\/braco.global\/?post_type=product&#038;p=6568"},"modified":"2023-05-28T06:03:06","modified_gmt":"2023-05-28T06:03:06","slug":"drago-plecko-misterij-braco-2","status":"publish","type":"product","link":"https:\/\/braco.global\/hr\/shop\/drago-plecko-misterij-braco-2\/","title":{"rendered":"Drago Ple\u010dko \u2013 misterij Braco 2."},"content":{"rendered":"<p><strong>Drago Ple\u010dko \u2013 misterij Braco 2.<br \/>\n<\/strong><\/p>\n<p><strong>Tvrdi uvez, 168 stranica, s umetnutim DVD.<\/strong><\/p>\n<p>U svojoj drugoj knjizi Drago Ple\u010dko opisuje, polaze\u0107i od intenzivnih razgovora s Bracom i mnogobrojnim posjetiteljima, klju\u010dni moment za pripremu susreta s Bracinim darovanim pogledom. Pritom je u sredi\u0161tu osloba\u0111anje od vlasite \u017eelje, predo\u0111be i plana. Na taj na\u010din nastaje vrijedno upozorenje Brace za ljude, koji se na svoj susret s njim trebaju duhovno uskladiti. Dodatno opisuje i komentira Ple\u010dko svoje osobne do\u017eivljaje u zajedni\u010dkom radu s Bracom. Ta opa\u017eanja on dojmljivo stavlja u odnos sa stvarno\u0161\u0107u, koju je on do tada osobno upoznao.<\/p>\n","protected":false},"excerpt":{"rendered":"<p>Drago Ple\u010dko \u2013 misterij Braco 2. Tvrdi uvez, 168 stranica, s umetnutim DVD. U svojoj drugoj knjizi Drago Ple\u010dko opisuje, polaze\u0107i od intenzivnih razgovora s Bracom i mnogobrojnim posjetiteljima, klju\u010dni moment za pripremu susreta s Bracinim darovanim pogledom. Pritom je u sredi\u0161tu osloba\u0111anje od vlasite \u017eelje, predo\u0111be i plana. Na taj na\u010din nastaje vrijedno upozorenje [&hellip;]<\/p>\n","protected":false},"featured_media":229323,"template":"","meta":{"_et_pb_use_builder":"","_et_pb_old_content":"","_et_gb_content_width":""},"product_brand":[],"product_cat":[221],"product_tag":[],"class_list":{"0":"post-6568","1":"product","2":"type-product","3":"status-publish","4":"has-post-thumbnail","6":"product_cat-unkategorisiert-hr","8":"first","9":"instock","10":"taxable","11":"shipping-taxable","12":"purchasable","13":"product-type-simple"},"_links":{"self":[{"href":"https:\/\/braco.global\/hr\/wp-json\/wp\/v2\/product\/6568","targetHints":{"allow":["GET"]}}],"collection":[{"href":"https:\/\/braco.global\/hr\/wp-json\/wp\/v2\/product"}],"about":[{"href":"https:\/\/braco.global\/hr\/wp-json\/wp\/v2\/types\/product"}],"wp:featuredmedia":[{"embeddable":true,"href":"https:\/\/braco.global\/hr\/wp-json\/wp\/v2\/media\/229323"}],"wp:attachment":[{"href":"https:\/\/braco.global\/hr\/wp-json\/wp\/v2\/media?parent=6568"}],"wp:term":[{"taxonomy":"product_brand","embeddable":true,"href":"https:\/\/braco.global\/hr\/wp-json\/wp\/v2\/product_brand?post=6568"},{"taxonomy":"product_cat","embeddable":true,"href":"https:\/\/braco.global\/hr\/wp-json\/wp\/v2\/product_cat?post=6568"},{"taxonomy":"product_tag","embeddable":true,"href":"https:\/\/braco.global\/hr\/wp-json\/wp\/v2\/product_tag?post=6568"}],"curies":[{"name":"wp","href":"https:\/\/api.w.org\/{rel}","templated":true}]}}