{"id":6549,"date":"2022-11-10T08:09:04","date_gmt":"2022-11-10T08:09:04","guid":{"rendered":"https:\/\/braco.global\/?post_type=product&#038;p=6549"},"modified":"2023-01-12T09:44:46","modified_gmt":"2023-01-12T09:44:46","slug":"ivica-prokic-novi-pocetak","status":"publish","type":"product","link":"https:\/\/braco.global\/hr\/shop\/ivica-prokic-novi-pocetak\/","title":{"rendered":"Ivica Proki\u0107: Novi po\u010detak"},"content":{"rendered":"<p><strong>Ivica Proki\u0107: Novi po\u010detak<br \/>\n<\/strong><\/p>\n<p><strong>D\u017eepna knjiga, 131 stranica<\/strong><\/p>\n","protected":false},"excerpt":{"rendered":"<p>Ivica Proki\u0107: Novi po\u010detak D\u017eepna knjiga, 131 stranica<\/p>\n","protected":false},"featured_media":229283,"template":"","meta":{"_et_pb_use_builder":"","_et_pb_old_content":"","_et_gb_content_width":""},"product_brand":[],"product_cat":[133],"product_tag":[],"class_list":{"0":"post-6549","1":"product","2":"type-product","3":"status-publish","4":"has-post-thumbnail","6":"product_cat-knjige","7":"product_shipping_class-shipp-hr","9":"first","10":"instock","11":"taxable","12":"shipping-taxable","13":"purchasable","14":"product-type-simple"},"_links":{"self":[{"href":"https:\/\/braco.global\/hr\/wp-json\/wp\/v2\/product\/6549","targetHints":{"allow":["GET"]}}],"collection":[{"href":"https:\/\/braco.global\/hr\/wp-json\/wp\/v2\/product"}],"about":[{"href":"https:\/\/braco.global\/hr\/wp-json\/wp\/v2\/types\/product"}],"wp:featuredmedia":[{"embeddable":true,"href":"https:\/\/braco.global\/hr\/wp-json\/wp\/v2\/media\/229283"}],"wp:attachment":[{"href":"https:\/\/braco.global\/hr\/wp-json\/wp\/v2\/media?parent=6549"}],"wp:term":[{"taxonomy":"product_brand","embeddable":true,"href":"https:\/\/braco.global\/hr\/wp-json\/wp\/v2\/product_brand?post=6549"},{"taxonomy":"product_cat","embeddable":true,"href":"https:\/\/braco.global\/hr\/wp-json\/wp\/v2\/product_cat?post=6549"},{"taxonomy":"product_tag","embeddable":true,"href":"https:\/\/braco.global\/hr\/wp-json\/wp\/v2\/product_tag?post=6549"}],"curies":[{"name":"wp","href":"https:\/\/api.w.org\/{rel}","templated":true}]}}