{"id":6534,"date":"2022-11-10T08:09:03","date_gmt":"2022-11-10T08:09:03","guid":{"rendered":"https:\/\/braco.global\/?post_type=product&#038;p=6534"},"modified":"2023-06-05T14:02:20","modified_gmt":"2023-06-05T14:02:20","slug":"ivica-prokic-put-u-srecu","status":"publish","type":"product","link":"https:\/\/braco.global\/hr\/shop\/ivica-prokic-put-u-srecu\/","title":{"rendered":"Ivica Proki\u0107: Put u sre\u0107u"},"content":{"rendered":"<p><strong>Ivica Proki\u0107: Put u sre\u0107u<br \/>\n<\/strong><\/p>\n<p><strong>D\u017eepna knjiga, 120 stranica<\/strong><\/p>\n","protected":false},"excerpt":{"rendered":"<p>Ivica Proki\u0107: Put u sre\u0107u D\u017eepna knjiga, 120 stranica<\/p>\n","protected":false},"featured_media":229291,"template":"","meta":{"_et_pb_use_builder":"","_et_pb_old_content":"","_et_gb_content_width":""},"product_brand":[],"product_cat":[133],"product_tag":[],"class_list":{"0":"post-6534","1":"product","2":"type-product","3":"status-publish","4":"has-post-thumbnail","6":"product_cat-knjige","7":"product_shipping_class-shipp-hr","9":"first","10":"instock","11":"taxable","12":"shipping-taxable","13":"purchasable","14":"product-type-simple"},"_links":{"self":[{"href":"https:\/\/braco.global\/hr\/wp-json\/wp\/v2\/product\/6534","targetHints":{"allow":["GET"]}}],"collection":[{"href":"https:\/\/braco.global\/hr\/wp-json\/wp\/v2\/product"}],"about":[{"href":"https:\/\/braco.global\/hr\/wp-json\/wp\/v2\/types\/product"}],"wp:featuredmedia":[{"embeddable":true,"href":"https:\/\/braco.global\/hr\/wp-json\/wp\/v2\/media\/229291"}],"wp:attachment":[{"href":"https:\/\/braco.global\/hr\/wp-json\/wp\/v2\/media?parent=6534"}],"wp:term":[{"taxonomy":"product_brand","embeddable":true,"href":"https:\/\/braco.global\/hr\/wp-json\/wp\/v2\/product_brand?post=6534"},{"taxonomy":"product_cat","embeddable":true,"href":"https:\/\/braco.global\/hr\/wp-json\/wp\/v2\/product_cat?post=6534"},{"taxonomy":"product_tag","embeddable":true,"href":"https:\/\/braco.global\/hr\/wp-json\/wp\/v2\/product_tag?post=6534"}],"curies":[{"name":"wp","href":"https:\/\/api.w.org\/{rel}","templated":true}]}}