{"id":6531,"date":"2022-11-10T08:09:01","date_gmt":"2022-11-10T08:09:01","guid":{"rendered":"https:\/\/braco.global\/?post_type=product&#038;p=6531"},"modified":"2023-01-12T09:53:28","modified_gmt":"2023-01-12T09:53:28","slug":"ivica-prokic-zlatni-kljuc","status":"publish","type":"product","link":"https:\/\/braco.global\/hr\/shop\/ivica-prokic-zlatni-kljuc\/","title":{"rendered":"Ivica Proki\u0107: Zlatni klju\u010d"},"content":{"rendered":"<p><strong>Ivica Proki\u0107: Zlatni klju\u010d<br \/>\n<\/strong><\/p>\n<p><strong>D\u017eepna knjiga, 131 stranica<\/strong><\/p>\n<p>Ma koliko se osje\u0107ali zarobljenima u na\u0161oj svakodnevici, Zlatni klju\u010d nam otvara sva vrata u ljep\u0161u budu\u0107nost. \u201eBolje je veseliti nego biti tu\u017ean!\u201c Ova \u017eivotna mudrost odgovara \u201ezlatnom dobu\u201c koje je Ivica Proki\u0107 \u2013 kao medij koji povezuje Nebo sa Zemljom &#8211; vidio jo\u0161 u godini 1994. Ova jedanaesta knjiga Ivice Proki\u0107a opisuje, izme\u0111u ostaloga, \u201ezlatno doba\u201c u kojem \u0107e \u010dovje\u010danstvo mo\u0107i do\u017eivjeti \u2013 umjesto ratnog nasilja \u2013 sre\u0107u i radost.<\/p>\n","protected":false},"excerpt":{"rendered":"<p>Ivica Proki\u0107: Zlatni klju\u010d D\u017eepna knjiga, 131 stranica Ma koliko se osje\u0107ali zarobljenima u na\u0161oj svakodnevici, Zlatni klju\u010d nam otvara sva vrata u ljep\u0161u budu\u0107nost. \u201eBolje je veseliti nego biti tu\u017ean!\u201c Ova \u017eivotna mudrost odgovara \u201ezlatnom dobu\u201c koje je Ivica Proki\u0107 \u2013 kao medij koji povezuje Nebo sa Zemljom &#8211; vidio jo\u0161 u godini 1994. [&hellip;]<\/p>\n","protected":false},"featured_media":229307,"template":"","meta":{"_et_pb_use_builder":"","_et_pb_old_content":"","_et_gb_content_width":""},"product_brand":[],"product_cat":[133],"product_tag":[],"class_list":{"0":"post-6531","1":"product","2":"type-product","3":"status-publish","4":"has-post-thumbnail","6":"product_cat-knjige","7":"product_shipping_class-shipp-hr","9":"first","10":"instock","11":"taxable","12":"shipping-taxable","13":"purchasable","14":"product-type-simple"},"_links":{"self":[{"href":"https:\/\/braco.global\/hr\/wp-json\/wp\/v2\/product\/6531","targetHints":{"allow":["GET"]}}],"collection":[{"href":"https:\/\/braco.global\/hr\/wp-json\/wp\/v2\/product"}],"about":[{"href":"https:\/\/braco.global\/hr\/wp-json\/wp\/v2\/types\/product"}],"wp:featuredmedia":[{"embeddable":true,"href":"https:\/\/braco.global\/hr\/wp-json\/wp\/v2\/media\/229307"}],"wp:attachment":[{"href":"https:\/\/braco.global\/hr\/wp-json\/wp\/v2\/media?parent=6531"}],"wp:term":[{"taxonomy":"product_brand","embeddable":true,"href":"https:\/\/braco.global\/hr\/wp-json\/wp\/v2\/product_brand?post=6531"},{"taxonomy":"product_cat","embeddable":true,"href":"https:\/\/braco.global\/hr\/wp-json\/wp\/v2\/product_cat?post=6531"},{"taxonomy":"product_tag","embeddable":true,"href":"https:\/\/braco.global\/hr\/wp-json\/wp\/v2\/product_tag?post=6531"}],"curies":[{"name":"wp","href":"https:\/\/api.w.org\/{rel}","templated":true}]}}