{"id":6522,"date":"2022-11-10T08:09:01","date_gmt":"2022-11-10T08:09:01","guid":{"rendered":"https:\/\/braco.global\/?post_type=product&#038;p=6522"},"modified":"2023-01-12T09:53:56","modified_gmt":"2023-01-12T09:53:56","slug":"ivica-prokic-zlato-cuva-zemlju","status":"publish","type":"product","link":"https:\/\/braco.global\/hr\/shop\/ivica-prokic-zlato-cuva-zemlju\/","title":{"rendered":"Ivica Proki\u0107: Zlato \u010duva zemlju"},"content":{"rendered":"<p><strong>Ivica Proki\u0107: Zlato \u010duva zemlju<br \/>\n<\/strong><\/p>\n<p><strong>D\u017eepna knjiga, 123 stranica<\/strong><\/p>\n<p>Ivica Proki\u0107 nam je najavio \u201ezlatno doba\u201c. U svojoj Osmoj knjizi koja je iza\u0161la iz tiska 1994. godine jasno nam ukazuje na to za\u0161to je zlato poseban materijal: \u201eZlato \u0107e vas uvijek za\u0161tititi i \u010duvati\u201c. On je bio svjestan \u010dinjenice da zlato \u010duva i \u010dovje\u010danstvo i Zemlju. Ivica i njegovi posjetitelji opisuju razli\u010dita iskustva u tom pogledu koja se, poput vrijednih, mudrih izreka uvijek iznova rado \u010ditaju.<\/p>\n","protected":false},"excerpt":{"rendered":"<p>Ivica Proki\u0107: Zlato \u010duva zemlju D\u017eepna knjiga, 123 stranica Ivica Proki\u0107 nam je najavio \u201ezlatno doba\u201c. U svojoj Osmoj knjizi koja je iza\u0161la iz tiska 1994. godine jasno nam ukazuje na to za\u0161to je zlato poseban materijal: \u201eZlato \u0107e vas uvijek za\u0161tititi i \u010duvati\u201c. On je bio svjestan \u010dinjenice da zlato \u010duva i \u010dovje\u010danstvo i [&hellip;]<\/p>\n","protected":false},"featured_media":229311,"template":"","meta":{"_et_pb_use_builder":"","_et_pb_old_content":"","_et_gb_content_width":""},"product_brand":[],"product_cat":[133],"product_tag":[],"class_list":{"0":"post-6522","1":"product","2":"type-product","3":"status-publish","4":"has-post-thumbnail","6":"product_cat-knjige","7":"product_shipping_class-shipp-hr","9":"first","10":"instock","11":"taxable","12":"shipping-taxable","13":"purchasable","14":"product-type-simple"},"_links":{"self":[{"href":"https:\/\/braco.global\/hr\/wp-json\/wp\/v2\/product\/6522","targetHints":{"allow":["GET"]}}],"collection":[{"href":"https:\/\/braco.global\/hr\/wp-json\/wp\/v2\/product"}],"about":[{"href":"https:\/\/braco.global\/hr\/wp-json\/wp\/v2\/types\/product"}],"wp:featuredmedia":[{"embeddable":true,"href":"https:\/\/braco.global\/hr\/wp-json\/wp\/v2\/media\/229311"}],"wp:attachment":[{"href":"https:\/\/braco.global\/hr\/wp-json\/wp\/v2\/media?parent=6522"}],"wp:term":[{"taxonomy":"product_brand","embeddable":true,"href":"https:\/\/braco.global\/hr\/wp-json\/wp\/v2\/product_brand?post=6522"},{"taxonomy":"product_cat","embeddable":true,"href":"https:\/\/braco.global\/hr\/wp-json\/wp\/v2\/product_cat?post=6522"},{"taxonomy":"product_tag","embeddable":true,"href":"https:\/\/braco.global\/hr\/wp-json\/wp\/v2\/product_tag?post=6522"}],"curies":[{"name":"wp","href":"https:\/\/api.w.org\/{rel}","templated":true}]}}