{"id":6517,"date":"2022-11-10T08:09:01","date_gmt":"2022-11-10T08:09:01","guid":{"rendered":"https:\/\/braco.global\/?post_type=product&#038;p=6517"},"modified":"2023-01-12T09:51:19","modified_gmt":"2023-01-12T09:51:19","slug":"ivica-prokic-rajska-vrata","status":"publish","type":"product","link":"https:\/\/braco.global\/hr\/shop\/ivica-prokic-rajska-vrata\/","title":{"rendered":"Ivica Proki\u0107: Rajska vrata"},"content":{"rendered":"<p><strong>Ivica Proki\u0107: Rajska vrata<br \/>\n<\/strong><\/p>\n<p><strong>D\u017eepna knjiga, 98 stranica<\/strong><\/p>\n<p>\u0160to je to vidio vidovnjak Ivica Proki\u0107 kojemu se obra\u0107alo sve vi\u0161e i vi\u0161e ljudi? Peta knjiga koju je zapo\u010deo pisati 23. listopada 1993. godine ne odgovara samo na to pitanje. Stoga se isplati \u010ditati knjige Ivice Proki\u0107a i to ba\u0161 onda kad prolazimo \u201ete\u0161ke \u010dasove\u201c. Koji jo\u0161 autor mo\u017ee i \u017eeli prenijeti svojim \u010ditateljima, putem knjige, \u201epuno sre\u0107e ljubavi, veselja, zdravlja i zadovoljstva?\u201d<\/p>\n","protected":false},"excerpt":{"rendered":"<p>Ivica Proki\u0107: Rajska vrata D\u017eepna knjiga, 98 stranica \u0160to je to vidio vidovnjak Ivica Proki\u0107 kojemu se obra\u0107alo sve vi\u0161e i vi\u0161e ljudi? Peta knjiga koju je zapo\u010deo pisati 23. listopada 1993. godine ne odgovara samo na to pitanje. Stoga se isplati \u010ditati knjige Ivice Proki\u0107a i to ba\u0161 onda kad prolazimo \u201ete\u0161ke \u010dasove\u201c. Koji [&hellip;]<\/p>\n","protected":false},"featured_media":229299,"template":"","meta":{"_et_pb_use_builder":"","_et_pb_old_content":"","_et_gb_content_width":""},"product_brand":[],"product_cat":[133],"product_tag":[],"class_list":{"0":"post-6517","1":"product","2":"type-product","3":"status-publish","4":"has-post-thumbnail","6":"product_cat-knjige","7":"product_shipping_class-shipp-hr","9":"first","10":"instock","11":"taxable","12":"shipping-taxable","13":"purchasable","14":"product-type-simple"},"_links":{"self":[{"href":"https:\/\/braco.global\/hr\/wp-json\/wp\/v2\/product\/6517","targetHints":{"allow":["GET"]}}],"collection":[{"href":"https:\/\/braco.global\/hr\/wp-json\/wp\/v2\/product"}],"about":[{"href":"https:\/\/braco.global\/hr\/wp-json\/wp\/v2\/types\/product"}],"wp:featuredmedia":[{"embeddable":true,"href":"https:\/\/braco.global\/hr\/wp-json\/wp\/v2\/media\/229299"}],"wp:attachment":[{"href":"https:\/\/braco.global\/hr\/wp-json\/wp\/v2\/media?parent=6517"}],"wp:term":[{"taxonomy":"product_brand","embeddable":true,"href":"https:\/\/braco.global\/hr\/wp-json\/wp\/v2\/product_brand?post=6517"},{"taxonomy":"product_cat","embeddable":true,"href":"https:\/\/braco.global\/hr\/wp-json\/wp\/v2\/product_cat?post=6517"},{"taxonomy":"product_tag","embeddable":true,"href":"https:\/\/braco.global\/hr\/wp-json\/wp\/v2\/product_tag?post=6517"}],"curies":[{"name":"wp","href":"https:\/\/api.w.org\/{rel}","templated":true}]}}