{"id":6511,"date":"2022-11-10T08:09:00","date_gmt":"2022-11-10T08:09:00","guid":{"rendered":"https:\/\/braco.global\/?post_type=product&#038;p=6511"},"modified":"2023-01-12T09:54:27","modified_gmt":"2023-01-12T09:54:27","slug":"ivica-prokic-buducnost-je-pocela","status":"publish","type":"product","link":"https:\/\/braco.global\/hr\/shop\/ivica-prokic-buducnost-je-pocela\/","title":{"rendered":"Ivica Proki\u0107: Budu\u0107nost je po\u010dela"},"content":{"rendered":"<p><strong>Ivica Proki\u0107: Budu\u0107nost je po\u010dela<br \/>\n<\/strong><\/p>\n<p><strong>D\u017eepna knjiga, 110 stranica<\/strong><\/p>\n<p>U srpnju 1957. godine do\u017eivio je Ivica Proki\u0107 ne\u0161to posebnoga \u0161to opisuje odmah na po\u010detku svoje tre\u0107e objavljene knjige u poglavlju \u201eKako sam postao prorok\u201c, na njemu svojstven i otvoreni na\u010din. Njegove vizije nose odre\u0111eno zna\u010denje iako ih ne mo\u017ee svatko i odmah shvatiti i razumjeti. No budu\u0107nost je pokazala da se sve to\u010dno tako doga\u0111alo i doga\u0111a se i dan danas, ba\u0161 onako kako je on to prorekao. Stoga i nije za\u010du\u0111uju\u0107e da jedno daljnje poglavlje nosi naslov \u201eBudu\u0107nost je postala stvarnost\u201c.<\/p>\n<p>Na kraju knjige se nalaze svjedo\u010danstva posjetitelja &#8211; vrlo osobni do\u017eivljaji i doga\u0111aji kojima se svjedo\u010de sposobnosti velikog prijatelja svakog \u010dovjeka i svih ljudi \u2013 Ivice Proki\u0107a.<\/p>\n","protected":false},"excerpt":{"rendered":"<p>Ivica Proki\u0107: Budu\u0107nost je po\u010dela D\u017eepna knjiga, 110 stranica U srpnju 1957. godine do\u017eivio je Ivica Proki\u0107 ne\u0161to posebnoga \u0161to opisuje odmah na po\u010detku svoje tre\u0107e objavljene knjige u poglavlju \u201eKako sam postao prorok\u201c, na njemu svojstven i otvoreni na\u010din. Njegove vizije nose odre\u0111eno zna\u010denje iako ih ne mo\u017ee svatko i odmah shvatiti i razumjeti. [&hellip;]<\/p>\n","protected":false},"featured_media":229255,"template":"","meta":{"_et_pb_use_builder":"","_et_pb_old_content":"","_et_gb_content_width":""},"product_brand":[],"product_cat":[133],"product_tag":[],"class_list":{"0":"post-6511","1":"product","2":"type-product","3":"status-publish","4":"has-post-thumbnail","6":"product_cat-knjige","7":"product_shipping_class-shipp-hr","9":"first","10":"instock","11":"taxable","12":"shipping-taxable","13":"purchasable","14":"product-type-simple"},"_links":{"self":[{"href":"https:\/\/braco.global\/hr\/wp-json\/wp\/v2\/product\/6511","targetHints":{"allow":["GET"]}}],"collection":[{"href":"https:\/\/braco.global\/hr\/wp-json\/wp\/v2\/product"}],"about":[{"href":"https:\/\/braco.global\/hr\/wp-json\/wp\/v2\/types\/product"}],"wp:featuredmedia":[{"embeddable":true,"href":"https:\/\/braco.global\/hr\/wp-json\/wp\/v2\/media\/229255"}],"wp:attachment":[{"href":"https:\/\/braco.global\/hr\/wp-json\/wp\/v2\/media?parent=6511"}],"wp:term":[{"taxonomy":"product_brand","embeddable":true,"href":"https:\/\/braco.global\/hr\/wp-json\/wp\/v2\/product_brand?post=6511"},{"taxonomy":"product_cat","embeddable":true,"href":"https:\/\/braco.global\/hr\/wp-json\/wp\/v2\/product_cat?post=6511"},{"taxonomy":"product_tag","embeddable":true,"href":"https:\/\/braco.global\/hr\/wp-json\/wp\/v2\/product_tag?post=6511"}],"curies":[{"name":"wp","href":"https:\/\/api.w.org\/{rel}","templated":true}]}}