{"id":6508,"date":"2022-11-10T08:09:00","date_gmt":"2022-11-10T08:09:00","guid":{"rendered":"https:\/\/braco.global\/?post_type=product&#038;p=6508"},"modified":"2023-01-12T09:55:24","modified_gmt":"2023-01-12T09:55:24","slug":"ivica-prokic-godina-srece","status":"publish","type":"product","link":"https:\/\/braco.global\/hr\/shop\/ivica-prokic-godina-srece\/","title":{"rendered":"Ivica Proki\u0107: Godina sre\u0107e"},"content":{"rendered":"<p><strong>Ivica Proki\u0107: Godina sre\u0107e<br \/>\n<\/strong><\/p>\n<p><strong>D\u017eepna knjiga, 146 stranica<\/strong><\/p>\n<p>U Ivi\u010dinoj drugoj knjizi govori se o iskri \u017eivota. Jezik nam se \u010dini pomalo neobi\u010dan ali autori su cijenili Ivi\u010din osebujni na\u010din izra\u017eavanja. \u010citatelj tako vi\u0161e osjeti i iskusi Ivi\u010din jedinstveni na\u010din pomaganja ljudima \u2013 ovdje se radi o za\u010du\u0111uju\u0107im stavovima. Prava vrijednost knjige nalazi se \u201eizme\u0111u redova\u201c. Slu\u010dajnosti ne postoje !<\/p>\n","protected":false},"excerpt":{"rendered":"<p>Ivica Proki\u0107: Godina sre\u0107e D\u017eepna knjiga, 146 stranica U Ivi\u010dinoj drugoj knjizi govori se o iskri \u017eivota. Jezik nam se \u010dini pomalo neobi\u010dan ali autori su cijenili Ivi\u010din osebujni na\u010din izra\u017eavanja. \u010citatelj tako vi\u0161e osjeti i iskusi Ivi\u010din jedinstveni na\u010din pomaganja ljudima \u2013 ovdje se radi o za\u010du\u0111uju\u0107im stavovima. Prava vrijednost knjige nalazi se \u201eizme\u0111u [&hellip;]<\/p>\n","protected":false},"featured_media":229259,"template":"","meta":{"_et_pb_use_builder":"","_et_pb_old_content":"","_et_gb_content_width":""},"product_brand":[],"product_cat":[133],"product_tag":[],"class_list":{"0":"post-6508","1":"product","2":"type-product","3":"status-publish","4":"has-post-thumbnail","6":"product_cat-knjige","7":"product_shipping_class-shipp-hr","9":"first","10":"instock","11":"taxable","12":"shipping-taxable","13":"purchasable","14":"product-type-simple"},"_links":{"self":[{"href":"https:\/\/braco.global\/hr\/wp-json\/wp\/v2\/product\/6508","targetHints":{"allow":["GET"]}}],"collection":[{"href":"https:\/\/braco.global\/hr\/wp-json\/wp\/v2\/product"}],"about":[{"href":"https:\/\/braco.global\/hr\/wp-json\/wp\/v2\/types\/product"}],"wp:featuredmedia":[{"embeddable":true,"href":"https:\/\/braco.global\/hr\/wp-json\/wp\/v2\/media\/229259"}],"wp:attachment":[{"href":"https:\/\/braco.global\/hr\/wp-json\/wp\/v2\/media?parent=6508"}],"wp:term":[{"taxonomy":"product_brand","embeddable":true,"href":"https:\/\/braco.global\/hr\/wp-json\/wp\/v2\/product_brand?post=6508"},{"taxonomy":"product_cat","embeddable":true,"href":"https:\/\/braco.global\/hr\/wp-json\/wp\/v2\/product_cat?post=6508"},{"taxonomy":"product_tag","embeddable":true,"href":"https:\/\/braco.global\/hr\/wp-json\/wp\/v2\/product_tag?post=6508"}],"curies":[{"name":"wp","href":"https:\/\/api.w.org\/{rel}","templated":true}]}}