{"id":5466,"date":"2020-04-25T10:13:31","date_gmt":"2020-04-25T10:13:31","guid":{"rendered":"https:\/\/braco.global\/?post_type=product&#038;p=5466"},"modified":"2022-08-04T04:56:57","modified_gmt":"2022-08-04T04:56:57","slug":"un-mundo-el-oceano-de-la-presencia","status":"publish","type":"product","link":"https:\/\/braco.global\/hr\/shop\/un-mundo-el-oceano-de-la-presencia\/","title":{"rendered":"Un Mundo \u2013 El Oc\u00e9ano de la Presencia"},"content":{"rendered":"<p>Un Mundo \u2013 El Oc\u00e9ano de la Presencia<\/p>\n<p>DVD, 2018, 78 minutos<\/p>\n<p>Idiomas: ingl\u00e9s, croata, alem\u00e1n, espa\u00f1ol<\/p>\n<p>De la pel\u00edcula: &#8220;No puedo explicar lo que me pasa cuando trabajo con la gente. Simplemente soy incansable. No siento agotamiento, incluso despu\u00e9s de la interminable gama de personas que han pasado frente a m\u00ed durante horas &#8230;&#8221; Braco<\/p>\n<p>\u00bfPodemos estar unidos por una mirada? \u00bfpero c\u00f3mo es posible sin usar palabras? Esta pel\u00edcula nos lleva en un viaje alrededor del mundo y en nuestras propias profundidades m\u00e1s \u00edntimas. Encontramos respuestas de personas de muchos pa\u00edses, de cient\u00edficos y lo que han descubierto, y del propio Braco.<\/p>\n","protected":false},"excerpt":{"rendered":"<p>Un Mundo \u2013 El Oc\u00e9ano de la Presencia DVD, 2018, 78 minutos Idiomas: ingl\u00e9s, croata, alem\u00e1n, espa\u00f1ol De la pel\u00edcula: &#8220;No puedo explicar lo que me pasa cuando trabajo con la gente. Simplemente soy incansable. No siento agotamiento, incluso despu\u00e9s de la interminable gama de personas que han pasado frente a m\u00ed durante horas &#8230;&#8221; [&hellip;]<\/p>\n","protected":false},"featured_media":5467,"template":"","meta":{"_et_pb_use_builder":"","_et_pb_old_content":"","_et_gb_content_width":""},"product_brand":[],"product_cat":[17],"product_tag":[],"class_list":{"0":"post-5466","1":"product","2":"type-product","3":"status-publish","4":"has-post-thumbnail","6":"product_cat-unkategorisiert","8":"first","9":"instock","10":"taxable","11":"shipping-taxable","12":"purchasable","13":"product-type-simple"},"_links":{"self":[{"href":"https:\/\/braco.global\/hr\/wp-json\/wp\/v2\/product\/5466","targetHints":{"allow":["GET"]}}],"collection":[{"href":"https:\/\/braco.global\/hr\/wp-json\/wp\/v2\/product"}],"about":[{"href":"https:\/\/braco.global\/hr\/wp-json\/wp\/v2\/types\/product"}],"wp:featuredmedia":[{"embeddable":true,"href":"https:\/\/braco.global\/hr\/wp-json\/wp\/v2\/media\/5467"}],"wp:attachment":[{"href":"https:\/\/braco.global\/hr\/wp-json\/wp\/v2\/media?parent=5466"}],"wp:term":[{"taxonomy":"product_brand","embeddable":true,"href":"https:\/\/braco.global\/hr\/wp-json\/wp\/v2\/product_brand?post=5466"},{"taxonomy":"product_cat","embeddable":true,"href":"https:\/\/braco.global\/hr\/wp-json\/wp\/v2\/product_cat?post=5466"},{"taxonomy":"product_tag","embeddable":true,"href":"https:\/\/braco.global\/hr\/wp-json\/wp\/v2\/product_tag?post=5466"}],"curies":[{"name":"wp","href":"https:\/\/api.w.org\/{rel}","templated":true}]}}