{"id":3960,"date":"2020-03-18T14:49:32","date_gmt":"2020-03-18T14:49:32","guid":{"rendered":"https:\/\/braco.global\/?post_type=product&#038;p=3960"},"modified":"2022-08-04T04:56:57","modified_gmt":"2022-08-04T04:56:57","slug":"guezellik-icimizdedir","status":"publish","type":"product","link":"https:\/\/braco.global\/hr\/shop\/guezellik-icimizdedir\/","title":{"rendered":"G\u00dcZELLIK I\u00c7IMIZDEDIR"},"content":{"rendered":"<p><strong>G\u00dcZELLIK I\u00c7IMIZDEDIR<\/strong><\/p>\n<p><strong>DVD, 31 minut<\/strong><\/p>\n<p><strong>DE, EN, HR, ES, SI, CZ, TR<\/strong><\/p>\n<p>Ya\u015fam\u0131n s\u0131rr\u0131 enerjide sakl\u0131d\u0131r, ama ona a\u00e7\u0131k olmam\u0131z gerekir. Ya\u015fam t\u00fcm g\u00fczelliklerini ancak buna izin verdi\u011fimizde bize gosterir. Bazen ya\u015fam imkans\u0131z gibi g\u00f6r\u00fcnenko\u015fullarda bile g\u00fcne\u015fi bulur \u2013 bu, biz insanlar icin de ge\u00e7erlidir.<\/p>\n<p>Braco\u2019nun hayat veren bak\u0131\u015flar\u0131n\u0131n yans\u0131malar\u0131n\u0131 almak i\u00e7in Slovenya\u2019ya gelen ziyaretciler hayatlar\u0131ndaki olumlu de\u011fi\u015fiklikleri anlat\u0131yorlar.<\/p>\n<p>Bu DVD, kendimize tekrar sevgiyle bakmak ve \u00f6z\u00fcm\u00fcz\u00fc fark etmek, ya\u015fayan her varl\u0131\u011f\u0131n i\u00e7indeki g\u00fczelli\u011fi g\u00f6rmek i\u00e7in bizi cesaretlendiriyor.<\/p>\n","protected":false},"excerpt":{"rendered":"<p>G\u00dcZELLIK I\u00c7IMIZDEDIR DVD, 31 minut DE, EN, HR, ES, SI, CZ, TR Ya\u015fam\u0131n s\u0131rr\u0131 enerjide sakl\u0131d\u0131r, ama ona a\u00e7\u0131k olmam\u0131z gerekir. Ya\u015fam t\u00fcm g\u00fczelliklerini ancak buna izin verdi\u011fimizde bize gosterir. Bazen ya\u015fam imkans\u0131z gibi g\u00f6r\u00fcnenko\u015fullarda bile g\u00fcne\u015fi bulur \u2013 bu, biz insanlar icin de ge\u00e7erlidir. Braco\u2019nun hayat veren bak\u0131\u015flar\u0131n\u0131n yans\u0131malar\u0131n\u0131 almak i\u00e7in Slovenya\u2019ya gelen ziyaretciler [&hellip;]<\/p>\n","protected":false},"featured_media":5440,"template":"","meta":{"_et_pb_use_builder":"","_et_pb_old_content":"","_et_gb_content_width":""},"product_brand":[],"product_cat":[17],"product_tag":[],"class_list":{"0":"post-3960","1":"product","2":"type-product","3":"status-publish","4":"has-post-thumbnail","6":"product_cat-unkategorisiert","8":"first","9":"instock","10":"taxable","11":"shipping-taxable","12":"purchasable","13":"product-type-simple"},"_links":{"self":[{"href":"https:\/\/braco.global\/hr\/wp-json\/wp\/v2\/product\/3960","targetHints":{"allow":["GET"]}}],"collection":[{"href":"https:\/\/braco.global\/hr\/wp-json\/wp\/v2\/product"}],"about":[{"href":"https:\/\/braco.global\/hr\/wp-json\/wp\/v2\/types\/product"}],"wp:featuredmedia":[{"embeddable":true,"href":"https:\/\/braco.global\/hr\/wp-json\/wp\/v2\/media\/5440"}],"wp:attachment":[{"href":"https:\/\/braco.global\/hr\/wp-json\/wp\/v2\/media?parent=3960"}],"wp:term":[{"taxonomy":"product_brand","embeddable":true,"href":"https:\/\/braco.global\/hr\/wp-json\/wp\/v2\/product_brand?post=3960"},{"taxonomy":"product_cat","embeddable":true,"href":"https:\/\/braco.global\/hr\/wp-json\/wp\/v2\/product_cat?post=3960"},{"taxonomy":"product_tag","embeddable":true,"href":"https:\/\/braco.global\/hr\/wp-json\/wp\/v2\/product_tag?post=3960"}],"curies":[{"name":"wp","href":"https:\/\/api.w.org\/{rel}","templated":true}]}}