{"id":3943,"date":"2020-03-18T14:31:37","date_gmt":"2020-03-18T14:31:37","guid":{"rendered":"https:\/\/braco.global\/?post_type=product&#038;p=3943"},"modified":"2022-07-23T17:28:32","modified_gmt":"2022-07-23T17:28:32","slug":"a-csend-hatalma","status":"publish","type":"product","link":"https:\/\/braco.global\/hr\/shop\/a-csend-hatalma\/","title":{"rendered":"A Csend Hatalma"},"content":{"rendered":"<div class=\"gwt-HTML\" tabindex=\"0\" role=\"text\">\n<p><strong>DVD, 36 perc<\/strong><\/p>\n<p><strong>DE, HR, HU<\/strong><\/p>\n<p>S\u0151t a felemel\u0151 klasszikus zene j\u00f3l illik a k\u00fcl\u00f6nleges pillanatokhoz, amiket a DVD n\u00e9z\u0151i meg\u00e9lhetnek, ha Braco n\u00e9m\u00e1n megl\u00e1togatja Salone-t Splitben.<\/p>\n<p>Azonk\u00edv\u00fcl a l\u00e1t\u00f3gat\u00f3k Budapesten besz\u00e1molnak Bracoval val\u00f3 szem\u00e9lyes tapasztalataikr\u00f3l, amelyek a l\u00e1t\u00f3gat\u00f3k lelk\u00e9re pozit\u00edv hat\u00e1ssal vannak. A r\u00e9szletes interj\u00fak megmutatj\u00e1k, mennyire \u00e9rt\u00e9kes \u00e9s fontos minden egyes ember \u00e9s az \u00e9let maga.<\/p>\n<\/div>\n","protected":false},"excerpt":{"rendered":"<p>DVD, 36 perc DE, HR, HU S\u0151t a felemel\u0151 klasszikus zene j\u00f3l illik a k\u00fcl\u00f6nleges pillanatokhoz, amiket a DVD n\u00e9z\u0151i meg\u00e9lhetnek, ha Braco n\u00e9m\u00e1n megl\u00e1togatja Salone-t Splitben. Azonk\u00edv\u00fcl a l\u00e1t\u00f3gat\u00f3k Budapesten besz\u00e1molnak Bracoval val\u00f3 szem\u00e9lyes tapasztalataikr\u00f3l, amelyek a l\u00e1t\u00f3gat\u00f3k lelk\u00e9re pozit\u00edv hat\u00e1ssal vannak. A r\u00e9szletes interj\u00fak megmutatj\u00e1k, mennyire \u00e9rt\u00e9kes \u00e9s fontos minden egyes ember \u00e9s [&hellip;]<\/p>\n","protected":false},"featured_media":5447,"template":"","meta":{"_et_pb_use_builder":"","_et_pb_old_content":"","_et_gb_content_width":""},"product_brand":[],"product_cat":[17],"product_tag":[],"class_list":{"0":"post-3943","1":"product","2":"type-product","3":"status-publish","4":"has-post-thumbnail","6":"product_cat-unkategorisiert","8":"first","9":"instock","10":"taxable","11":"shipping-taxable","12":"purchasable","13":"product-type-simple"},"_links":{"self":[{"href":"https:\/\/braco.global\/hr\/wp-json\/wp\/v2\/product\/3943","targetHints":{"allow":["GET"]}}],"collection":[{"href":"https:\/\/braco.global\/hr\/wp-json\/wp\/v2\/product"}],"about":[{"href":"https:\/\/braco.global\/hr\/wp-json\/wp\/v2\/types\/product"}],"wp:featuredmedia":[{"embeddable":true,"href":"https:\/\/braco.global\/hr\/wp-json\/wp\/v2\/media\/5447"}],"wp:attachment":[{"href":"https:\/\/braco.global\/hr\/wp-json\/wp\/v2\/media?parent=3943"}],"wp:term":[{"taxonomy":"product_brand","embeddable":true,"href":"https:\/\/braco.global\/hr\/wp-json\/wp\/v2\/product_brand?post=3943"},{"taxonomy":"product_cat","embeddable":true,"href":"https:\/\/braco.global\/hr\/wp-json\/wp\/v2\/product_cat?post=3943"},{"taxonomy":"product_tag","embeddable":true,"href":"https:\/\/braco.global\/hr\/wp-json\/wp\/v2\/product_tag?post=3943"}],"curies":[{"name":"wp","href":"https:\/\/api.w.org\/{rel}","templated":true}]}}