{"id":3942,"date":"2020-03-18T14:29:34","date_gmt":"2020-03-18T14:29:34","guid":{"rendered":"https:\/\/braco.global\/?post_type=product&#038;p=3942"},"modified":"2022-07-23T17:28:31","modified_gmt":"2022-07-23T17:28:31","slug":"a-beke-voelgye","status":"publish","type":"product","link":"https:\/\/braco.global\/hr\/shop\/a-beke-voelgye\/","title":{"rendered":"A b\u00e9ke v\u00f6lgye"},"content":{"rendered":"<p><strong>A b\u00e9ke v\u00f6lgye<br \/>\n<\/strong><\/p>\n<p><strong>DVD, 2008, 39 perc<\/strong><\/p>\n<p><strong>DE, EN, HR, IT, HU<br \/>\n<\/strong><\/p>\n<p>A stressz, bosszankod\u00e1s, f\u00e9lre\u00e9rt\u00e9sek az embereket negat\u00edv befoly\u00e1solj\u00e1k. Minden betegs\u00e9g jele ill. v\u00e1lasza a testnek. A l\u00e1togat\u00f3k besz\u00e1molnak arr\u00f3l, hogy Bracon\u00e1l bels\u0151 nyugalmat, \u00f6r\u00f6met s\u0151t ism\u00e9t szeretetet \u00e9reznek. Sokan csod\u00e1lkoznak, hogy a rossz egyszer\u0171en megh\u00e1tr\u00e1lt. A csoda benn\u00fcnk van.<\/p>\n<p>2008-ban keletkezett ez a k\u00fcl\u00f6nleges DVD, k\u00f6sz\u00f6netk\u00e9pen azoknak, akik v\u00e1laszoltak arra a k\u00e9rd\u00e9sre: Mi\u00e9rt j\u00f6nnek a l\u00e1t\u00f3gat\u00f3k ezrei \u00e9vr\u0151l \u00e9vre a Srebrnjak 1-be? Itt sokan neh\u00e9z \u00e9let\u00fck megv\u00e1ltoz\u00e1s\u00e1t \u00e9lt\u00e9k meg. A horv\u00e1t tud\u00f3s, Drago Plecko, egy Bracor\u00f3l sz\u00f3l\u00f3 interj\u00faban besz\u00e9l az evoluci\u00f3 fejl\u0151d\u00e9s\u00e9r\u0151l \u00e9s az \u00faj paradigm\u00e1r\u00f3l.<\/p>\n","protected":false},"excerpt":{"rendered":"<p>A b\u00e9ke v\u00f6lgye DVD, 2008, 39 perc DE, EN, HR, IT, HU A stressz, bosszankod\u00e1s, f\u00e9lre\u00e9rt\u00e9sek az embereket negat\u00edv befoly\u00e1solj\u00e1k. Minden betegs\u00e9g jele ill. v\u00e1lasza a testnek. A l\u00e1togat\u00f3k besz\u00e1molnak arr\u00f3l, hogy Bracon\u00e1l bels\u0151 nyugalmat, \u00f6r\u00f6met s\u0151t ism\u00e9t szeretetet \u00e9reznek. Sokan csod\u00e1lkoznak, hogy a rossz egyszer\u0171en megh\u00e1tr\u00e1lt. A csoda benn\u00fcnk van. 2008-ban keletkezett ez a [&hellip;]<\/p>\n","protected":false},"featured_media":5415,"template":"","meta":{"_et_pb_use_builder":"","_et_pb_old_content":"","_et_gb_content_width":""},"product_brand":[],"product_cat":[17],"product_tag":[],"class_list":{"0":"post-3942","1":"product","2":"type-product","3":"status-publish","4":"has-post-thumbnail","6":"product_cat-unkategorisiert","8":"first","9":"instock","10":"taxable","11":"shipping-taxable","12":"purchasable","13":"product-type-simple"},"_links":{"self":[{"href":"https:\/\/braco.global\/hr\/wp-json\/wp\/v2\/product\/3942","targetHints":{"allow":["GET"]}}],"collection":[{"href":"https:\/\/braco.global\/hr\/wp-json\/wp\/v2\/product"}],"about":[{"href":"https:\/\/braco.global\/hr\/wp-json\/wp\/v2\/types\/product"}],"wp:featuredmedia":[{"embeddable":true,"href":"https:\/\/braco.global\/hr\/wp-json\/wp\/v2\/media\/5415"}],"wp:attachment":[{"href":"https:\/\/braco.global\/hr\/wp-json\/wp\/v2\/media?parent=3942"}],"wp:term":[{"taxonomy":"product_brand","embeddable":true,"href":"https:\/\/braco.global\/hr\/wp-json\/wp\/v2\/product_brand?post=3942"},{"taxonomy":"product_cat","embeddable":true,"href":"https:\/\/braco.global\/hr\/wp-json\/wp\/v2\/product_cat?post=3942"},{"taxonomy":"product_tag","embeddable":true,"href":"https:\/\/braco.global\/hr\/wp-json\/wp\/v2\/product_tag?post=3942"}],"curies":[{"name":"wp","href":"https:\/\/api.w.org\/{rel}","templated":true}]}}