{"id":3940,"date":"2020-03-18T14:24:04","date_gmt":"2020-03-18T14:24:04","guid":{"rendered":"https:\/\/braco.global\/?post_type=product&#038;p=3940"},"modified":"2022-07-23T17:28:31","modified_gmt":"2022-07-23T17:28:31","slug":"lacqua","status":"publish","type":"product","link":"https:\/\/braco.global\/hr\/shop\/lacqua\/","title":{"rendered":"L\u2019acqua"},"content":{"rendered":"<p><strong>L\u2019acqua<br \/>\n<\/strong><\/p>\n<p><strong>DVD, 40 minuti<\/strong><\/p>\n<p><strong>DE, EN, HR, IT<\/strong><\/p>\n<p>Il Dvd, che \u00e8 una boccata d\u2019aria fresca per l\u2019interiorit\u00e0 dell\u2019uomo, spiega che le risposte alle nostre domande non stanno al di fuori di noi, ma dentro di noi. La verit\u00e0 \u00e8 semplicissima e facile da trovare.<\/p>\n<p>La sua fama lo ha preceduto, cos\u00ec Rimini \u00e8 diventata il punto di incontro di chi era alla ricerca del sole interiore. L\u2019uomo che tace, fa parlare le persone delle loro esperienze: \u201cBasta guardarlo\u201d dice una italiana, \u201cper sentire qualcosa di bello.\u201d<\/p>\n<p>Sempre pi\u00f9 scienziati si interessano al fenomeno dello sguardo di Braco; tra essi anche Drago Plecko che ha scoperto che lo sguardo di Braco \u00e8 in grado di innalzare il livello di energia dell\u2019acqua e lo ha testato.<\/p>\n<p>Una particolarit\u00e0 \u00e8 che in questo DVD uscito nell\u2019aprile del 2008, si pu\u00f2 anche sentire la voce di Braco, con i sottotitoli in lingua: \u201cOgni passo che ci conduce pi\u00f9 vicino a noi stessi, \u00e8 importante.\u201d<\/p>\n","protected":false},"excerpt":{"rendered":"<p>L\u2019acqua DVD, 40 minuti DE, EN, HR, IT Il Dvd, che \u00e8 una boccata d\u2019aria fresca per l\u2019interiorit\u00e0 dell\u2019uomo, spiega che le risposte alle nostre domande non stanno al di fuori di noi, ma dentro di noi. La verit\u00e0 \u00e8 semplicissima e facile da trovare. La sua fama lo ha preceduto, cos\u00ec Rimini \u00e8 diventata [&hellip;]<\/p>\n","protected":false},"featured_media":5446,"template":"","meta":{"_et_pb_use_builder":"","_et_pb_old_content":"","_et_gb_content_width":""},"product_brand":[],"product_cat":[17],"product_tag":[],"class_list":{"0":"post-3940","1":"product","2":"type-product","3":"status-publish","4":"has-post-thumbnail","6":"product_cat-unkategorisiert","8":"first","9":"instock","10":"taxable","11":"shipping-taxable","12":"purchasable","13":"product-type-simple"},"_links":{"self":[{"href":"https:\/\/braco.global\/hr\/wp-json\/wp\/v2\/product\/3940","targetHints":{"allow":["GET"]}}],"collection":[{"href":"https:\/\/braco.global\/hr\/wp-json\/wp\/v2\/product"}],"about":[{"href":"https:\/\/braco.global\/hr\/wp-json\/wp\/v2\/types\/product"}],"wp:featuredmedia":[{"embeddable":true,"href":"https:\/\/braco.global\/hr\/wp-json\/wp\/v2\/media\/5446"}],"wp:attachment":[{"href":"https:\/\/braco.global\/hr\/wp-json\/wp\/v2\/media?parent=3940"}],"wp:term":[{"taxonomy":"product_brand","embeddable":true,"href":"https:\/\/braco.global\/hr\/wp-json\/wp\/v2\/product_brand?post=3940"},{"taxonomy":"product_cat","embeddable":true,"href":"https:\/\/braco.global\/hr\/wp-json\/wp\/v2\/product_cat?post=3940"},{"taxonomy":"product_tag","embeddable":true,"href":"https:\/\/braco.global\/hr\/wp-json\/wp\/v2\/product_tag?post=3940"}],"curies":[{"name":"wp","href":"https:\/\/api.w.org\/{rel}","templated":true}]}}