{"id":3938,"date":"2020-03-18T14:19:04","date_gmt":"2020-03-18T14:19:04","guid":{"rendered":"https:\/\/braco.global\/?post_type=product&#038;p=3938"},"modified":"2022-07-23T17:28:28","modified_gmt":"2022-07-23T17:28:28","slug":"la-valle-della-pace","status":"publish","type":"product","link":"https:\/\/braco.global\/hr\/shop\/la-valle-della-pace\/","title":{"rendered":"La valle della pace"},"content":{"rendered":"<p><strong>La valle della pace<br \/>\n<\/strong><\/p>\n<p><strong>DVD, 2008, 39 minuti<\/strong><\/p>\n<p><strong>DE, EN, HR, IT, HU<\/strong><\/p>\n<p>Stress, rabbia, incomprensioni influenzano negativamente l\u2019uomo. Ogni malattia \u00e8 un segnale o meglio, una risposta del corpo. I visitatori comunicano che quando vedono Braco sentono pace interiore, gioia e persino nuovamente amore. Molti si stupiscono di come il male semplicemente si allontani: il miracolo \u00e8 dentro di noi.<\/p>\n<p>Nel 2008 \u00e8 nato questo speciale DVD, che \u00e8 una risposta alla domanda: perch\u00e9 anno dopo anno arrivano migliaia di visitatori a Zagabria al Srebrnjak 1? Molti sono coloro che qui hanno vissuto una svolta nelle loro vite difficili.<\/p>\n<p>In un\u2019intervista su Braco, tra gli altri parla lo scienziato croato Drago Plecko sul progresso nell\u2019evoluzione e su un nuovo paradigma.<\/p>\n","protected":false},"excerpt":{"rendered":"<p>La valle della pace DVD, 2008, 39 minuti DE, EN, HR, IT, HU Stress, rabbia, incomprensioni influenzano negativamente l\u2019uomo. Ogni malattia \u00e8 un segnale o meglio, una risposta del corpo. I visitatori comunicano che quando vedono Braco sentono pace interiore, gioia e persino nuovamente amore. Molti si stupiscono di come il male semplicemente si allontani: [&hellip;]<\/p>\n","protected":false},"featured_media":5415,"template":"","meta":{"_et_pb_use_builder":"","_et_pb_old_content":"","_et_gb_content_width":""},"product_brand":[],"product_cat":[17],"product_tag":[],"class_list":{"0":"post-3938","1":"product","2":"type-product","3":"status-publish","4":"has-post-thumbnail","6":"product_cat-unkategorisiert","8":"first","9":"instock","10":"taxable","11":"shipping-taxable","12":"purchasable","13":"product-type-simple"},"_links":{"self":[{"href":"https:\/\/braco.global\/hr\/wp-json\/wp\/v2\/product\/3938","targetHints":{"allow":["GET"]}}],"collection":[{"href":"https:\/\/braco.global\/hr\/wp-json\/wp\/v2\/product"}],"about":[{"href":"https:\/\/braco.global\/hr\/wp-json\/wp\/v2\/types\/product"}],"wp:featuredmedia":[{"embeddable":true,"href":"https:\/\/braco.global\/hr\/wp-json\/wp\/v2\/media\/5415"}],"wp:attachment":[{"href":"https:\/\/braco.global\/hr\/wp-json\/wp\/v2\/media?parent=3938"}],"wp:term":[{"taxonomy":"product_brand","embeddable":true,"href":"https:\/\/braco.global\/hr\/wp-json\/wp\/v2\/product_brand?post=3938"},{"taxonomy":"product_cat","embeddable":true,"href":"https:\/\/braco.global\/hr\/wp-json\/wp\/v2\/product_cat?post=3938"},{"taxonomy":"product_tag","embeddable":true,"href":"https:\/\/braco.global\/hr\/wp-json\/wp\/v2\/product_tag?post=3938"}],"curies":[{"name":"wp","href":"https:\/\/api.w.org\/{rel}","templated":true}]}}