{"id":3932,"date":"2020-03-18T13:57:23","date_gmt":"2020-03-18T13:57:23","guid":{"rendered":"https:\/\/braco.global\/?post_type=product&#038;p=3932"},"modified":"2022-07-23T17:28:25","modified_gmt":"2022-07-23T17:28:25","slug":"cambio-de-paradigma","status":"publish","type":"product","link":"https:\/\/braco.global\/hr\/shop\/cambio-de-paradigma\/","title":{"rendered":"Cambio de Paradigma"},"content":{"rendered":"<p><strong>Cambio de Paradigma<br \/>\nDVD, 60 <\/strong><strong>minutos<\/strong><\/p>\n<p><strong>DE, EN, HR (subt\u00edtulos: ES, PT)<\/strong><\/p>\n<p><em>&#8220;<\/em><em>La conciencia crea la forma y, por lo tanto, la conciencia puede cambiar la forma. La energ\u00eda de luz pura que llega a trav\u00e9s de Braco act\u00faa como un rayo l\u00e1ser para que la conciencia, al enfocar su potencial creativo, manifieste su magnificencia innata. En la presencia de la energ\u00eda pura del don de Braco, todo es posible<\/em>.&#8221;<\/p>\n<p>&#8220;Cambio de Paradigma&#8221; es un viaje hacia la transformaci\u00f3n, que documenta los cambios en la conciencia humana experimentados por miles de personas en 2011, el germinar de la luz y la esperanza, suavemente evocan los comienzos, desde los silenciosos cambios en la percepci\u00f3n personal hasta el atreverse a so\u00f1ar en el futuro. Se trata de sanar, de sentir alegr\u00eda y crear armon\u00eda en un momento de agitaci\u00f3n y discordia. Con im\u00e1genes de Croacia, Estados Unidos y la \u00fanica visita de Braco a Jap\u00f3n. &#8220;Cambio de Paradigma&#8221; avanza paso a paso hacia el punto de inflexi\u00f3n, el momento en que la conciencia humana se encontrar\u00e1 a s\u00ed misma expresando su naturaleza m\u00e1s aut\u00e9ntica: manifestar elegantemente amor, alegr\u00eda y paz.<\/p>\n","protected":false},"excerpt":{"rendered":"<p>Cambio de Paradigma DVD, 60 minutos DE, EN, HR (subt\u00edtulos: ES, PT) &#8220;La conciencia crea la forma y, por lo tanto, la conciencia puede cambiar la forma. La energ\u00eda de luz pura que llega a trav\u00e9s de Braco act\u00faa como un rayo l\u00e1ser para que la conciencia, al enfocar su potencial creativo, manifieste su magnificencia [&hellip;]<\/p>\n","protected":false},"featured_media":5385,"template":"","meta":{"_et_pb_use_builder":"","_et_pb_old_content":"","_et_gb_content_width":""},"product_brand":[],"product_cat":[17],"product_tag":[],"class_list":{"0":"post-3932","1":"product","2":"type-product","3":"status-publish","4":"has-post-thumbnail","6":"product_cat-unkategorisiert","8":"first","9":"instock","10":"taxable","11":"shipping-taxable","12":"purchasable","13":"product-type-simple"},"_links":{"self":[{"href":"https:\/\/braco.global\/hr\/wp-json\/wp\/v2\/product\/3932","targetHints":{"allow":["GET"]}}],"collection":[{"href":"https:\/\/braco.global\/hr\/wp-json\/wp\/v2\/product"}],"about":[{"href":"https:\/\/braco.global\/hr\/wp-json\/wp\/v2\/types\/product"}],"wp:featuredmedia":[{"embeddable":true,"href":"https:\/\/braco.global\/hr\/wp-json\/wp\/v2\/media\/5385"}],"wp:attachment":[{"href":"https:\/\/braco.global\/hr\/wp-json\/wp\/v2\/media?parent=3932"}],"wp:term":[{"taxonomy":"product_brand","embeddable":true,"href":"https:\/\/braco.global\/hr\/wp-json\/wp\/v2\/product_brand?post=3932"},{"taxonomy":"product_cat","embeddable":true,"href":"https:\/\/braco.global\/hr\/wp-json\/wp\/v2\/product_cat?post=3932"},{"taxonomy":"product_tag","embeddable":true,"href":"https:\/\/braco.global\/hr\/wp-json\/wp\/v2\/product_tag?post=3932"}],"curies":[{"name":"wp","href":"https:\/\/api.w.org\/{rel}","templated":true}]}}