{"id":3928,"date":"2020-03-18T13:30:37","date_gmt":"2020-03-18T13:30:37","guid":{"rendered":"https:\/\/braco.global\/?post_type=product&#038;p=3928"},"modified":"2022-07-23T17:28:25","modified_gmt":"2022-07-23T17:28:25","slug":"la-belleza-esta-en-nuestro-interior","status":"publish","type":"product","link":"https:\/\/braco.global\/hr\/shop\/la-belleza-esta-en-nuestro-interior\/","title":{"rendered":"La belleza est\u00e1 en nuestro interior"},"content":{"rendered":"<p><strong>La belleza est\u00e1 en nuestro interior<\/strong><\/p>\n<p><strong>DVD, 31 <\/strong><strong>minutos<\/strong><\/p>\n<p><strong>DE, EN, HR, ES, SI, CZ, TR<\/strong><\/p>\n<p>El secreto de la vida est\u00e1 en la energ\u00eda pero tambi\u00e9n en nuestra sinceridad. La vida solamente puede mostrar su belleza cuando nosotros lo permitimos. Inclusive en circunstancias imposibles la vida llega a encontrar el sol. As\u00ed tambi\u00e9n ocurre en los seres humanos.<\/p>\n<p>Los visitantes que vinieron a Slovenia hablan sobre c\u00f3mo han cambiado sus vidas hacia el bien, despu\u00e9s de acoger en su interior aquello que fluye hacia los visitantes a trav\u00e9s de la mirada que regala Braco.<\/p>\n<p>Este DVD \u00e1nima a volver a tratarse a uno mismo con cari\u00f1o, a mirar con alegr\u00eda hacia su propio interior y tambi\u00e9n a valorar la belleza interior de cada ser vivo.<\/p>\n","protected":false},"excerpt":{"rendered":"<p>La belleza est\u00e1 en nuestro interior DVD, 31 minutos DE, EN, HR, ES, SI, CZ, TR El secreto de la vida est\u00e1 en la energ\u00eda pero tambi\u00e9n en nuestra sinceridad. La vida solamente puede mostrar su belleza cuando nosotros lo permitimos. Inclusive en circunstancias imposibles la vida llega a encontrar el sol. As\u00ed tambi\u00e9n ocurre [&hellip;]<\/p>\n","protected":false},"featured_media":5393,"template":"","meta":{"_et_pb_use_builder":"","_et_pb_old_content":"","_et_gb_content_width":""},"product_brand":[],"product_cat":[17],"product_tag":[],"class_list":{"0":"post-3928","1":"product","2":"type-product","3":"status-publish","4":"has-post-thumbnail","6":"product_cat-unkategorisiert","8":"first","9":"instock","10":"taxable","11":"shipping-taxable","12":"purchasable","13":"product-type-simple"},"_links":{"self":[{"href":"https:\/\/braco.global\/hr\/wp-json\/wp\/v2\/product\/3928","targetHints":{"allow":["GET"]}}],"collection":[{"href":"https:\/\/braco.global\/hr\/wp-json\/wp\/v2\/product"}],"about":[{"href":"https:\/\/braco.global\/hr\/wp-json\/wp\/v2\/types\/product"}],"wp:featuredmedia":[{"embeddable":true,"href":"https:\/\/braco.global\/hr\/wp-json\/wp\/v2\/media\/5393"}],"wp:attachment":[{"href":"https:\/\/braco.global\/hr\/wp-json\/wp\/v2\/media?parent=3928"}],"wp:term":[{"taxonomy":"product_brand","embeddable":true,"href":"https:\/\/braco.global\/hr\/wp-json\/wp\/v2\/product_brand?post=3928"},{"taxonomy":"product_cat","embeddable":true,"href":"https:\/\/braco.global\/hr\/wp-json\/wp\/v2\/product_cat?post=3928"},{"taxonomy":"product_tag","embeddable":true,"href":"https:\/\/braco.global\/hr\/wp-json\/wp\/v2\/product_tag?post=3928"}],"curies":[{"name":"wp","href":"https:\/\/api.w.org\/{rel}","templated":true}]}}