{"id":3927,"date":"2020-03-18T13:25:42","date_gmt":"2020-03-18T13:25:42","guid":{"rendered":"https:\/\/braco.global\/?post_type=product&#038;p=3927"},"modified":"2022-07-23T17:28:25","modified_gmt":"2022-07-23T17:28:25","slug":"usynlig-omfavnelse","status":"publish","type":"product","link":"https:\/\/braco.global\/hr\/shop\/usynlig-omfavnelse\/","title":{"rendered":"Usynlig omfavnelse"},"content":{"rendered":"<div class=\"gwt-HTML\" tabindex=\"0\" role=\"text\">\n<h3>Usynlig omfavnelse<\/h3>\n<p><strong>DVD, 45 minutter<\/strong><\/p>\n<p><strong>DE, DK<\/strong><\/p>\n<p>Braco&#8217;s givende blik sk\u00e6nker kraft, s\u00e5 det enkelte menneske spontant f\u00e5r forbindelse med sig selv, kommer til selverkendelse og f\u00f8ler sig godt tilpas, og det kan bringe helt s\u00e6rlige oplevelser med sig. Ved verdenskongressen for \u00e5ndelig helbredelse i Basel, Schweiz (PSI-dagene) blev der filmet. Mange videnskabsm\u00e6nd og forskere af denne helbredelsesmetode m\u00f8dte Braco for f\u00f8rste gang og deltog i hans sessions. Fascinerende beretninger og indtryksfulde interviews med videnskabsm\u00e6nd og forskere bekr\u00e6fter og dokumenterer denne enest\u00e5ende kraft og den st\u00e6rke virkning, som kan opleves p\u00e5 Braco&#8217;s sessions, takket v\u00e6re det, der flyder ud til de bes\u00f8gende gennem hans givende blik under en session. Dvd&#8217;en g\u00f8r det muligt at opleve en del af en session i Basel.<\/p>\n<\/div>\n","protected":false},"excerpt":{"rendered":"<p>Usynlig omfavnelse DVD, 45 minutter DE, DK Braco&#8217;s givende blik sk\u00e6nker kraft, s\u00e5 det enkelte menneske spontant f\u00e5r forbindelse med sig selv, kommer til selverkendelse og f\u00f8ler sig godt tilpas, og det kan bringe helt s\u00e6rlige oplevelser med sig. Ved verdenskongressen for \u00e5ndelig helbredelse i Basel, Schweiz (PSI-dagene) blev der filmet. Mange videnskabsm\u00e6nd og forskere [&hellip;]<\/p>\n","protected":false},"featured_media":5442,"template":"","meta":{"_et_pb_use_builder":"","_et_pb_old_content":"","_et_gb_content_width":""},"product_brand":[],"product_cat":[17],"product_tag":[],"class_list":{"0":"post-3927","1":"product","2":"type-product","3":"status-publish","4":"has-post-thumbnail","6":"product_cat-unkategorisiert","8":"first","9":"instock","10":"taxable","11":"shipping-taxable","12":"purchasable","13":"product-type-simple"},"_links":{"self":[{"href":"https:\/\/braco.global\/hr\/wp-json\/wp\/v2\/product\/3927","targetHints":{"allow":["GET"]}}],"collection":[{"href":"https:\/\/braco.global\/hr\/wp-json\/wp\/v2\/product"}],"about":[{"href":"https:\/\/braco.global\/hr\/wp-json\/wp\/v2\/types\/product"}],"wp:featuredmedia":[{"embeddable":true,"href":"https:\/\/braco.global\/hr\/wp-json\/wp\/v2\/media\/5442"}],"wp:attachment":[{"href":"https:\/\/braco.global\/hr\/wp-json\/wp\/v2\/media?parent=3927"}],"wp:term":[{"taxonomy":"product_brand","embeddable":true,"href":"https:\/\/braco.global\/hr\/wp-json\/wp\/v2\/product_brand?post=3927"},{"taxonomy":"product_cat","embeddable":true,"href":"https:\/\/braco.global\/hr\/wp-json\/wp\/v2\/product_cat?post=3927"},{"taxonomy":"product_tag","embeddable":true,"href":"https:\/\/braco.global\/hr\/wp-json\/wp\/v2\/product_tag?post=3927"}],"curies":[{"name":"wp","href":"https:\/\/api.w.org\/{rel}","templated":true}]}}