{"id":3919,"date":"2020-03-18T13:19:56","date_gmt":"2020-03-18T13:19:56","guid":{"rendered":"https:\/\/braco.global\/?post_type=product&#038;p=3919"},"modified":"2022-07-23T17:28:23","modified_gmt":"2022-07-23T17:28:23","slug":"krasa-je-v-nas","status":"publish","type":"product","link":"https:\/\/braco.global\/hr\/shop\/krasa-je-v-nas\/","title":{"rendered":"Kr\u00e1sa je v n\u00e1s"},"content":{"rendered":"<p><strong> Kr\u00e1sa je v n\u00e1s<\/strong><\/p>\n<p><strong>DVD, 31 Minuten<\/strong><\/p>\n<p><strong>DE, EN, HR, ES, SI, CZ, TR<\/strong><\/p>\n<p>Tajemstv\u00ed \u017eivota le\u017e\u00ed v energii, ale tak\u00e9 v na\u0161\u00ed otev\u0159enosti. \u0179ivot m\u016f\u017ee uk\u00e1zat jen tehdy svou kr\u00e1su, kdy\u017e to umo\u017en\u00edme. Dokonce za nemo\u017en\u00fdch okolnost\u00ed \u017eivot najde slunce &#8211; tak je to tak\u00e9 u lid\u00ed.<\/p>\n<p>N\u00e1v\u0161t\u011bvn\u00edci, kte\u0159\u00ed p\u0159ijeli do Slovinska, aby p\u0159ijali do sebe to, co proud\u00ed skrze Brac\u016fv d\u00e1vaj\u00edc\u00ed pohled, mluv\u00ed o tom, jak se jejich \u017eivot zmn\u011bnil k lep\u0161\u00edmu.<\/p>\n<p>Toto DVD povzbuzuje k tomu, b\u00fdt op\u011bt s\u00e1m k sob\u011b l\u00e1skypln\u00fd, pod\u00edvat se do sv\u00e9ho nitra a ocenit kr\u00e1su ka\u017ed\u00e9 \u017eivotn\u00ed bytosti.<\/p>\n","protected":false},"excerpt":{"rendered":"<p>Kr\u00e1sa je v n\u00e1s DVD, 31 Minuten DE, EN, HR, ES, SI, CZ, TR Tajemstv\u00ed \u017eivota le\u017e\u00ed v energii, ale tak\u00e9 v na\u0161\u00ed otev\u0159enosti. \u0179ivot m\u016f\u017ee uk\u00e1zat jen tehdy svou kr\u00e1su, kdy\u017e to umo\u017en\u00edme. Dokonce za nemo\u017en\u00fdch okolnost\u00ed \u017eivot najde slunce &#8211; tak je to tak\u00e9 u lid\u00ed. N\u00e1v\u0161t\u011bvn\u00edci, kte\u0159\u00ed p\u0159ijeli do Slovinska, aby p\u0159ijali [&hellip;]<\/p>\n","protected":false},"featured_media":5440,"template":"","meta":{"_et_pb_use_builder":"","_et_pb_old_content":"","_et_gb_content_width":""},"product_brand":[],"product_cat":[17],"product_tag":[],"class_list":{"0":"post-3919","1":"product","2":"type-product","3":"status-publish","4":"has-post-thumbnail","6":"product_cat-unkategorisiert","8":"first","9":"instock","10":"taxable","11":"shipping-taxable","12":"purchasable","13":"product-type-simple"},"_links":{"self":[{"href":"https:\/\/braco.global\/hr\/wp-json\/wp\/v2\/product\/3919","targetHints":{"allow":["GET"]}}],"collection":[{"href":"https:\/\/braco.global\/hr\/wp-json\/wp\/v2\/product"}],"about":[{"href":"https:\/\/braco.global\/hr\/wp-json\/wp\/v2\/types\/product"}],"wp:featuredmedia":[{"embeddable":true,"href":"https:\/\/braco.global\/hr\/wp-json\/wp\/v2\/media\/5440"}],"wp:attachment":[{"href":"https:\/\/braco.global\/hr\/wp-json\/wp\/v2\/media?parent=3919"}],"wp:term":[{"taxonomy":"product_brand","embeddable":true,"href":"https:\/\/braco.global\/hr\/wp-json\/wp\/v2\/product_brand?post=3919"},{"taxonomy":"product_cat","embeddable":true,"href":"https:\/\/braco.global\/hr\/wp-json\/wp\/v2\/product_cat?post=3919"},{"taxonomy":"product_tag","embeddable":true,"href":"https:\/\/braco.global\/hr\/wp-json\/wp\/v2\/product_tag?post=3919"}],"curies":[{"name":"wp","href":"https:\/\/api.w.org\/{rel}","templated":true}]}}