{"id":282540,"date":"2025-11-16T13:26:23","date_gmt":"2025-11-16T13:26:23","guid":{"rendered":"https:\/\/braco.global\/?post_type=product&#038;p=282540"},"modified":"2025-11-17T18:10:53","modified_gmt":"2025-11-17T18:10:53","slug":"braco-i-pablo-spasavaju-uspavano-covjecanstvo","status":"publish","type":"product","link":"https:\/\/braco.global\/hr\/shop\/braco-i-pablo-spasavaju-uspavano-covjecanstvo\/","title":{"rendered":"BRACO i PABLO SPA\u0160AVAJU USPAVANO \u010cOVJE\u010cANSTVO"},"content":{"rendered":"<p><strong>Dje\u010dja knjiga, 66 stranica,<\/strong><br \/>\n<strong>ilustrirana u boji<\/strong><br \/>\n<strong>Tvrdi uvez<\/strong><\/p>\n<p style=\"font-weight: 400;\">Pred tobom je pri\u010da o Braci i Pablu, dvojici duhovnih junaka koji kre\u0107u na va\u017eno putovanje \u2013 spasiti uspavano \u010dovje\u010danstvo. Nakon \u0161to napuste Zemlju i sa svojeg svemirskog uto\u010di\u0161ta vide da je planet prekriven sivom maglom, odlu\u010duju se vratiti i djelovati. Pretvaraju se u zrake Svjetlosti i po\u010dinju buditi ljude iz duhovnog sna \u2013 one koji su zaboravili na ljubav, zahvalnost, suosje\u0107anje. Poma\u017eu seljaku da spozna vrijednost svojeg konja, ocu da prepozna dje\u010dju ma\u0161tu i alkoholi\u010daru da ponovno prona\u0111e svoju obitelj. No tama ne miruje \u2013 zarobljava Bracu, a Pablo ostaje sam. Ipak, svojim dobrim djelima i ispravnim izborima, on uspijeva. Zemlja ponovno sja, a Braco se vra\u0107a. Ova te pri\u010da podsje\u0107a na to da svatko od nas ima mo\u0107 izabrati Svjetlo u svojem svakodnevnom zemaljskom bivanju. Budi poput Brace i Pabla \u2013 uporan, hrabar i pun ljubavi<\/p>\n","protected":false},"excerpt":{"rendered":"<h6><a href=\"https:\/\/braco.global\/en\/shop\/braco-and-pablo-in-atlantis\/\">\u203a Njema\u010dki<\/a> | <a href=\"https:\/\/braco.global\/en\/shop\/braco-and-pablo-in-atlantis\/\">\u203a Engleski<\/a> | <a href=\"https:\/\/braco.global\/hr\/shop\/braco-i-pablo-put-prema-atlantidi\/\">\u203a Hrvatski<\/a><\/h6>\n","protected":false},"featured_media":282588,"template":"","meta":{"_et_pb_use_builder":"","_et_pb_old_content":"","_et_gb_content_width":""},"product_brand":[],"product_cat":[133,225],"product_tag":[],"class_list":{"0":"post-282540","1":"product","2":"type-product","3":"status-publish","4":"has-post-thumbnail","6":"product_cat-knjige","7":"product_cat-najprodavanije-knjige","8":"product_shipping_class-shipp-hr","10":"first","11":"instock","12":"taxable","13":"shipping-taxable","14":"purchasable","15":"product-type-simple"},"_links":{"self":[{"href":"https:\/\/braco.global\/hr\/wp-json\/wp\/v2\/product\/282540","targetHints":{"allow":["GET"]}}],"collection":[{"href":"https:\/\/braco.global\/hr\/wp-json\/wp\/v2\/product"}],"about":[{"href":"https:\/\/braco.global\/hr\/wp-json\/wp\/v2\/types\/product"}],"wp:featuredmedia":[{"embeddable":true,"href":"https:\/\/braco.global\/hr\/wp-json\/wp\/v2\/media\/282588"}],"wp:attachment":[{"href":"https:\/\/braco.global\/hr\/wp-json\/wp\/v2\/media?parent=282540"}],"wp:term":[{"taxonomy":"product_brand","embeddable":true,"href":"https:\/\/braco.global\/hr\/wp-json\/wp\/v2\/product_brand?post=282540"},{"taxonomy":"product_cat","embeddable":true,"href":"https:\/\/braco.global\/hr\/wp-json\/wp\/v2\/product_cat?post=282540"},{"taxonomy":"product_tag","embeddable":true,"href":"https:\/\/braco.global\/hr\/wp-json\/wp\/v2\/product_tag?post=282540"}],"curies":[{"name":"wp","href":"https:\/\/api.w.org\/{rel}","templated":true}]}}