{"id":281089,"date":"2024-01-04T07:31:17","date_gmt":"2024-01-04T07:31:17","guid":{"rendered":"https:\/\/braco.global\/shop\/zlatna-narukvica-sa-tri-sunca\/"},"modified":"2025-11-11T12:37:55","modified_gmt":"2025-11-11T12:37:55","slug":"zlatna-narukvica-sa-tri-sunca","status":"publish","type":"product","link":"https:\/\/braco.global\/hr\/shop\/zlatna-narukvica-sa-tri-sunca\/","title":{"rendered":"Zlatna narukvica sa tri sunca"},"content":{"rendered":"<ul>\n<li>14 karatno zlato \/ 585<\/li>\n<li>dijamant od oko 0,09 karata<\/li>\n<li>\u0160irina: cca 0,7 cm<\/li>\n<li>Veli\u010dina sunca: promjer cca 0,7 cm<\/li>\n<li>Unisex<\/li>\n<\/ul>\n<div><\/div>\n<div><b>Narukvica se mo\u017ee pa\u017eljivo razdvojiti ili stisnuti za 1-2 cm prilikom stavljanja i skidanja.<br \/>\nTo se tako\u0111er odnosi na to da narukvica pravilno pristaje va\u0161em zape\u0161\u0107u.<\/b><\/div>\n<div><\/div>\n<div>Ako imate bilo kakvih pitanja u vezi s prilagodbom ili rukovanjem, kontaktirajte Claudia Kamp putem e-po\u0161te <a href=\"mailto:ClaudiaKamp999@gmail.com\" target=\"_blank\" rel=\"noopener\">ClaudiaKamp999@gmail.com<\/a> ili telefonom +49152 2860 1844 prije kupnje.<\/div>\n","protected":false},"excerpt":{"rendered":"<p>14 karatno zlato \/ 585 dijamant od oko 0,09 karata \u0160irina: cca 0,7 cm Veli\u010dina sunca: promjer cca 0,7 cm Unisex Narukvica se mo\u017ee pa\u017eljivo razdvojiti ili stisnuti za 1-2 cm prilikom stavljanja i skidanja. To se tako\u0111er odnosi na to da narukvica pravilno pristaje va\u0161em zape\u0161\u0107u. Ako imate bilo kakvih pitanja u vezi s [&hellip;]<\/p>\n","protected":false},"featured_media":282781,"template":"","meta":{"_et_pb_use_builder":"","_et_pb_old_content":"","_et_gb_content_width":""},"product_brand":[],"product_cat":[136],"product_tag":[217],"class_list":{"0":"post-281089","1":"product","2":"type-product","3":"status-publish","4":"has-post-thumbnail","6":"product_cat-simbol-sunca","7":"product_tag-sunsym-allshipp-hr","8":"product_shipping_class-shipp-hr","10":"first","11":"instock","12":"taxable","13":"shipping-taxable","14":"purchasable","15":"product-type-simple"},"_links":{"self":[{"href":"https:\/\/braco.global\/hr\/wp-json\/wp\/v2\/product\/281089","targetHints":{"allow":["GET"]}}],"collection":[{"href":"https:\/\/braco.global\/hr\/wp-json\/wp\/v2\/product"}],"about":[{"href":"https:\/\/braco.global\/hr\/wp-json\/wp\/v2\/types\/product"}],"wp:featuredmedia":[{"embeddable":true,"href":"https:\/\/braco.global\/hr\/wp-json\/wp\/v2\/media\/282781"}],"wp:attachment":[{"href":"https:\/\/braco.global\/hr\/wp-json\/wp\/v2\/media?parent=281089"}],"wp:term":[{"taxonomy":"product_brand","embeddable":true,"href":"https:\/\/braco.global\/hr\/wp-json\/wp\/v2\/product_brand?post=281089"},{"taxonomy":"product_cat","embeddable":true,"href":"https:\/\/braco.global\/hr\/wp-json\/wp\/v2\/product_cat?post=281089"},{"taxonomy":"product_tag","embeddable":true,"href":"https:\/\/braco.global\/hr\/wp-json\/wp\/v2\/product_tag?post=281089"}],"curies":[{"name":"wp","href":"https:\/\/api.w.org\/{rel}","templated":true}]}}