{"id":281058,"date":"2024-01-04T07:04:28","date_gmt":"2024-01-04T07:04:28","guid":{"rendered":"https:\/\/braco.global\/shop\/dijamantni-prsten-sir\/"},"modified":"2025-01-28T18:10:48","modified_gmt":"2025-01-28T18:10:48","slug":"dijamantni-prsten-sir","status":"publish","type":"product","link":"https:\/\/braco.global\/hr\/shop\/dijamantni-prsten-sir\/","title":{"rendered":"\u0160iroki prsten s dijamantima"},"content":{"rendered":"<div><b>Zlatni prsten (\u0161iroki) s velikim dijamantnim suncem<\/b><\/div>\n<div><\/div>\n<ul>\n<li>Unisex<\/li>\n<li>14 karatno zlato \/ 585<\/li>\n<li>dijamant od oko 0,65 karata<\/li>\n<li>\u0160irina na naj\u0161irem mjestu: cca 1,9 cm<\/li>\n<li>Veli\u010dina sunca: promjer cca 1,7 cm<\/li>\n<\/ul>\n<p><strong>Prije narud\u017ebe neka vam nakit odredi veli\u010dinu prstena.<\/strong><\/p>\n<p>Ako \u017eelite naru\u010diti drugu veli\u010dinu prstena, molimo kontaktirajte Claudia Kamp<br \/>\n E-po\u0161ta: <a href=\"mailto:shop@braco.global\">shop@braco.global<\/a><\/p>\n<p><img loading=\"lazy\" decoding=\"async\" class=\"alignnone wp-image-225603\" src=\"https:\/\/braco.global\/wp-content\/uploads\/2022\/08\/ring-groessen.jpg\" alt=\"\" width=\"666\" height=\"501\"><\/p>\n","protected":false},"excerpt":{"rendered":"<p>Zlatni prsten (\u0161iroki) s velikim dijamantnim suncem Unisex 14 karatno zlato \/ 585 dijamant od oko 0,65 karata \u0160irina na naj\u0161irem mjestu: cca 1,9 cm Veli\u010dina sunca: promjer cca 1,7 cm Prije narud\u017ebe neka vam nakit odredi veli\u010dinu prstena. Ako \u017eelite naru\u010diti drugu veli\u010dinu prstena, molimo kontaktirajte Claudia Kamp E-po\u0161ta: shop@braco.global<\/p>\n","protected":false},"featured_media":283100,"template":"","meta":{"_et_pb_use_builder":"","_et_pb_old_content":"","_et_gb_content_width":""},"product_brand":[],"product_cat":[136],"product_tag":[],"class_list":{"0":"post-281058","1":"product","2":"type-product","3":"status-publish","4":"has-post-thumbnail","6":"product_cat-simbol-sunca","7":"product_shipping_class-shippsun-hr","9":"first","10":"instock","11":"taxable","12":"shipping-taxable","13":"purchasable","14":"product-type-variable"},"_links":{"self":[{"href":"https:\/\/braco.global\/hr\/wp-json\/wp\/v2\/product\/281058","targetHints":{"allow":["GET"]}}],"collection":[{"href":"https:\/\/braco.global\/hr\/wp-json\/wp\/v2\/product"}],"about":[{"href":"https:\/\/braco.global\/hr\/wp-json\/wp\/v2\/types\/product"}],"wp:featuredmedia":[{"embeddable":true,"href":"https:\/\/braco.global\/hr\/wp-json\/wp\/v2\/media\/283100"}],"wp:attachment":[{"href":"https:\/\/braco.global\/hr\/wp-json\/wp\/v2\/media?parent=281058"}],"wp:term":[{"taxonomy":"product_brand","embeddable":true,"href":"https:\/\/braco.global\/hr\/wp-json\/wp\/v2\/product_brand?post=281058"},{"taxonomy":"product_cat","embeddable":true,"href":"https:\/\/braco.global\/hr\/wp-json\/wp\/v2\/product_cat?post=281058"},{"taxonomy":"product_tag","embeddable":true,"href":"https:\/\/braco.global\/hr\/wp-json\/wp\/v2\/product_tag?post=281058"}],"curies":[{"name":"wp","href":"https:\/\/api.w.org\/{rel}","templated":true}]}}