{"id":280696,"date":"2023-09-06T07:57:10","date_gmt":"2023-09-06T07:57:10","guid":{"rendered":"https:\/\/braco.global\/shop\/braco-i-pablo-put-prema-atlantidi\/"},"modified":"2025-11-17T18:43:15","modified_gmt":"2025-11-17T18:43:15","slug":"braco-i-pablo-put-prema-atlantidi","status":"publish","type":"product","link":"https:\/\/braco.global\/hr\/shop\/braco-i-pablo-put-prema-atlantidi\/","title":{"rendered":"Braco i Pablo \u2013 put prema atlantidi"},"content":{"rendered":"<p>Dje\u010dja knjiga, 66 stranica,<br \/>\nilustrirana u boji<br \/>\nTvrdi uvez<\/p>\n<p>Sa\u017eetak<\/p>\n<p>Mirno\u0107u i toplinu morske obale na kojoj se odmaraju Pablo i Braco prekinuo je \u010dudesan vrtlog na povr\u0161ini mora neobi\u010dna sirena ulovljena u mre\u017eu Bracina prijatelja, starog ribara. Ona \u0107e im prenijeti poruku o \u0161krinjici punoj zla\u0107anih zraka, stolje\u0107ima zakopanoj u dubinama podmorskoga grada Atlantide. Nju je prona\u0161ao Veliki Mraz i \u017eeli je prodati gusarima. Naravno da Braco \u00ed Pablo to ne\u0107e dopustitiPo\u010dinje njihova morska avantura po bespu\u0107ima podmorja. Na tom putu susrest \u0107e se i s ribicom koja \u0107e ih podsjetiti na va\u017enu ljudsku osobinu &#8211; strpljivost i predanost cilju. Osna\u017eeni mi\u0161lju o skrivenoj \u0161krinjici preobratit \u0107e zlobnog gusara i zajedno do\u010dekati Velikog Mraza. Pro\u010ditajte pri\u010du o Bracinim i Pablovim pustolovinama i otkrijte tajnu o iznimnoj snazi Sunca za cijelo \u010dovje\u010danstvo u borbi protiv zlo\u0107e i tame. Toplina srca i zla\u0107ane iskrice sunca u srcima ljudi najja\u010de su oru\u017eje u svakodnevnim \u017eivotnim borbama maloga \u010dovjeka. Sun\u010deva snaga mo\u017ee zlo preobratiti u dobro i vratiti sklad na\u0161im \u017eivotima.<\/p>\n","protected":false},"excerpt":{"rendered":"<h6><a href=\"https:\/\/braco.global\/en\/shop\/braco-and-pablo-in-atlantis\/\">\u203a Njema\u010dki<\/a> | <a href=\"https:\/\/braco.global\/en\/shop\/braco-and-pablo-in-atlantis\/\">\u203a Engleski<\/a> | <a href=\"https:\/\/braco.global\/hr\/shop\/braco-i-pablo-put-prema-atlantidi\/\">\u203a Hrvatski<\/a><\/h6>\n","protected":false},"featured_media":282600,"template":"","meta":{"_et_pb_use_builder":"","_et_pb_old_content":"","_et_gb_content_width":""},"product_brand":[],"product_cat":[133,225],"product_tag":[],"class_list":{"0":"post-280696","1":"product","2":"type-product","3":"status-publish","4":"has-post-thumbnail","6":"product_cat-knjige","7":"product_cat-najprodavanije-knjige","8":"product_shipping_class-shipp-hr","10":"first","11":"instock","12":"taxable","13":"shipping-taxable","14":"purchasable","15":"product-type-simple"},"_links":{"self":[{"href":"https:\/\/braco.global\/hr\/wp-json\/wp\/v2\/product\/280696","targetHints":{"allow":["GET"]}}],"collection":[{"href":"https:\/\/braco.global\/hr\/wp-json\/wp\/v2\/product"}],"about":[{"href":"https:\/\/braco.global\/hr\/wp-json\/wp\/v2\/types\/product"}],"wp:featuredmedia":[{"embeddable":true,"href":"https:\/\/braco.global\/hr\/wp-json\/wp\/v2\/media\/282600"}],"wp:attachment":[{"href":"https:\/\/braco.global\/hr\/wp-json\/wp\/v2\/media?parent=280696"}],"wp:term":[{"taxonomy":"product_brand","embeddable":true,"href":"https:\/\/braco.global\/hr\/wp-json\/wp\/v2\/product_brand?post=280696"},{"taxonomy":"product_cat","embeddable":true,"href":"https:\/\/braco.global\/hr\/wp-json\/wp\/v2\/product_cat?post=280696"},{"taxonomy":"product_tag","embeddable":true,"href":"https:\/\/braco.global\/hr\/wp-json\/wp\/v2\/product_tag?post=280696"}],"curies":[{"name":"wp","href":"https:\/\/api.w.org\/{rel}","templated":true}]}}