{"id":280324,"date":"2022-08-11T08:10:08","date_gmt":"2022-08-11T08:10:08","guid":{"rendered":"https:\/\/braco.global\/shop\/dijamantni-prsten\/"},"modified":"2024-01-04T20:11:20","modified_gmt":"2024-01-04T20:11:20","slug":"dijamantni-prsten","status":"publish","type":"product","link":"https:\/\/braco.global\/hr\/shop\/dijamantni-prsten\/","title":{"rendered":"Dijamantni prsten"},"content":{"rendered":"<div>\n<ul>\n<li>14 karatno \/ 585 zlato<\/li>\n<li>cca. 0,45 karatnog dijamanta<\/li>\n<li>Veliko sunce cca. 1,5 cm u promjeru<\/li>\n<\/ul>\n<\/div>\n<div><strong>Prije narud\u017ebe neka vam nakit odredi veli\u010dinu prstena, ona je obvezuju\u0107a!<\/strong><\/div>\n<div><\/div>\n<div>Ako \u017eelite naru\u010diti drugu veli\u010dinu prstena, kontaktirajte Claudiu Kamp Po\u0161aljite e-po\u0161tu<\/div>\n<div><a>claudia.kamp@sunce-ev.org<\/a><\/div>\n<div><\/div>\n<div><img loading=\"lazy\" decoding=\"async\" class=\"alignnone wp-image-225603\" src=\"https:\/\/braco.global\/wp-content\/uploads\/2022\/08\/ring-groessen.jpg\" alt=\"\" width=\"688\" height=\"518\"><\/div>\n","protected":false},"excerpt":{"rendered":"<p>14 karatno \/ 585 zlato cca. 0,45 karatnog dijamanta Veliko sunce cca. 1,5 cm u promjeru Prije narud\u017ebe neka vam nakit odredi veli\u010dinu prstena, ona je obvezuju\u0107a! Ako \u017eelite naru\u010diti drugu veli\u010dinu prstena, kontaktirajte Claudiu Kamp Po\u0161aljite e-po\u0161tu claudia.kamp@sunce-ev.org<\/p>\n","protected":false},"featured_media":282839,"template":"","meta":{"_et_pb_use_builder":"","_et_pb_old_content":"","_et_gb_content_width":""},"product_brand":[],"product_cat":[136],"product_tag":[217],"class_list":{"0":"post-280324","1":"product","2":"type-product","3":"status-publish","4":"has-post-thumbnail","6":"product_cat-simbol-sunca","7":"product_tag-sunsym-allshipp-hr","8":"product_shipping_class-shipp-hr","10":"first","11":"instock","12":"taxable","13":"shipping-taxable","14":"purchasable","15":"product-type-variable"},"_links":{"self":[{"href":"https:\/\/braco.global\/hr\/wp-json\/wp\/v2\/product\/280324","targetHints":{"allow":["GET"]}}],"collection":[{"href":"https:\/\/braco.global\/hr\/wp-json\/wp\/v2\/product"}],"about":[{"href":"https:\/\/braco.global\/hr\/wp-json\/wp\/v2\/types\/product"}],"wp:featuredmedia":[{"embeddable":true,"href":"https:\/\/braco.global\/hr\/wp-json\/wp\/v2\/media\/282839"}],"wp:attachment":[{"href":"https:\/\/braco.global\/hr\/wp-json\/wp\/v2\/media?parent=280324"}],"wp:term":[{"taxonomy":"product_brand","embeddable":true,"href":"https:\/\/braco.global\/hr\/wp-json\/wp\/v2\/product_brand?post=280324"},{"taxonomy":"product_cat","embeddable":true,"href":"https:\/\/braco.global\/hr\/wp-json\/wp\/v2\/product_cat?post=280324"},{"taxonomy":"product_tag","embeddable":true,"href":"https:\/\/braco.global\/hr\/wp-json\/wp\/v2\/product_tag?post=280324"}],"curies":[{"name":"wp","href":"https:\/\/api.w.org\/{rel}","templated":true}]}}