{"id":280250,"date":"2020-06-23T16:53:04","date_gmt":"2020-06-23T16:53:04","guid":{"rendered":"https:\/\/braco.global\/shop\/drago-plecko-misterij-braco-2-2\/"},"modified":"2023-06-05T07:21:38","modified_gmt":"2023-06-05T07:21:38","slug":"drago-plecko-misterij-braco-2-2","status":"publish","type":"product","link":"https:\/\/braco.global\/hr\/shop\/drago-plecko-misterij-braco-2-2\/","title":{"rendered":"Misterij Braco 2"},"content":{"rendered":"<p><strong>Misterij Braco 2 <span class=\"text_product_detail\">Drago Ple\u010dko<\/span><\/strong><\/p>\n<p>&nbsp;<\/p>\n<p><strong>Hardcover, 168 Seiten, mit innenliegender DVD<\/strong><\/p>\n<p>U svojoj drugoj knjizi <em><strong>Drago Ple\u010dko opisuje<\/strong><\/em>, polaze\u0107i od intenzivnih razgovora s Bracom i mnogobrojnim posjetiteljima, klju\u010dni moment za pripremu susreta s Bracinim darovanim pogledom. Pritom je u sredi\u0161tu osloba\u0111anje od vlasite \u017eelje, predo\u0111be i plana. Na taj na\u010din nastaje vrijedno upozorenje Brace za ljude, koji se na svoj susret s njim trebaju duhovno uskladiti. Dodatno opisuje i komentira Ple\u010dko svoje osobne do\u017eivljaje u zajedni\u010dkom radu s Bracom. Ta opa\u017eanja on dojmljivo stavlja u odnos sa stvarno\u0161\u0107u, koju je on do tada osobno upoznao. der Zusammenarbeit mit Braco. Diese Beobachtungen setzt er eindrucksvoll in Beziehung zu den Wahrheiten, die er bisher f\u00fcr sich erkannt hat.<\/p>\n","protected":false},"excerpt":{"rendered":"<p>Misterij Braco 2 Drago Ple\u010dko &nbsp; Hardcover, 168 Seiten, mit innenliegender DVD U svojoj drugoj knjizi Drago Ple\u010dko opisuje, polaze\u0107i od intenzivnih razgovora s Bracom i mnogobrojnim posjetiteljima, klju\u010dni moment za pripremu susreta s Bracinim darovanim pogledom. Pritom je u sredi\u0161tu osloba\u0111anje od vlasite \u017eelje, predo\u0111be i plana. Na taj na\u010din nastaje vrijedno upozorenje Brace [&hellip;]<\/p>\n","protected":false},"featured_media":229323,"template":"","meta":{"_et_pb_use_builder":"","_et_pb_old_content":"","_et_gb_content_width":""},"product_brand":[],"product_cat":[133],"product_tag":[],"class_list":{"0":"post-280250","1":"product","2":"type-product","3":"status-publish","4":"has-post-thumbnail","6":"product_cat-knjige","7":"product_shipping_class-shipp-hr","9":"first","10":"instock","11":"taxable","12":"shipping-taxable","13":"purchasable","14":"product-type-simple"},"_links":{"self":[{"href":"https:\/\/braco.global\/hr\/wp-json\/wp\/v2\/product\/280250","targetHints":{"allow":["GET"]}}],"collection":[{"href":"https:\/\/braco.global\/hr\/wp-json\/wp\/v2\/product"}],"about":[{"href":"https:\/\/braco.global\/hr\/wp-json\/wp\/v2\/types\/product"}],"wp:featuredmedia":[{"embeddable":true,"href":"https:\/\/braco.global\/hr\/wp-json\/wp\/v2\/media\/229323"}],"wp:attachment":[{"href":"https:\/\/braco.global\/hr\/wp-json\/wp\/v2\/media?parent=280250"}],"wp:term":[{"taxonomy":"product_brand","embeddable":true,"href":"https:\/\/braco.global\/hr\/wp-json\/wp\/v2\/product_brand?post=280250"},{"taxonomy":"product_cat","embeddable":true,"href":"https:\/\/braco.global\/hr\/wp-json\/wp\/v2\/product_cat?post=280250"},{"taxonomy":"product_tag","embeddable":true,"href":"https:\/\/braco.global\/hr\/wp-json\/wp\/v2\/product_tag?post=280250"}],"curies":[{"name":"wp","href":"https:\/\/api.w.org\/{rel}","templated":true}]}}