{"id":230487,"date":"2020-03-18T14:46:44","date_gmt":"2020-03-18T14:46:44","guid":{"rendered":"https:\/\/braco.global\/shop\/ison-jaerkytyksen-jaelkeen-of-j-g-braco\/"},"modified":"2020-03-18T14:46:44","modified_gmt":"2020-03-18T14:46:44","slug":"ison-jaerkytyksen-jaelkeen","status":"publish","type":"product","link":"https:\/\/braco.global\/hr\/shop\/ison-jaerkytyksen-jaelkeen\/","title":{"rendered":"ISON J\u00c4RKYTYKSEN J\u00c4LKEEN &#8211; of J.G. Braco"},"content":{"rendered":"<p><strong>ISON J\u00c4RKYTYKSEN J\u00c4LKEEN &#8211; of J.G. Braco<br \/>\n<\/strong><\/p>\n<p><strong>Taskukirja, 168 sivua<\/strong><\/p>\n<p>T\u00e4m\u00e4 kirja sis\u00e4lt\u00e4\u00e4 Bracon kirjoittamat kirjat \u201dHer\u00e4tys\u201d ja \u201dAurinko\u201d.<\/p>\n<p>Vuonna 1993 Braco tapasi Ivica Prokicin. H\u00e4nen ty\u00f6ns\u00e4 auttaa ihmisi\u00e4 erityisen lahjansa kautta muutti Bracon el\u00e4m\u00e4n pysyv\u00e4sti. Huhtikuussa 1995 Braco menetti mentorinsa ja parhaan yst\u00e4v\u00e4ns\u00e4 traagisessa tapaturmassa. T\u00e4ss\u00e4 kirjassa Braco kertoo, mill\u00e4 tavalla h\u00e4nest\u00e4 tuli Ivican vision jatkaja ja miten h\u00e4n l\u00f6ysi omat kykyns\u00e4 auttaa ihmisi\u00e4 l\u00f6yt\u00e4m\u00e4\u00e4n parempi el\u00e4m\u00e4. T\u00e4m\u00e4n kirjan lukeminen antaa toivoa \u2013 ison j\u00e4rkytyksen j\u00e4lkeen.<\/p>\n<p>T\u00e4ss\u00e4 ajattomassa kirjassa k\u00e4sitell\u00e4\u00e4n my\u00f6s Bracon el\u00e4m\u00e4nkatsomusta, joka on ainutlaatuinen, luonnonl\u00e4heinen ja oivalluksia her\u00e4tt\u00e4v\u00e4. Se n\u00e4ytt\u00e4\u00e4, mill\u00e4 tavalla monista haasteista huolimatta pystyy saavuttamaan paremman el\u00e4m\u00e4n ja antaa toivoa meille, tulevaisuudelle ja tulevaisuuden sukupolville. T\u00e4m\u00e4 erityinen kirja on parasta lukea aina yh\u00e4 uudelleen.<\/p>\n","protected":false},"excerpt":{"rendered":"<h6>\u203a <a href=\"https:\/\/braco.global\/shop\/nach-der-grossen-tragoedie-von-josip-g-braco\/\">German<\/a> | \u203a <a href=\"https:\/\/braco.global\/en\/shop\/after-the-great-tragedy-of-josip-g-braco\/\">English<\/a> | \u203a <a href=\"https:\/\/braco.global\/hr\/shop\/nakon-velike-tragedije-josipa-g-braca\/\">Croatian<\/a> | \u203a <a href=\"https:\/\/braco.global\/shop\/%D1%81%D0%BB%D0%B5%D0%B4-%D0%B3%D0%BE%D0%BB%D1%8F%D0%BC%D0%B0%D1%82%D0%B0-%D1%82%D1%80%D0%B0%D0%B3%D0%B5%D0%B4%D0%B8%D1%8F\/\">Bulgarian<\/a> | \u203a <a href=\"https:\/\/braco.global\/shop\/ison-jaerkytyksen-jaelkeen\/\">Finnish<\/a> | \u203a <a href=\"https:\/\/braco.global\/shop\/na-de-grote-tragedie-van-j-g-braco\/\">Dutch<\/a> | \u203a <a href=\"https:\/\/braco.global\/shop\/despues-de-la-gran-tragedia-por-j-g-braco\/\">Spanish<\/a> | \u203a <a href=\"https:\/\/braco.global\/shop\/po-velke-tragedii-od-j-g-braco\/\">Czech<\/a> | \u203a <a href=\"https:\/\/braco.global\/shop\/bueyuek-trajediden-sonra-j-g-braco\/\">Turkish<\/a><\/h6>\n","protected":false},"featured_media":229583,"template":"","meta":{"_et_pb_use_builder":"","_et_pb_old_content":"","_et_gb_content_width":""},"product_brand":[],"product_cat":[198,197],"product_tag":[],"class_list":{"0":"post-230487","1":"product","2":"type-product","3":"status-publish","4":"has-post-thumbnail","6":"product_cat-fin-hr","7":"product_cat-other-languages-hr","8":"product_shipping_class-shipp-hr","10":"first","11":"instock","12":"taxable","13":"shipping-taxable","14":"purchasable","15":"product-type-simple"},"_links":{"self":[{"href":"https:\/\/braco.global\/hr\/wp-json\/wp\/v2\/product\/230487","targetHints":{"allow":["GET"]}}],"collection":[{"href":"https:\/\/braco.global\/hr\/wp-json\/wp\/v2\/product"}],"about":[{"href":"https:\/\/braco.global\/hr\/wp-json\/wp\/v2\/types\/product"}],"wp:featuredmedia":[{"embeddable":true,"href":"https:\/\/braco.global\/hr\/wp-json\/wp\/v2\/media\/229583"}],"wp:attachment":[{"href":"https:\/\/braco.global\/hr\/wp-json\/wp\/v2\/media?parent=230487"}],"wp:term":[{"taxonomy":"product_brand","embeddable":true,"href":"https:\/\/braco.global\/hr\/wp-json\/wp\/v2\/product_brand?post=230487"},{"taxonomy":"product_cat","embeddable":true,"href":"https:\/\/braco.global\/hr\/wp-json\/wp\/v2\/product_cat?post=230487"},{"taxonomy":"product_tag","embeddable":true,"href":"https:\/\/braco.global\/hr\/wp-json\/wp\/v2\/product_tag?post=230487"}],"curies":[{"name":"wp","href":"https:\/\/api.w.org\/{rel}","templated":true}]}}