{"id":229189,"date":"2022-07-24T06:39:57","date_gmt":"2022-07-24T06:39:57","guid":{"rendered":"https:\/\/braco.global\/shop\/braco-i-njegov-tihi-pogled\/"},"modified":"2023-05-24T08:44:31","modified_gmt":"2023-05-24T08:44:31","slug":"braco-i-njegov-tihi-pogled-ebook","status":"publish","type":"product","link":"https:\/\/braco.global\/hr\/shop\/braco-i-njegov-tihi-pogled-ebook\/","title":{"rendered":"Braco i njegov tihi pogled"},"content":{"rendered":"<p><strong>Matthias Kamp, dr. med<\/strong><\/p>\n<p>E-Book (ePUB + PDF)<\/p>\n<p>\u201eOdlu\u010dila sam otvoriti srce ovom \u010dovjeku koji samo gleda u miru, barem na pet minuta. Tijekom susreta osjetila sam toliko ljubavi, vi\u0161e nego \u0161to sam ikad mogla zamisliti \u2013 \u010distu ljubav. Osjetila sam se voljenom. To\u010dno tog dana su sve moje boli nestale.\u201c \u201eTo je jedno jako intenzivno svjetlo koje on budi u ljudima\u2026\u201c \u201eNe mogu to objasniti. Da mogu objasniti, ne bi bilo tako divno.\u201c \u201eKad me pogledao, imao sam osje\u0107aj kao da mi je netko izbrisao sve brige.\u201c (posjetitelji u Njema\u010dkoj, Austriji, \u0160vicarskoj i SAD-u nakon doga\u0111anja s Bracom) Impresivno je stajati ispred osobe koja posjetitelje svojih doga\u0111anja jednostavno samo gleda u ti\u0161ini. Nema zanosnog govora, novih doktrina ili mudrosti \u2013 i prije svega, nove religije \u2013 samo ti\u0161ina. Braco ima hrabrosti stati pred tisu\u0107e ljudi na doga\u0111anjima i kongresima. On posjeduje, kako neki znanstvenici ka\u017eu, poseban dar. 2012. godine je dobio nagradu za mir u UN-u, u New Yorku. Lije\u010dnik iz Njema\u010dke napisao je ovu knjigu nakon vlastitog intenzivnog iskustva s Bracom i njegovim pogledom. Sadr\u017ei izvje\u0161\u0107e o iskustvima vi\u0161e od 70 posjetitelja doga\u0111anja s Bracom, me\u0111u kojima su i lije\u010dnici, psiholozi, istra\u017eiva\u010di svijesti i znanstvenici iz podru\u010dja fizike, biokemije, zdravstvenih znanosti, istra\u017eiva\u010di svijesti i teolozi. Izravna iskustva posjetitelja i stru\u010dnost znanstvenika \u010ditatelja pribli\u017eavaju nepoznatome koje nema ime, a kroz Bracin pogled ljudima poma\u017ee i donosi sre\u0107u.<\/p>\n","protected":false},"excerpt":{"rendered":"<h6>\u203a <a href=\"https:\/\/braco.global\/shop\/braco-und-sein-stiller-blick-dokumentation-ebook\/\">Njema\u010dki<\/a> | \u203a <a href=\"https:\/\/braco.global\/en\/shop\/braco-and-his-silent-gaze-ebook\/\">Engleski<\/a> | <a href=\"https:\/\/braco.global\/hr\/shop\/tajna-braco-3\">\u203a<\/a> <a href=\"https:\/\/braco.global\/hr\/shop\/braco-i-njegov-tihi-pogled-ebook\/\">Hrvatski<\/a><\/h6>\n","protected":false},"featured_media":229035,"template":"","meta":{"_et_pb_use_builder":"","_et_pb_old_content":"","_et_gb_content_width":""},"product_brand":[],"product_cat":[137],"product_tag":[],"class_list":{"0":"post-229189","1":"product","2":"type-product","3":"status-publish","4":"has-post-thumbnail","6":"product_cat-e-knjige","8":"first","9":"instock","10":"downloadable","11":"virtual","12":"taxable","13":"purchasable","14":"product-type-simple"},"_links":{"self":[{"href":"https:\/\/braco.global\/hr\/wp-json\/wp\/v2\/product\/229189","targetHints":{"allow":["GET"]}}],"collection":[{"href":"https:\/\/braco.global\/hr\/wp-json\/wp\/v2\/product"}],"about":[{"href":"https:\/\/braco.global\/hr\/wp-json\/wp\/v2\/types\/product"}],"wp:featuredmedia":[{"embeddable":true,"href":"https:\/\/braco.global\/hr\/wp-json\/wp\/v2\/media\/229035"}],"wp:attachment":[{"href":"https:\/\/braco.global\/hr\/wp-json\/wp\/v2\/media?parent=229189"}],"wp:term":[{"taxonomy":"product_brand","embeddable":true,"href":"https:\/\/braco.global\/hr\/wp-json\/wp\/v2\/product_brand?post=229189"},{"taxonomy":"product_cat","embeddable":true,"href":"https:\/\/braco.global\/hr\/wp-json\/wp\/v2\/product_cat?post=229189"},{"taxonomy":"product_tag","embeddable":true,"href":"https:\/\/braco.global\/hr\/wp-json\/wp\/v2\/product_tag?post=229189"}],"curies":[{"name":"wp","href":"https:\/\/api.w.org\/{rel}","templated":true}]}}