{"id":229179,"date":"2022-08-03T19:27:48","date_gmt":"2022-08-03T19:27:48","guid":{"rendered":"https:\/\/braco.global\/shop\/bracin-pogled\/"},"modified":"2023-05-26T07:26:49","modified_gmt":"2023-05-26T07:26:49","slug":"bracos-pogled-1","status":"publish","type":"product","link":"https:\/\/braco.global\/hr\/shop\/bracos-pogled-1\/","title":{"rendered":"Bracin pogled"},"content":{"rendered":"<p><strong>Bracin pogled<\/strong><br \/>\n<strong>Prof. Dr. Vladimir Gruden<\/strong><\/p>\n<p>E-Book (ePUB + PDF)<\/p>\n<p>Ova je knjiga ne\u010duveno, fantasti\u010dno i osvje\u017eavaju\u0107e \u017eiva, pro\u017eeta nadom! Dr. Gruden je kao Joseph Campbell i Master Yoda u jednom. On nam donosi bogatu pri\u010du o \u201enama\u201d i o tome kako mo\u017eemo prona\u0107i i zadr\u017eati najdra\u017ee \u017eivotno blago. Braco je klju\u010dni uzor koji \u010dovje\u010danstvu pokazuje put za uspje\u0161no putovanje, a uvid Dr. Grudena u snagu iza Bracine ti\u0161ine i dara fenomenalan je. \u201eBracin pogled \u2013 Nepoznata beskona\u010dnost\u201d promijenit \u0107e \u017eivote i donijeti optimizam i nadu tamo gdje je nema. Angelika Whitecliff (Autorica knjige 21 dan s Bracom)<\/p>\n","protected":false},"excerpt":{"rendered":"<h6>\u203a <a href=\"https:\/\/braco.global\/shop\/bracos-blick-1\/\">Njema\u010dki<\/a> | \u203a <a href=\"https:\/\/braco.global\/en\/shop\/bracos-gaze-1\/\">Engleski<\/a> | \u203a <a href=\"https:\/\/braco.global\/hr\/shop\/bracos-pogled-1\/\">Hrvatski<\/a><\/h6>\n","protected":false},"featured_media":229180,"template":"","meta":{"_et_pb_use_builder":"","_et_pb_old_content":"","_et_gb_content_width":""},"product_brand":[],"product_cat":[137],"product_tag":[],"class_list":{"0":"post-229179","1":"product","2":"type-product","3":"status-publish","4":"has-post-thumbnail","6":"product_cat-e-knjige","7":"product_shipping_class-digital-download-hr","9":"first","10":"instock","11":"downloadable","12":"virtual","13":"taxable","14":"purchasable","15":"product-type-simple"},"_links":{"self":[{"href":"https:\/\/braco.global\/hr\/wp-json\/wp\/v2\/product\/229179","targetHints":{"allow":["GET"]}}],"collection":[{"href":"https:\/\/braco.global\/hr\/wp-json\/wp\/v2\/product"}],"about":[{"href":"https:\/\/braco.global\/hr\/wp-json\/wp\/v2\/types\/product"}],"wp:featuredmedia":[{"embeddable":true,"href":"https:\/\/braco.global\/hr\/wp-json\/wp\/v2\/media\/229180"}],"wp:attachment":[{"href":"https:\/\/braco.global\/hr\/wp-json\/wp\/v2\/media?parent=229179"}],"wp:term":[{"taxonomy":"product_brand","embeddable":true,"href":"https:\/\/braco.global\/hr\/wp-json\/wp\/v2\/product_brand?post=229179"},{"taxonomy":"product_cat","embeddable":true,"href":"https:\/\/braco.global\/hr\/wp-json\/wp\/v2\/product_cat?post=229179"},{"taxonomy":"product_tag","embeddable":true,"href":"https:\/\/braco.global\/hr\/wp-json\/wp\/v2\/product_tag?post=229179"}],"curies":[{"name":"wp","href":"https:\/\/api.w.org\/{rel}","templated":true}]}}