{"id":229169,"date":"2022-08-03T19:28:10","date_gmt":"2022-08-03T19:28:10","guid":{"rendered":"https:\/\/braco.global\/shop\/bracin-pogled-2\/"},"modified":"2023-05-26T06:57:59","modified_gmt":"2023-05-26T06:57:59","slug":"bracin-pogled-2-2","status":"publish","type":"product","link":"https:\/\/braco.global\/hr\/shop\/bracin-pogled-2-2\/","title":{"rendered":"Bracin pogled 2"},"content":{"rendered":"<p><strong>Bracin pogled 2<br \/>\nProf. Dr. Vladimir Gruden<\/strong><\/p>\n<p>E-Book (ePUB + PDF)<\/p>\n<p>U Bracinom pogledu 2: Nepoznata vje\u010dnost, prof. dr. Vladimir Gruden nastavlja potragu za razumijevanjem nepoznate snage povezane s Bracinim daruju\u0107im pogledom koja je zapo\u010dela u prvoj knjizi, do sada pokazuju\u0107i ljudima kako se najskriveniji utjecaji nalaze unutar njih samih. Prof. dr. Gruden doti\u010de se prostranih pitanja uma, du\u0161e i Boga kako bi na najbolji mogu\u0107i na\u010din osna\u017eio pojedince svje\u017eim pogledima. Njegova vje\u0161ta obja\u0161njenja i primjeri vode \u010ditatelje kroz dubinu i tajanstvenost njihove vlastite svjesnosti. Nude\u0107i nam putokaz koji otkriva na\u0161u najvrjedniju imovinu, Gruden osvjetljava razli\u010dite mogu\u0107nosti dostupne svima koji dolaze iskusiti potencijal Bracina pogleda koji mo\u017ee promijeniti \u017eivote i iscijeliti. Za vrijeme Grudenove zna\u010dajne i cjelo\u017eivotne karijere psihijatra, on je stekao izvornu mudrost i nudi revolucionarne poglede o na\u0161im potencijalima i o tome kako mo\u017eemo posti\u0107i sve najbolje u svim podru\u010djima na\u0161ih \u017eivota. Gruden razja\u0161njava put kroz zastarjele ideje, iskrivljene vrijednosti i pogre\u0161na uvjerenja, uklanja paniku i poma\u017ee ljudima da se \u201ciznutra podignu\u201d kako bi ostvarili zdraviju i sretniju \u017eivotnu osnovu. U svemu tome Bracin pogled predstavlja \u010dudnovat, no i vrlo tajanstven put. Prof. dr. Gruden pritom nam osvjetljava pitanje za\u0161toje Bracin jedinstven pogled pomogao u lije\u010denju nebrojeno mnogo pojedinaca iz svih dijelova svijeta i s razli\u010ditim vrstama pote\u0161ko\u0107a i problema. Svatko tko se susretne s Bracinim pogledom prona\u0107i \u0107e neprocjenjive upute koje se ovdje nude da bi se oslobodili pogre\u0161nih zaklju\u010daka koji nas dr\u017ee podalje od ve\u0107e i sna\u017enije samoispunjenosti. Mudar, a ponekad i duhovit u\u010ditelj, prof. dr. Gruden obja\u0161njava kako se otvoriti toj snazi ti\u0161ine\u2026 I nepoznatom\u2026 I primiti maksimalno kroz vlastiti susret s beskona\u010dnim mogu\u0107nostima Bracina pogleda.<\/p>\n<p><a href=\"https:\/\/www.amazon.de\/Bracos-Blick-Prof-Vladimir-Gruden-ebook\/dp\/B07C53BFSG\/\" target=\"_blank\" rel=\"noopener noreferrer\">Amazon<\/a><\/p>\n","protected":false},"excerpt":{"rendered":"<p>&nbsp;<\/p>\n<h6>\u203a <a href=\"https:\/\/braco.global\/shop\/bracos-blick-2-2\/\">Njema\u010dki<\/a> | \u203a <a href=\"https:\/\/braco.global\/en\/shop\/bracos-gaze-1-2\/\">Engleski<\/a> <a href=\"https:\/\/braco.global\/hr\/shop\/tajna-braco-3\">|<\/a> \u203a <a href=\"https:\/\/braco.global\/hr\/shop\/bracin-pogled-2-2\/\">Hrvatski<\/a><\/h6>\n","protected":false},"featured_media":229170,"template":"","meta":{"_et_pb_use_builder":"","_et_pb_old_content":"","_et_gb_content_width":""},"product_brand":[],"product_cat":[137],"product_tag":[],"class_list":{"0":"post-229169","1":"product","2":"type-product","3":"status-publish","4":"has-post-thumbnail","6":"product_cat-e-knjige","7":"product_shipping_class-digital-download-hr","9":"first","10":"instock","11":"downloadable","12":"virtual","13":"taxable","14":"purchasable","15":"product-type-simple"},"_links":{"self":[{"href":"https:\/\/braco.global\/hr\/wp-json\/wp\/v2\/product\/229169","targetHints":{"allow":["GET"]}}],"collection":[{"href":"https:\/\/braco.global\/hr\/wp-json\/wp\/v2\/product"}],"about":[{"href":"https:\/\/braco.global\/hr\/wp-json\/wp\/v2\/types\/product"}],"wp:featuredmedia":[{"embeddable":true,"href":"https:\/\/braco.global\/hr\/wp-json\/wp\/v2\/media\/229170"}],"wp:attachment":[{"href":"https:\/\/braco.global\/hr\/wp-json\/wp\/v2\/media?parent=229169"}],"wp:term":[{"taxonomy":"product_brand","embeddable":true,"href":"https:\/\/braco.global\/hr\/wp-json\/wp\/v2\/product_brand?post=229169"},{"taxonomy":"product_cat","embeddable":true,"href":"https:\/\/braco.global\/hr\/wp-json\/wp\/v2\/product_cat?post=229169"},{"taxonomy":"product_tag","embeddable":true,"href":"https:\/\/braco.global\/hr\/wp-json\/wp\/v2\/product_tag?post=229169"}],"curies":[{"name":"wp","href":"https:\/\/api.w.org\/{rel}","templated":true}]}}