{"id":229164,"date":"2022-08-03T19:28:53","date_gmt":"2022-08-03T19:28:53","guid":{"rendered":"https:\/\/braco.global\/shop\/braco-knjiga-za-tebe-2\/"},"modified":"2023-05-26T06:56:24","modified_gmt":"2023-05-26T06:56:24","slug":"braco-knjiga-za-tebe-2","status":"publish","type":"product","link":"https:\/\/braco.global\/hr\/shop\/braco-knjiga-za-tebe-2\/","title":{"rendered":"Knjiga za tebe 2"},"content":{"rendered":"<p><strong>Knjiga za tebe 2<br \/>\n<\/strong><\/p>\n<p>E-Book (ePUB + PDF)<\/p>\n<p>Druga knjiga od Sead Alics nudi nam uvide koja otvaraja srca u va\u017ena podru\u010dja \u017eivota: povjerenje, otvorenost, ljubav, prijateljstvo i prirodu. Izvje\u0161taji o razli\u0107itim do\u017eivljajima i spoznajama posjetitelja zaokru\u017euju ovu knjigu. Zahvaljuju\u0107i raznovrsnim Bracinim slikama-koje nam sli\u0107no kao Bracin pogled nude to \u0161to je ustvari nevidljivo, ali mo\u017ee nas usre\u0107iti. \u201eOpustite se\u201c, izgleda da nam govori \u010dovjek koji nam potpuno opu\u0161ten otvara vrata. Budite prirodni-izra\u017eavaju pokreti toga \u010dovjeka koji svaki slobodan trenutak posve\u0107uje ljepoti i snazi prirode. \u201eBudite Ovdje i Sada.\u201c Stvoreni smo iz iste materije, iz koje su stvorene najudaljenije galaksije. Sakupimo univerzum u nama i budimo jedan trenutak tako \u0161iroki, veliki, otvoreni i prekrasni kao i sam univerzum. Pogledajmo mir toga \u010dovjeka koji je ujedinjen sa mirom i redom, sa ljepotom, sa rije\u0107i i sa simbolom svijeta. Poku\u0161ajmo na\u0107i kanal u nama kroz kojega \u0107e isti blagoslov i isto bogastvo u\u0107i i u na\u0161a tijela. Ponekada ka\u017eemo: \u201eSamo nam Nebo mo\u017ee pomo\u0107.\u201c Ali pomognimo Nebu da nam ono mo\u017ee pomo\u0107i. Otvorimo se prema njemu, onako kako se Braco otvara prema Nebu, prirodi, ti\u0161ini, vodi, cvrkutanju ptica i ljudima.<\/p>\n","protected":false},"excerpt":{"rendered":"<h6>\u203a <a href=\"https:\/\/braco.global\/shop\/braco-fuer-dich-2\/\">njema\u010dki<\/a> | \u203a <a href=\"https:\/\/braco.global\/hr\/shop\/braco-knjiga-za-tebe-2\/\">hrvatski<\/a><\/h6>\n","protected":false},"featured_media":229165,"template":"","meta":{"_et_pb_use_builder":"","_et_pb_old_content":"","_et_gb_content_width":""},"product_brand":[],"product_cat":[137],"product_tag":[],"class_list":{"0":"post-229164","1":"product","2":"type-product","3":"status-publish","4":"has-post-thumbnail","6":"product_cat-e-knjige","7":"product_shipping_class-digital-download-hr","9":"first","10":"instock","11":"downloadable","12":"virtual","13":"taxable","14":"purchasable","15":"product-type-simple"},"_links":{"self":[{"href":"https:\/\/braco.global\/hr\/wp-json\/wp\/v2\/product\/229164","targetHints":{"allow":["GET"]}}],"collection":[{"href":"https:\/\/braco.global\/hr\/wp-json\/wp\/v2\/product"}],"about":[{"href":"https:\/\/braco.global\/hr\/wp-json\/wp\/v2\/types\/product"}],"wp:featuredmedia":[{"embeddable":true,"href":"https:\/\/braco.global\/hr\/wp-json\/wp\/v2\/media\/229165"}],"wp:attachment":[{"href":"https:\/\/braco.global\/hr\/wp-json\/wp\/v2\/media?parent=229164"}],"wp:term":[{"taxonomy":"product_brand","embeddable":true,"href":"https:\/\/braco.global\/hr\/wp-json\/wp\/v2\/product_brand?post=229164"},{"taxonomy":"product_cat","embeddable":true,"href":"https:\/\/braco.global\/hr\/wp-json\/wp\/v2\/product_cat?post=229164"},{"taxonomy":"product_tag","embeddable":true,"href":"https:\/\/braco.global\/hr\/wp-json\/wp\/v2\/product_tag?post=229164"}],"curies":[{"name":"wp","href":"https:\/\/api.w.org\/{rel}","templated":true}]}}