{"id":229159,"date":"2022-08-03T19:29:33","date_gmt":"2022-08-03T19:29:33","guid":{"rendered":"https:\/\/braco.global\/shop\/braco-knjiga-za-tebe\/"},"modified":"2023-06-05T06:00:18","modified_gmt":"2023-06-05T06:00:18","slug":"knjiga-za-tebe","status":"publish","type":"product","link":"https:\/\/braco.global\/hr\/shop\/knjiga-za-tebe\/","title":{"rendered":"Knjiga za tebe"},"content":{"rendered":"<p><strong>Knjiga za tebe<br \/>\n<\/strong><\/p>\n<p>E-Book (ePUB + PDF)<\/p>\n<p>Svako lice zra\u010di posebnom ljepotom, kao \u0161to je i svaka zemlja lijepa na svoj na\u010din. Svako lice je lijepo na svoj na\u010din, kao \u0161to svaka zemlja odi\u0161e nekom posebnom ljepotom. Tajna \u017eivota le\u017ei u energiji koja nas pokre\u0107e. Tajna \u017eivota le\u017ei u otvorenosti kojom primamo snagu vjetra, drhtaje zemlje, titraje visina, mirise cvije\u0107a, auru ispru\u017eenih ruku, beskrajnu energiju sunca, neopisiva vibracija svemira . Ako ne mo\u017eemo sami, Braco \u0107e nam pomo\u0107i. Kad padne mrak, upalimo svjetlo. Kad smo bolesni, uzimamo lijekove. Ali svako svjetlo ostavlja sjenu. Sjena koja tako\u0111er mo\u017ee biti lijepa i privla\u010dna; sjena koja nas tjera da shvatimo da smo mali i vidljivi samo kad nas obasja sunce. Jedina svjetlost koja ne baca sjenu je svjetlost koju nosimo u sebi: svjetlost ljubavi. <\/p>\n","protected":false},"excerpt":{"rendered":"<h6>\u203a <a href=\"https:\/\/braco.global\/shop\/braco-fuer-dich\/\">njema\u010dki<\/a> | \u203a <a href=\"https:\/\/braco.global\/hr\/shop\/knjiga-za-tebe\/\">hrvatski<\/a><\/h6>\n","protected":false},"featured_media":229160,"template":"","meta":{"_et_pb_use_builder":"","_et_pb_old_content":"","_et_gb_content_width":""},"product_brand":[],"product_cat":[137],"product_tag":[],"class_list":{"0":"post-229159","1":"product","2":"type-product","3":"status-publish","4":"has-post-thumbnail","6":"product_cat-e-knjige","7":"product_shipping_class-digital-download-hr","9":"first","10":"instock","11":"downloadable","12":"virtual","13":"taxable","14":"purchasable","15":"product-type-simple"},"_links":{"self":[{"href":"https:\/\/braco.global\/hr\/wp-json\/wp\/v2\/product\/229159","targetHints":{"allow":["GET"]}}],"collection":[{"href":"https:\/\/braco.global\/hr\/wp-json\/wp\/v2\/product"}],"about":[{"href":"https:\/\/braco.global\/hr\/wp-json\/wp\/v2\/types\/product"}],"wp:featuredmedia":[{"embeddable":true,"href":"https:\/\/braco.global\/hr\/wp-json\/wp\/v2\/media\/229160"}],"wp:attachment":[{"href":"https:\/\/braco.global\/hr\/wp-json\/wp\/v2\/media?parent=229159"}],"wp:term":[{"taxonomy":"product_brand","embeddable":true,"href":"https:\/\/braco.global\/hr\/wp-json\/wp\/v2\/product_brand?post=229159"},{"taxonomy":"product_cat","embeddable":true,"href":"https:\/\/braco.global\/hr\/wp-json\/wp\/v2\/product_cat?post=229159"},{"taxonomy":"product_tag","embeddable":true,"href":"https:\/\/braco.global\/hr\/wp-json\/wp\/v2\/product_tag?post=229159"}],"curies":[{"name":"wp","href":"https:\/\/api.w.org\/{rel}","templated":true}]}}