{"id":229153,"date":"2022-08-03T19:30:21","date_gmt":"2022-08-03T19:30:21","guid":{"rendered":"https:\/\/braco.global\/shop\/prva-knjiga-ozdravljenja\/"},"modified":"2023-05-26T06:53:48","modified_gmt":"2023-05-26T06:53:48","slug":"prva-knjiga-ozdravljenja","status":"publish","type":"product","link":"https:\/\/braco.global\/hr\/shop\/prva-knjiga-ozdravljenja\/","title":{"rendered":"Prva knjiga ozdravljenja"},"content":{"rendered":"<p><strong>Prva knjiga ozdravljenja<br \/>\n<\/strong><\/p>\n<p>E-Book (ePUB + PDF)<\/p>\n<p>Ova radna bilje\u017enica \u201cPrva knjiga ozdravljenja\u201d nastala je u suradnji s dr. Dragom Ple\u010dkom. Biokemi\u010dar je jedan od najpoznatijih istra\u017eiva\u010da rubnih znanosti u biv\u0161oj Jugoslaviji, koji je Bracu godinama pratio na raznim svjetskim kongresima. Prema Ple\u010dku, ova je knjiga nevjerojatan alat za dublje prodiranje u na\u0161u podsvijest. Mogu\u0107nost uklanjanja starih obrazaca, otpu\u0161tanja strahova i ogor\u010denosti kojih smo se mo\u017eda dr\u017eali jo\u0161 od djetinjstva. Nje\u017ena pomo\u0107 za ponovno stvaranje na\u0161ih odnosa s drugima i samim sobom dopu\u0161taju\u0107i resetiranje na\u0161e podsvijesti. U prvom dijelu dobivamo uvide o Ivi\u010dinom \u017eivotu i Bracinim po\u010decima pomaganja ljudima, oboga\u0107ene rijetko objavljenim slikama Ivice i Brace. Drugi dio ove knjige strukturiran je kao radna bilje\u017enica. <\/p>\n","protected":false},"excerpt":{"rendered":"<p>Prva knjiga ozdravljenja E-Book (ePUB + PDF) Ova radna bilje\u017enica \u201cPrva knjiga ozdravljenja\u201d nastala je u suradnji s dr. Dragom Ple\u010dkom. Biokemi\u010dar je jedan od najpoznatijih istra\u017eiva\u010da rubnih znanosti u biv\u0161oj Jugoslaviji, koji je Bracu godinama pratio na raznim svjetskim kongresima. Prema Ple\u010dku, ova je knjiga nevjerojatan alat za dublje prodiranje u na\u0161u podsvijest. Mogu\u0107nost [&hellip;]<\/p>\n","protected":false},"featured_media":229154,"template":"","meta":{"_et_pb_use_builder":"","_et_pb_old_content":"","_et_gb_content_width":""},"product_brand":[],"product_cat":[137],"product_tag":[],"class_list":{"0":"post-229153","1":"product","2":"type-product","3":"status-publish","4":"has-post-thumbnail","6":"product_cat-e-knjige","7":"product_shipping_class-digital-download-hr","9":"first","10":"instock","11":"downloadable","12":"virtual","13":"taxable","14":"purchasable","15":"product-type-simple"},"_links":{"self":[{"href":"https:\/\/braco.global\/hr\/wp-json\/wp\/v2\/product\/229153","targetHints":{"allow":["GET"]}}],"collection":[{"href":"https:\/\/braco.global\/hr\/wp-json\/wp\/v2\/product"}],"about":[{"href":"https:\/\/braco.global\/hr\/wp-json\/wp\/v2\/types\/product"}],"wp:featuredmedia":[{"embeddable":true,"href":"https:\/\/braco.global\/hr\/wp-json\/wp\/v2\/media\/229154"}],"wp:attachment":[{"href":"https:\/\/braco.global\/hr\/wp-json\/wp\/v2\/media?parent=229153"}],"wp:term":[{"taxonomy":"product_brand","embeddable":true,"href":"https:\/\/braco.global\/hr\/wp-json\/wp\/v2\/product_brand?post=229153"},{"taxonomy":"product_cat","embeddable":true,"href":"https:\/\/braco.global\/hr\/wp-json\/wp\/v2\/product_cat?post=229153"},{"taxonomy":"product_tag","embeddable":true,"href":"https:\/\/braco.global\/hr\/wp-json\/wp\/v2\/product_tag?post=229153"}],"curies":[{"name":"wp","href":"https:\/\/api.w.org\/{rel}","templated":true}]}}