{"id":229139,"date":"2022-08-03T19:31:02","date_gmt":"2022-08-03T19:31:02","guid":{"rendered":"https:\/\/braco.global\/shop\/misterij-zvani-braco-3\/"},"modified":"2023-05-26T06:52:18","modified_gmt":"2023-05-26T06:52:18","slug":"misterij-zvani-braco-3","status":"publish","type":"product","link":"https:\/\/braco.global\/hr\/shop\/misterij-zvani-braco-3\/","title":{"rendered":"Misterij zvani-Braco 3"},"content":{"rendered":"<p>E-Book (ePUB + PDF)<\/p>\n<p><strong>Misterij zvani Braco 3<br \/>\n<span class=\"text_product_detail\">Drago Ple\u010dko<\/span><br \/>\n<\/strong><\/p>\n<p>Stvarnost iz svijeta ma\u0161te \u2013 stvaramo li je sami? To pitanje postavlja <strong><em>Drago Ple\u010dko<\/em><\/strong> u svojoj najnovijoj knjizi o Braci: Mysterium Braco 3. Mnoga pitanja o Bracinu daru obra\u0111uju se kroz prizmu brojnih fenomena i poti\u010du na razmi\u0161ljanje. Oni nam daju razumjeti da se mnogo toga \u0161to smatramo nemogu\u0107im uvijek doga\u0111alo u prirodi oko nas. Ple\u010dko pi\u0161e i o misterijama paralelnih svjetova i simbolici broja 13 koji se pojavljuje u simbolu sunca, za koji smatra da je jedinstven. Nova knjiga puno je vi\u0161e od znanstvenog rada. Umjesto toga, omogu\u0107uje nam da postanemo svjesni da postoji vi\u0161e od onoga \u0161to smo navikli vidjeti. Autor poma\u017ee \u010ditatelju da pro\u0161iri svoje horizonte i da svoj \u017eivot vi\u0161e uskladi s prirodom. Kao prakti\u010dnu potporu, autor u 10. poglavlju opisuje \u201eJedanaest lekcija za bolji \u017eivot\u201c. <\/p>\n","protected":false},"excerpt":{"rendered":"<h6>\u203a <a href=\"https:\/\/braco.global\/shop\/braco-mysterium\/\">Njema\u010dki<\/a> | \u203a <a href=\"https:\/\/braco.global\/en\/shop\/braco-the-mystery-3\/\">Engleski<\/a> | \u203a <a href=\"https:\/\/braco.global\/hr\/shop\/misterij-zvani-braco-3\/\">Hrvatski<\/a><\/h6>\n","protected":false},"featured_media":229191,"template":"","meta":{"_et_pb_use_builder":"","_et_pb_old_content":"","_et_gb_content_width":""},"product_brand":[],"product_cat":[137],"product_tag":[],"class_list":{"0":"post-229139","1":"product","2":"type-product","3":"status-publish","4":"has-post-thumbnail","6":"product_cat-e-knjige","7":"product_shipping_class-digital-download-hr","9":"first","10":"instock","11":"downloadable","12":"virtual","13":"taxable","14":"purchasable","15":"product-type-simple"},"_links":{"self":[{"href":"https:\/\/braco.global\/hr\/wp-json\/wp\/v2\/product\/229139","targetHints":{"allow":["GET"]}}],"collection":[{"href":"https:\/\/braco.global\/hr\/wp-json\/wp\/v2\/product"}],"about":[{"href":"https:\/\/braco.global\/hr\/wp-json\/wp\/v2\/types\/product"}],"wp:featuredmedia":[{"embeddable":true,"href":"https:\/\/braco.global\/hr\/wp-json\/wp\/v2\/media\/229191"}],"wp:attachment":[{"href":"https:\/\/braco.global\/hr\/wp-json\/wp\/v2\/media?parent=229139"}],"wp:term":[{"taxonomy":"product_brand","embeddable":true,"href":"https:\/\/braco.global\/hr\/wp-json\/wp\/v2\/product_brand?post=229139"},{"taxonomy":"product_cat","embeddable":true,"href":"https:\/\/braco.global\/hr\/wp-json\/wp\/v2\/product_cat?post=229139"},{"taxonomy":"product_tag","embeddable":true,"href":"https:\/\/braco.global\/hr\/wp-json\/wp\/v2\/product_tag?post=229139"}],"curies":[{"name":"wp","href":"https:\/\/api.w.org\/{rel}","templated":true}]}}