{"id":229076,"date":"2022-08-05T07:49:33","date_gmt":"2022-08-05T07:49:33","guid":{"rendered":"https:\/\/braco.global\/shop\/zenski-prsten\/"},"modified":"2024-09-06T06:14:16","modified_gmt":"2024-09-06T06:14:16","slug":"zenski-prsten","status":"publish","type":"product","link":"https:\/\/braco.global\/hr\/shop\/zenski-prsten\/","title":{"rendered":"\u017denski prsten"},"content":{"rendered":"<ul>\n<li>14 karatno \/ 585 zlato<\/li>\n<li>cca. 0,03 karatnog dijamanta<\/li>\n<li>Veliko sunce cca. 1,2 cm u promjeru<\/li>\n<\/ul>\n<p><strong>Neka vam zlatar odredi veli\u010dinu prstena prije naru\u010divanja.<\/strong> Ako \u017eelite naru\u010diti drugu veli\u010dinu prstena, kontaktirajte Claudia Kamp Email: <a href=\"mailto:shop@braco.global\">shop@braco.global<\/a><\/p>\n<p>&nbsp;<\/p>\n<p><img loading=\"lazy\" decoding=\"async\" class=\"alignnone wp-image-225603\" src=\"https:\/\/braco.global\/wp-content\/uploads\/2022\/08\/ring-groessen.jpg\" alt=\"\" width=\"600\" height=\"451\"><\/p>\n","protected":false},"excerpt":{"rendered":"<p>14 karatno \/ 585 zlato cca. 0,03 karatnog dijamanta Veliko sunce cca. 1,2 cm u promjeru Neka vam zlatar odredi veli\u010dinu prstena prije naru\u010divanja. Ako \u017eelite naru\u010diti drugu veli\u010dinu prstena, kontaktirajte Claudia Kamp Email: shop@braco.global &nbsp;<\/p>\n","protected":false},"featured_media":282716,"template":"","meta":{"_et_pb_use_builder":"","_et_pb_old_content":"","_et_gb_content_width":""},"product_brand":[],"product_cat":[136],"product_tag":[217],"class_list":{"0":"post-229076","1":"product","2":"type-product","3":"status-publish","4":"has-post-thumbnail","6":"product_cat-simbol-sunca","7":"product_tag-sunsym-allshipp-hr","8":"product_shipping_class-shipp-hr","10":"first","11":"instock","12":"taxable","13":"shipping-taxable","14":"purchasable","15":"product-type-variable"},"_links":{"self":[{"href":"https:\/\/braco.global\/hr\/wp-json\/wp\/v2\/product\/229076","targetHints":{"allow":["GET"]}}],"collection":[{"href":"https:\/\/braco.global\/hr\/wp-json\/wp\/v2\/product"}],"about":[{"href":"https:\/\/braco.global\/hr\/wp-json\/wp\/v2\/types\/product"}],"wp:featuredmedia":[{"embeddable":true,"href":"https:\/\/braco.global\/hr\/wp-json\/wp\/v2\/media\/282716"}],"wp:attachment":[{"href":"https:\/\/braco.global\/hr\/wp-json\/wp\/v2\/media?parent=229076"}],"wp:term":[{"taxonomy":"product_brand","embeddable":true,"href":"https:\/\/braco.global\/hr\/wp-json\/wp\/v2\/product_brand?post=229076"},{"taxonomy":"product_cat","embeddable":true,"href":"https:\/\/braco.global\/hr\/wp-json\/wp\/v2\/product_cat?post=229076"},{"taxonomy":"product_tag","embeddable":true,"href":"https:\/\/braco.global\/hr\/wp-json\/wp\/v2\/product_tag?post=229076"}],"curies":[{"name":"wp","href":"https:\/\/api.w.org\/{rel}","templated":true}]}}