{"id":229048,"date":"2022-08-05T08:58:21","date_gmt":"2022-08-05T08:58:21","guid":{"rendered":"https:\/\/braco.global\/shop\/prsten-braco-ivica\/"},"modified":"2025-01-29T06:33:10","modified_gmt":"2025-01-29T06:33:10","slug":"prsten-braco-ivica-2","status":"publish","type":"product","link":"https:\/\/braco.global\/hr\/shop\/prsten-braco-ivica-2\/","title":{"rendered":"Prsten Braco &amp; Ivica"},"content":{"rendered":"<div class=\"legal-price-info\">\n<ul>\n<li>14 karata \/ 585 zlato<\/li>\n<li>cca. 0,02 karatnog dijamanta<\/li>\n<li>Veliko sunce cca. 1,0 cm u promjeru<\/li>\n<\/ul>\n<p><strong>Neka vam zlatar odredi veli\u010dinu prstena prije naru\u010divanja.<\/strong><br \/>\n Ako \u017eelite naru\u010diti drugu veli\u010dinu prstena, kontaktirajte Claudia Kamp putem e-po\u0161te <a href=\"mailto:ClaudiaKamp999@gmail.com\">claudia.kamp@sunce-ev.org<\/a><\/p>\n<\/div>\n<div class=\"woocommerce-product-details__short-description\">\n<p>&nbsp;<\/p>\n<p><img loading=\"lazy\" decoding=\"async\" class=\"alignnone wp-image-225603\" src=\"https:\/\/braco.global\/wp-content\/uploads\/2022\/08\/ring-groessen.jpg\" alt=\"\" width=\"680\" height=\"512\"><\/p>\n<\/div>\n","protected":false},"excerpt":{"rendered":"<p>14 karata \/ 585 zlato cca. 0,02 karatnog dijamanta Veliko sunce cca. 1,0 cm u promjeru Neka vam zlatar odredi veli\u010dinu prstena prije naru\u010divanja. Ako \u017eelite naru\u010diti drugu veli\u010dinu prstena, kontaktirajte Claudia Kamp putem e-po\u0161te claudia.kamp@sunce-ev.org &nbsp;<\/p>\n","protected":false},"featured_media":282733,"template":"","meta":{"_et_pb_use_builder":"","_et_pb_old_content":"","_et_gb_content_width":""},"product_brand":[],"product_cat":[136],"product_tag":[217],"class_list":{"0":"post-229048","1":"product","2":"type-product","3":"status-publish","4":"has-post-thumbnail","6":"product_cat-simbol-sunca","7":"product_tag-sunsym-allshipp-hr","8":"product_shipping_class-shipp-hr","10":"first","11":"instock","12":"taxable","13":"shipping-taxable","14":"purchasable","15":"product-type-variable"},"_links":{"self":[{"href":"https:\/\/braco.global\/hr\/wp-json\/wp\/v2\/product\/229048","targetHints":{"allow":["GET"]}}],"collection":[{"href":"https:\/\/braco.global\/hr\/wp-json\/wp\/v2\/product"}],"about":[{"href":"https:\/\/braco.global\/hr\/wp-json\/wp\/v2\/types\/product"}],"wp:featuredmedia":[{"embeddable":true,"href":"https:\/\/braco.global\/hr\/wp-json\/wp\/v2\/media\/282733"}],"wp:attachment":[{"href":"https:\/\/braco.global\/hr\/wp-json\/wp\/v2\/media?parent=229048"}],"wp:term":[{"taxonomy":"product_brand","embeddable":true,"href":"https:\/\/braco.global\/hr\/wp-json\/wp\/v2\/product_brand?post=229048"},{"taxonomy":"product_cat","embeddable":true,"href":"https:\/\/braco.global\/hr\/wp-json\/wp\/v2\/product_cat?post=229048"},{"taxonomy":"product_tag","embeddable":true,"href":"https:\/\/braco.global\/hr\/wp-json\/wp\/v2\/product_tag?post=229048"}],"curies":[{"name":"wp","href":"https:\/\/api.w.org\/{rel}","templated":true}]}}