{"id":229044,"date":"2022-08-02T09:27:26","date_gmt":"2022-08-02T09:27:26","guid":{"rendered":"https:\/\/braco.global\/shop\/braco-hvala-ti-boris-novkovic-mp3\/"},"modified":"2023-03-03T08:11:12","modified_gmt":"2023-03-03T08:11:12","slug":"braco-hvala-ti-by-boris-novkovic-mp3","status":"publish","type":"product","link":"https:\/\/braco.global\/hr\/shop\/braco-hvala-ti-by-boris-novkovic-mp3\/","title":{"rendered":"Braco hvala ti \u2013 Glazba Boris Novkovic (MP3)"},"content":{"rendered":"<p><strong>Glazba Boris Novkovic<\/strong><strong><br \/>\nCD, 31 minuta \u2013 hrvatska verzija<\/strong><\/p>\n<p>\u201c<em>Braco mi je pomogao kada mi je bilo potrebno. Vjerujem da sam zbog energije koju sam dobio kroz njega uspio probuditi energiju u sebi i pobijediti na hrvatskom natjecanju za pjesmu Eurovizije. <\/em>\u201d<\/p>\n<p><strong>Boris Novkovi\u0107, hrvatski pjeva\u010d i tekstopisac<\/strong><\/p>\n<p><strong>Boris Novkovi\u0107<\/strong> je pjeva\u010d iz Hrvatske i s podru\u010dja Balkana. Svoju karijeru zapo\u010dinje u dobi od 16 godina, kada je snimio prvi album i otad se njegove pjesme nalaze na vrhu glazbenih pop-rock ljestvica. Ipak, slava i bogatstvo ne zna\u010de nu\u017eno i sretan \u017eivot te se Boris tijekom svoje karijere susreo s mnogim pote\u0161ko\u0107ama, me\u0111u kojima je bila i depresija, koja ga je dovela Braci. Pomo\u0107 koju je primio Bracinim darom potaknula ga je da napi\u0161e i otpjeva cijeli novi album pjesama koje zajedno slave Bracu i njegov dar. (On je sada iste dobi kao i Braco.) Sre\u0107om, Boris je snimio ovaj album na materinjem hrvatskom jeziku, a drugu verziju na engleskom jeziku. Energi\u010dan i dinami\u010dan glazbeni doprinos jo\u0161 je jedan predivan na\u010din na koji se mo\u017ee do\u017eivjeti povezanost s Bracom.      <\/p>\n<p>Album ima \u017eiv pop-rock zvuk, energi\u010dne stihove, kao i nekoliko pjesama obojenih izvornim hrvatskim ritmom. Rije\u010di pjesama s albuma umetnute su unutra. 9 pjesama.  <\/p>\n<p>.<\/p>\n<p>1. Braco hvala ti<br \/>\naudio uzorak:<\/p>\n<audio class=\"wp-audio-shortcode\" id=\"audio-229044-1\" preload=\"none\" style=\"width: 100%;\" controls=\"controls\"><source type=\"audio\/mpeg\" src=\"\/wp-content\/uploads\/2020\/07\/01-Braco-Hvala-Ti.mp3?_=1\" \/><a href=\"\/wp-content\/uploads\/2020\/07\/01-Braco-Hvala-Ti.mp3\">\/wp-content\/uploads\/2020\/07\/01-Braco-Hvala-Ti.mp3<\/a><\/audio>\n<p>2. U tvojim o\u010dima<br \/>\naudio uzorak:<\/p>\n<audio class=\"wp-audio-shortcode\" id=\"audio-229044-2\" preload=\"none\" style=\"width: 100%;\" controls=\"controls\"><source type=\"audio\/mpeg\" src=\"\/wp-content\/uploads\/2020\/07\/02-u-tvojim-o\u010dima.mp3?_=2\" \/><a href=\"\/wp-content\/uploads\/2020\/07\/02-u-tvojim-o\u010dima.mp3\">\/wp-content\/uploads\/2020\/07\/02-u-tvojim-o\u010dima.mp3<\/a><\/audio>\n<p>3. Preko tebe<br \/>\naudio uzorak:<\/p>\n<audio class=\"wp-audio-shortcode\" id=\"audio-229044-3\" preload=\"none\" style=\"width: 100%;\" controls=\"controls\"><source type=\"audio\/mpeg\" src=\"\/wp-content\/uploads\/2020\/07\/03-Preko-Tebe.mp3?_=3\" \/><a href=\"\/wp-content\/uploads\/2020\/07\/03-Preko-Tebe.mp3\">\/wp-content\/uploads\/2020\/07\/03-Preko-Tebe.mp3<\/a><\/audio>\n<p>4. Sve \u0161to daje\u0161 je ljubav<br \/>\naudio uzorak:<\/p>\n<audio class=\"wp-audio-shortcode\" id=\"audio-229044-4\" preload=\"none\" style=\"width: 100%;\" controls=\"controls\"><source type=\"audio\/mpeg\" src=\"\/wp-content\/uploads\/2020\/07\/04-sve-\u0161to-daje\u0161-je-ljubav.mp3?_=4\" \/><a href=\"\/wp-content\/uploads\/2020\/07\/04-sve-\u0161to-daje\u0161-je-ljubav.mp3\">\/wp-content\/uploads\/2020\/07\/04-sve-\u0161to-daje\u0161-je-ljubav.mp3<\/a><\/audio>\n<p>5. Tanka je linija od Ivice do Brace<br \/>\naudio uzorak:<\/p>\n<audio class=\"wp-audio-shortcode\" id=\"audio-229044-5\" preload=\"none\" style=\"width: 100%;\" controls=\"controls\"><source type=\"audio\/mpeg\" src=\"\/wp-content\/uploads\/2020\/07\/05-Tanka-je-linija-od-Ivice-do-Brace.mp3?_=5\" \/><a href=\"\/wp-content\/uploads\/2020\/07\/05-Tanka-je-linija-od-Ivice-do-Brace.mp3\">\/wp-content\/uploads\/2020\/07\/05-Tanka-je-linija-od-Ivice-do-Brace.mp3<\/a><\/audio>\n<p>6. Sre\u0107a je tvoji na\u0161 dom<br \/>\naudio uzorak:<\/p>\n<audio class=\"wp-audio-shortcode\" id=\"audio-229044-6\" preload=\"none\" style=\"width: 100%;\" controls=\"controls\"><source type=\"audio\/mpeg\" src=\"\/wp-content\/uploads\/2020\/07\/06-sre\u0107a-je-tvoji-na\u0161-dom.mp3?_=6\" \/><a href=\"\/wp-content\/uploads\/2020\/07\/06-sre\u0107a-je-tvoji-na\u0161-dom.mp3\">\/wp-content\/uploads\/2020\/07\/06-sre\u0107a-je-tvoji-na\u0161-dom.mp3<\/a><\/audio>\n<p>7. Svaki dan<br \/>\naudio uzorak:<\/p>\n<audio class=\"wp-audio-shortcode\" id=\"audio-229044-7\" preload=\"none\" style=\"width: 100%;\" controls=\"controls\"><source type=\"audio\/mpeg\" src=\"\/wp-content\/uploads\/2020\/07\/07-Svaki-dan.mp3?_=7\" \/><a href=\"\/wp-content\/uploads\/2020\/07\/07-Svaki-dan.mp3\">\/wp-content\/uploads\/2020\/07\/07-Svaki-dan.mp3<\/a><\/audio>\n<p>8. Pjevam o tebi<br \/>\naudio uzorak:<\/p>\n<audio class=\"wp-audio-shortcode\" id=\"audio-229044-8\" preload=\"none\" style=\"width: 100%;\" controls=\"controls\"><source type=\"audio\/mpeg\" src=\"\/wp-content\/uploads\/2020\/07\/08-Pjevam-o-tebi.mp3?_=8\" \/><a href=\"\/wp-content\/uploads\/2020\/07\/08-Pjevam-o-tebi.mp3\">\/wp-content\/uploads\/2020\/07\/08-Pjevam-o-tebi.mp3<\/a><\/audio>\n<p>9. Ostvaren san<br \/>\naudio uzorak:<\/p>\n<audio class=\"wp-audio-shortcode\" id=\"audio-229044-9\" preload=\"none\" style=\"width: 100%;\" controls=\"controls\"><source type=\"audio\/mpeg\" src=\"\/wp-content\/uploads\/2020\/07\/09-Ostvaren-san.mp3?_=9\" \/><a href=\"\/wp-content\/uploads\/2020\/07\/09-Ostvaren-san.mp3\">\/wp-content\/uploads\/2020\/07\/09-Ostvaren-san.mp3<\/a><\/audio>\n","protected":false},"excerpt":{"rendered":"<p>Glazba Boris Novkovic CD, 31 minuta \u2013 hrvatska verzija \u201cBraco mi je pomogao kada mi je bilo potrebno. Vjerujem da sam zbog energije koju sam dobio kroz njega uspio probuditi energiju u sebi i pobijediti na hrvatskom natjecanju za pjesmu Eurovizije. \u201d Boris Novkovi\u0107, hrvatski pjeva\u010d i tekstopisac Boris Novkovi\u0107 je pjeva\u010d iz Hrvatske i [&hellip;]<\/p>\n","protected":false},"featured_media":228950,"template":"","meta":{"_et_pb_use_builder":"","_et_pb_old_content":"","_et_gb_content_width":""},"product_brand":[],"product_cat":[213,135],"product_tag":[],"class_list":{"0":"post-229044","1":"product","2":"type-product","3":"status-publish","4":"has-post-thumbnail","6":"product_cat-mp-3-hr","7":"product_cat-muzika","8":"product_shipping_class-digital-download-hr","10":"first","11":"instock","12":"downloadable","13":"virtual","14":"taxable","15":"purchasable","16":"product-type-simple"},"_links":{"self":[{"href":"https:\/\/braco.global\/hr\/wp-json\/wp\/v2\/product\/229044","targetHints":{"allow":["GET"]}}],"collection":[{"href":"https:\/\/braco.global\/hr\/wp-json\/wp\/v2\/product"}],"about":[{"href":"https:\/\/braco.global\/hr\/wp-json\/wp\/v2\/types\/product"}],"wp:featuredmedia":[{"embeddable":true,"href":"https:\/\/braco.global\/hr\/wp-json\/wp\/v2\/media\/228950"}],"wp:attachment":[{"href":"https:\/\/braco.global\/hr\/wp-json\/wp\/v2\/media?parent=229044"}],"wp:term":[{"taxonomy":"product_brand","embeddable":true,"href":"https:\/\/braco.global\/hr\/wp-json\/wp\/v2\/product_brand?post=229044"},{"taxonomy":"product_cat","embeddable":true,"href":"https:\/\/braco.global\/hr\/wp-json\/wp\/v2\/product_cat?post=229044"},{"taxonomy":"product_tag","embeddable":true,"href":"https:\/\/braco.global\/hr\/wp-json\/wp\/v2\/product_tag?post=229044"}],"curies":[{"name":"wp","href":"https:\/\/api.w.org\/{rel}","templated":true}]}}