{"id":229043,"date":"2022-08-02T09:30:04","date_gmt":"2022-08-02T09:30:04","guid":{"rendered":"https:\/\/braco.global\/shop\/braco-thank-you-by-boris-novkovic-mp3\/"},"modified":"2023-01-14T07:59:33","modified_gmt":"2023-01-14T07:59:33","slug":"braco-thank-you-by-boris-novkovic-mp3","status":"publish","type":"product","link":"https:\/\/braco.global\/hr\/shop\/braco-thank-you-by-boris-novkovic-mp3\/","title":{"rendered":"Braco Thank You \u2013 Glazba Boris Novkovic (MP3)"},"content":{"rendered":"<p><strong>Glazba Boris Novkovi\u0107<\/strong><strong><br \/>\nCD, (MP3-Download) 31 minuta \u2013<\/strong><strong>engleska verzija<\/strong><\/p>\n<p>\u201c<em>Braco mi je pomogao kada mi je bilo potrebno. Vjerujem da sam zbog energije koju sam dobio kroz njega uspio probuditi energiju u sebi i pobijediti na hrvatskom natjecanju za pjesmu Eurovizije.  <\/em>\u201d<br \/>\n<strong>Boris Novkovi\u0107, hrvatski pjeva\u010d i tekstopisac<\/strong><\/p>\n<p><strong>Boris Novkovi\u0107<\/strong> je pjeva\u010d iz Hrvatske i s podru\u010dja Balkana. Svoju karijeru zapo\u010dinje u dobi od 16 godina, kada je snimio prvi album i otad se njegove pjesme nalaze na vrhu glazbenih pop-rock ljestvica. Ipak, slava i bogatstvo ne zna\u010de nu\u017eno i sretan \u017eivot te se Boris tijekom svoje karijere susreo s mnogim pote\u0161ko\u0107ama, me\u0111u kojima je bila i depresija, koja ga je dovela Braci. Pomo\u0107 koju je primio Bracinim darom potaknula ga je da napi\u0161e i otpjeva cijeli novi album pjesama koje zajedno slave Bracu i njegov dar. (On je sada iste dobi kao i Braco.) Sre\u0107om, Boris je snimio ovaj album na materinjem hrvatskom jeziku, a drugu verziju na engleskom jeziku. Energi\u010dan i dinami\u010dan glazbeni doprinos jo\u0161 je jedan predivan na\u010din na koji se mo\u017ee do\u017eivjeti povezanost s Bracom.      <\/p>\n<p>Album ima \u017eiv pop-rock zvuk, energi\u010dne stihove, kao i nekoliko pjesama obojenih izvornim hrvatskim ritmom. Rije\u010di pjesama s albuma umetnute su unutra. 9 pjesama.  <\/p>\n<p>1. Thank you Braco<br \/>\naudio uzorak:<\/p>\n<audio class=\"wp-audio-shortcode\" id=\"audio-229043-1\" preload=\"none\" style=\"width: 100%;\" controls=\"controls\"><source type=\"audio\/mpeg\" src=\"\/wp-content\/uploads\/2020\/07\/01-Thank-you-Braco.mp3?_=1\" \/><a href=\"\/wp-content\/uploads\/2020\/07\/01-Thank-you-Braco.mp3\">\/wp-content\/uploads\/2020\/07\/01-Thank-you-Braco.mp3<\/a><\/audio>\n<p>2. In your eyes<br \/>\naudio uzorak:<\/p>\n<audio class=\"wp-audio-shortcode\" id=\"audio-229043-2\" preload=\"none\" style=\"width: 100%;\" controls=\"controls\"><source type=\"audio\/mpeg\" src=\"\/wp-content\/uploads\/2020\/07\/02-In-your-eyes.mp3?_=2\" \/><a href=\"\/wp-content\/uploads\/2020\/07\/02-In-your-eyes.mp3\">\/wp-content\/uploads\/2020\/07\/02-In-your-eyes.mp3<\/a><\/audio>\n<p>3. Through you<br \/>\naudio uzorak:<\/p>\n<audio class=\"wp-audio-shortcode\" id=\"audio-229043-3\" preload=\"none\" style=\"width: 100%;\" controls=\"controls\"><source type=\"audio\/mpeg\" src=\"\/wp-content\/uploads\/2020\/07\/03-Through-you.mp3?_=3\" \/><a href=\"\/wp-content\/uploads\/2020\/07\/03-Through-you.mp3\">\/wp-content\/uploads\/2020\/07\/03-Through-you.mp3<\/a><\/audio>\n<p>4. Everything you give us<br \/>\naudio uzorak:<\/p>\n<audio class=\"wp-audio-shortcode\" id=\"audio-229043-4\" preload=\"none\" style=\"width: 100%;\" controls=\"controls\"><source type=\"audio\/mpeg\" src=\"\/wp-content\/uploads\/2020\/07\/04-Everything-you-give-us.mp3?_=4\" \/><a href=\"\/wp-content\/uploads\/2020\/07\/04-Everything-you-give-us.mp3\">\/wp-content\/uploads\/2020\/07\/04-Everything-you-give-us.mp3<\/a><\/audio>\n<p>5. There is a thin line between Ivica and Braco<br \/>\naudio uzorak:<\/p>\n<audio class=\"wp-audio-shortcode\" id=\"audio-229043-5\" preload=\"none\" style=\"width: 100%;\" controls=\"controls\"><source type=\"audio\/mpeg\" src=\"\/wp-content\/uploads\/2020\/07\/05-There-is-a-thin-line-between-Ivica-and-Braco.mp3?_=5\" \/><a href=\"\/wp-content\/uploads\/2020\/07\/05-There-is-a-thin-line-between-Ivica-and-Braco.mp3\">\/wp-content\/uploads\/2020\/07\/05-There-is-a-thin-line-between-Ivica-and-Braco.mp3<\/a><\/audio>\n<p>6. Happiness is your and our home<br \/>\naudio uzorak:<\/p>\n<audio class=\"wp-audio-shortcode\" id=\"audio-229043-6\" preload=\"none\" style=\"width: 100%;\" controls=\"controls\"><source type=\"audio\/mpeg\" src=\"\/wp-content\/uploads\/2020\/07\/06-Happiness-is-your-and-our-home.mp3?_=6\" \/><a href=\"\/wp-content\/uploads\/2020\/07\/06-Happiness-is-your-and-our-home.mp3\">\/wp-content\/uploads\/2020\/07\/06-Happiness-is-your-and-our-home.mp3<\/a><\/audio>\n<p>7. A day like this<br \/>\naudio uzorak:<\/p>\n<audio class=\"wp-audio-shortcode\" id=\"audio-229043-7\" preload=\"none\" style=\"width: 100%;\" controls=\"controls\"><source type=\"audio\/mpeg\" src=\"\/wp-content\/uploads\/2020\/07\/07-A-day-like-this.mp3?_=7\" \/><a href=\"\/wp-content\/uploads\/2020\/07\/07-A-day-like-this.mp3\">\/wp-content\/uploads\/2020\/07\/07-A-day-like-this.mp3<\/a><\/audio>\n<p>8. Singing about you<br \/>\naudio uzorak:<\/p>\n<audio class=\"wp-audio-shortcode\" id=\"audio-229043-8\" preload=\"none\" style=\"width: 100%;\" controls=\"controls\"><source type=\"audio\/mpeg\" src=\"\/wp-content\/uploads\/2020\/07\/08-Singing-about-you.mp3?_=8\" \/><a href=\"\/wp-content\/uploads\/2020\/07\/08-Singing-about-you.mp3\">\/wp-content\/uploads\/2020\/07\/08-Singing-about-you.mp3<\/a><\/audio>\n<p>9. Fulfilled dream<br \/>\naudio uzorak:<\/p>\n<audio class=\"wp-audio-shortcode\" id=\"audio-229043-9\" preload=\"none\" style=\"width: 100%;\" controls=\"controls\"><source type=\"audio\/mpeg\" src=\"\/wp-content\/uploads\/2020\/07\/09-Fulfilled-dream.mp3?_=9\" \/><a href=\"\/wp-content\/uploads\/2020\/07\/09-Fulfilled-dream.mp3\">\/wp-content\/uploads\/2020\/07\/09-Fulfilled-dream.mp3<\/a><\/audio>\n","protected":false},"excerpt":{"rendered":"<p>Glazba Boris Novkovi\u0107 CD, (MP3-Download) 31 minuta \u2013engleska verzija \u201cBraco mi je pomogao kada mi je bilo potrebno. Vjerujem da sam zbog energije koju sam dobio kroz njega uspio probuditi energiju u sebi i pobijediti na hrvatskom natjecanju za pjesmu Eurovizije. \u201d Boris Novkovi\u0107, hrvatski pjeva\u010d i tekstopisac Boris Novkovi\u0107 je pjeva\u010d iz Hrvatske i [&hellip;]<\/p>\n","protected":false},"featured_media":228952,"template":"","meta":{"_et_pb_use_builder":"","_et_pb_old_content":"","_et_gb_content_width":""},"product_brand":[],"product_cat":[135],"product_tag":[],"class_list":{"0":"post-229043","1":"product","2":"type-product","3":"status-publish","4":"has-post-thumbnail","6":"product_cat-muzika","7":"product_shipping_class-digital-download-hr","9":"first","10":"instock","11":"downloadable","12":"virtual","13":"taxable","14":"purchasable","15":"product-type-simple"},"_links":{"self":[{"href":"https:\/\/braco.global\/hr\/wp-json\/wp\/v2\/product\/229043","targetHints":{"allow":["GET"]}}],"collection":[{"href":"https:\/\/braco.global\/hr\/wp-json\/wp\/v2\/product"}],"about":[{"href":"https:\/\/braco.global\/hr\/wp-json\/wp\/v2\/types\/product"}],"wp:featuredmedia":[{"embeddable":true,"href":"https:\/\/braco.global\/hr\/wp-json\/wp\/v2\/media\/228952"}],"wp:attachment":[{"href":"https:\/\/braco.global\/hr\/wp-json\/wp\/v2\/media?parent=229043"}],"wp:term":[{"taxonomy":"product_brand","embeddable":true,"href":"https:\/\/braco.global\/hr\/wp-json\/wp\/v2\/product_brand?post=229043"},{"taxonomy":"product_cat","embeddable":true,"href":"https:\/\/braco.global\/hr\/wp-json\/wp\/v2\/product_cat?post=229043"},{"taxonomy":"product_tag","embeddable":true,"href":"https:\/\/braco.global\/hr\/wp-json\/wp\/v2\/product_tag?post=229043"}],"curies":[{"name":"wp","href":"https:\/\/api.w.org\/{rel}","templated":true}]}}