{"id":230983,"date":"2022-07-04T06:15:43","date_gmt":"2022-07-04T06:15:43","guid":{"rendered":"https:\/\/braco.global\/impressum\/"},"modified":"2024-02-16T06:15:28","modified_gmt":"2024-02-16T06:15:28","slug":"impressum","status":"publish","type":"page","link":"https:\/\/braco.global\/hr\/impressum\/","title":{"rendered":"otisak"},"content":{"rendered":"<p>[et_pb_section fb_built=&#8221;1&#8243; admin_label=&#8221;section&#8221; _builder_version=&#8221;4.22.2&#8243; custom_margin=&#8221;-110px||||false|false&#8221; custom_padding=&#8221;95px||||false|false&#8221; global_colors_info=&#8221;{}&#8221;][et_pb_row admin_label=&#8221;red&#8221; _builder_version=&#8221;4.16&#8243; background_size=&#8221;initial&#8221; background_position=&#8221;top_left&#8221; background_repeat=&#8221;repeat&#8221; global_colors_info=&#8221;{}&#8221;][et_pb_column type=&#8221;4_4&#8243; _builder_version=&#8221;4.16&#8243; custom_padding=&#8221;|||&#8221; global_colors_info=&#8221;{}&#8221; custom_padding__hover=&#8221;|||&#8221;][et_pb_text admin_label=&#8221;Text&#8221; _builder_version=&#8221;4.22.2&#8243; header_3_text_color=&#8221;#E09900&#8243; background_size=&#8221;initial&#8221; background_position=&#8221;top_left&#8221; background_repeat=&#8221;repeat&#8221; custom_margin=&#8221;-98px|||||&#8221; hover_enabled=&#8221;0&#8243; global_colors_info=&#8221;{}&#8221; sticky_enabled=&#8221;0&#8243;]<\/p>\n<h3>otisak<\/h3>\n<div class=\"gmail_default\">\n<p>Bu\u0111enje d.o.o.<br \/>Srebrnjak 1<br \/>10 000 Zagreb<br \/>info.srebrnjak1@gmail.com<\/p>\n<p>Odgovorna osoba prema \u00a7 55 st. 2 RStV:<br \/>Bu\u0111enje doo<\/p>\n<p style=\"font-weight: 400;\"><strong>SHOP<\/strong><\/p>\n<p style=\"font-weight: 400;\"><strong>Sunce e. V<\/strong><br \/>Kiekenbrink 17<br \/>32457 Porta Westfalica<br \/><a href=\"mailto:info@braco-shop.com\">Email: info@braco-shop.com<\/a><\/p>\n<p><b>Odricanje<\/b><\/p>\n<p>Ova web stranica slu\u017ei isklju\u010divo za op\u0107enite informacije i prezentaciju djelatnosti Bu\u0111enja doo, me\u0111utim informacije objavljene na web stranici nisu prikladne niti namijenjene davanju bilo kakvog savjeta za konkretan slu\u010daj te ih ne mogu zamijeniti. Isklju\u010dena je svaka odgovornost koja proizlazi iz kori\u0161tenja informacija.<\/p>\n<p>Informacije i poveznice sadr\u017eane na ovoj web stranici pomno su istra\u017eene i provjerena to\u010dnost. Me\u0111utim, ne preuzima se nikakva odgovornost za to\u010dnost, aktualnost, potpunost ili kvalitetu dostavljenih tekstova i informacija. Isto se odnosi i na sadr\u017eaj vanjskih web stranica na koje ova stranica upu\u0107uje izravno ili neizravno putem hiperlinkova i na koje Bu\u0111enje doo nema utjecaja. Bu\u0111enje doo ni na koji na\u010din ne preuzima sadr\u017eaj vanjskih web stranica te stoga ne mo\u017ee preuzeti nikakvu odgovornost za taj vanjski sadr\u017eaj. Odgovaraju\u0107i pru\u017eatelj ili operater stranica isklju\u010divo je i uvijek odgovoran za sadr\u017eaj povezanih stranica. Osoba navedena u impresumu ne preuzima nikakvu odgovornost za pravodobnost, to\u010dnost i potpunost danih podataka. Potra\u017eivanja odgovornosti za materijalnu ili nematerijalnu \u0161tetu prouzro\u010denu kori\u0161tenjem pru\u017eenih informacija isklju\u010dena su osim ako postoje dokazi o namjernoj gre\u0161ci ili gre\u0161ci iz grubog nemara. Izri\u010dito zadr\u017eavamo pravo izmjene, dopune ili brisanja dijelova stranica ili cijele ponude ili privremenog ili trajnog prekida objavljivanja bez prethodne najave.<\/p>\n<p><b>Zakon o autorskim pravima i za\u0161titnim znakovima<\/b><\/p>\n<p>Autorsko pravo na sadr\u017eaj ove web stranice ili njegovih dijelova pripada Bu\u0111enju doo ili osobi kojoj je Bu\u0111enje doo dodijelilo odgovaraju\u0107e pravo kori\u0161tenja. Umno\u017eavanje bez izri\u010ditog dopu\u0161tenja autora dopu\u0161teno je samo u onoj mjeri u kojoj je to potrebno za normalnu uporabu, odnosno prikaz stranice kojoj se pristupa na ekranu. Bilo kakva reprodukcija, distribucija ili obrada izvan ovoga zahtijeva prethodnu izri\u010ditu suglasnost nositelja autorskih prava.<\/p>\n<p><b>Pravna valjanost ovog odricanja od odgovornosti<\/b><\/p>\n<p>Ovo odricanje od odgovornosti treba promatrati kao dio internetske ponude s koje se upu\u0107uje na ovu stranicu. Ako dijelovi ili pojedina\u010dne formulacije ovog teksta ne odgovaraju, vi\u0161e ili ne odgovaraju u potpunosti va\u017ee\u0107oj pravnoj situaciji, ostali dijelovi dokumenta ostaju nepromijenjeni u svom sadr\u017eaju i valjanosti.<\/p>\n<p>&nbsp;<\/p>\n<\/div>\n<p>[\/et_pb_text][\/et_pb_column][\/et_pb_row][\/et_pb_section]<\/p>\n","protected":false},"excerpt":{"rendered":"<p>otisak Bu\u0111enje d.o.o.Srebrnjak 110 000 Zagrebinfo.srebrnjak1@gmail.com Odgovorna osoba prema \u00a7 55 st. 2 RStV:Bu\u0111enje doo SHOP Sunce e. VKiekenbrink 1732457 Porta WestfalicaEmail: info@braco-shop.com Odricanje Ova web stranica slu\u017ei isklju\u010divo za op\u0107enite informacije i prezentaciju djelatnosti Bu\u0111enja doo, me\u0111utim informacije objavljene na web stranici nisu prikladne niti namijenjene davanju bilo kakvog savjeta za konkretan slu\u010daj te [&hellip;]<\/p>\n","protected":false},"author":1,"featured_media":0,"parent":0,"menu_order":0,"comment_status":"closed","ping_status":"closed","template":"","meta":{"_et_pb_use_builder":"on","_et_pb_old_content":"","_et_gb_content_width":"","footnotes":""},"difl_page_category":[],"class_list":["post-230983","page","type-page","status-publish","hentry"],"_links":{"self":[{"href":"https:\/\/braco.global\/hr\/wp-json\/wp\/v2\/pages\/230983","targetHints":{"allow":["GET"]}}],"collection":[{"href":"https:\/\/braco.global\/hr\/wp-json\/wp\/v2\/pages"}],"about":[{"href":"https:\/\/braco.global\/hr\/wp-json\/wp\/v2\/types\/page"}],"author":[{"embeddable":true,"href":"https:\/\/braco.global\/hr\/wp-json\/wp\/v2\/users\/1"}],"replies":[{"embeddable":true,"href":"https:\/\/braco.global\/hr\/wp-json\/wp\/v2\/comments?post=230983"}],"version-history":[{"count":12,"href":"https:\/\/braco.global\/hr\/wp-json\/wp\/v2\/pages\/230983\/revisions"}],"predecessor-version":[{"id":281313,"href":"https:\/\/braco.global\/hr\/wp-json\/wp\/v2\/pages\/230983\/revisions\/281313"}],"wp:attachment":[{"href":"https:\/\/braco.global\/hr\/wp-json\/wp\/v2\/media?parent=230983"}],"wp:term":[{"taxonomy":"difl_page_category","embeddable":true,"href":"https:\/\/braco.global\/hr\/wp-json\/wp\/v2\/difl_page_category?post=230983"}],"curies":[{"name":"wp","href":"https:\/\/api.w.org\/{rel}","templated":true}]}}