{"id":230584,"date":"2022-08-26T09:31:03","date_gmt":"2022-08-26T09:31:03","guid":{"rendered":"https:\/\/braco.global\/kontakt\/"},"modified":"2023-05-24T17:39:01","modified_gmt":"2023-05-24T17:39:01","slug":"kontakt","status":"publish","type":"page","link":"https:\/\/braco.global\/hr\/kontakt\/","title":{"rendered":"Kontakt"},"content":{"rendered":"<p>[et_pb_section fb_built=&#8221;1&#8243; _builder_version=&#8221;4.20.4&#8243; _module_preset=&#8221;default&#8221; background_color=&#8221;#FFBC3F&#8221; background_image=&#8221;https:\/\/braco.global\/wp-content\/uploads\/2022\/08\/meer.jpg&#8221; background_position=&#8221;top_center&#8221; background_vertical_offset=&#8221;69%&#8221; background_blend=&#8221;multiply&#8221; background_enable_pattern_style=&#8221;on&#8221; background_pattern_style=&#8221;diagonal-stripes-2&#8243; background_pattern_color=&#8221;rgba(213,157,53,0.22)&#8221; background_pattern_size=&#8221;custom&#8221; background_pattern_width=&#8221;4px&#8221; custom_margin=&#8221;-115px||||false|false&#8221; bottom_divider_style=&#8221;ramp&#8221; bottom_divider_color=&#8221;#D59D35&#8243; bottom_divider_height=&#8221;156px&#8221; bottom_divider_flip=&#8221;horizontal&#8221; bottom_divider_arrangement=&#8221;above_content&#8221; hover_enabled=&#8221;0&#8243; background_last_edited=&#8221;on|phone&#8221; background_image_width_phone=&#8221;auto&#8221; background_image_height_phone=&#8221;100%&#8221; global_colors_info=&#8221;{}&#8221; sticky_enabled=&#8221;0&#8243;][et_pb_row _builder_version=&#8221;4.17.6&#8243; _module_preset=&#8221;default&#8221; global_colors_info=&#8221;{}&#8221;][et_pb_column type=&#8221;4_4&#8243; _builder_version=&#8221;4.17.6&#8243; _module_preset=&#8221;default&#8221; global_colors_info=&#8221;{}&#8221;][et_pb_divider show_divider=&#8221;off&#8221; _builder_version=&#8221;4.17.6&#8243; _module_preset=&#8221;default&#8221; min_height=&#8221;20px&#8221; custom_margin=&#8221;84px||||false|false&#8221; global_colors_info=&#8221;{}&#8221;][\/et_pb_divider][\/et_pb_column][\/et_pb_row][\/et_pb_section][et_pb_section fb_built=&#8221;1&#8243; _builder_version=&#8221;4.17.6&#8243; _module_preset=&#8221;default&#8221; background_color=&#8221;#D59D35&#8243; min_height=&#8221;497px&#8221; custom_margin=&#8221;||17px|||&#8221; custom_padding=&#8221;||193px|||&#8221; global_colors_info=&#8221;{}&#8221;][et_pb_row column_structure=&#8221;2_5,3_5&#8243; _builder_version=&#8221;4.17.6&#8243; _module_preset=&#8221;default&#8221; background_color=&#8221;RGBA(255,255,255,0)&#8221; min_height=&#8221;76px&#8221; custom_margin=&#8221;23px|auto||auto||&#8221; global_colors_info=&#8221;{}&#8221;][et_pb_column type=&#8221;2_5&#8243; _builder_version=&#8221;4.17.6&#8243; _module_preset=&#8221;default&#8221; global_colors_info=&#8221;{}&#8221;][et_pb_text _builder_version=&#8221;4.18.0&#8243; _module_preset=&#8221;default&#8221; header_5_font=&#8221;|300||on|||||&#8221; header_5_text_align=&#8221;center&#8221; header_5_text_color=&#8221;#FFFFFF&#8221; header_5_font_size=&#8221;29px&#8221; header_5_letter_spacing=&#8221;1px&#8221; global_colors_info=&#8221;{}&#8221;]<\/p>\n<h5>KONTAKT<\/h5>\n<p>[\/et_pb_text][\/et_pb_column][et_pb_column type=&#8221;3_5&#8243; _builder_version=&#8221;4.17.6&#8243; _module_preset=&#8221;default&#8221; global_colors_info=&#8221;{}&#8221;][et_pb_icon font_icon=&#8221;&#xe076;||divi||400&#8243; icon_color=&#8221;#FFFFFF&#8221; icon_width=&#8221;20px&#8221; align=&#8221;left&#8221; _builder_version=&#8221;4.20.4&#8243; _module_preset=&#8221;default&#8221; custom_margin=&#8221;5px|||||&#8221; global_colors_info=&#8221;{}&#8221;][\/et_pb_icon][et_pb_text _builder_version=&#8221;4.20.4&#8243; _module_preset=&#8221;default&#8221; text_text_color=&#8221;#FFFFFF&#8221; link_text_color=&#8221;#615172&#8243; min_height=&#8221;46px&#8221; custom_margin=&#8221;-33px||||false|false&#8221; global_colors_info=&#8221;{}&#8221;]<\/p>\n<p><span lang=\"DE\">Ako \u017eelite stupiti u kontakt s nama, po\u0161aljite nam e-mail: <br \/><\/span><a href=\"mailto:shop@braco.global\" target=\"_blank\" rel=\"noopener\"><span lang=\"DE\">shop@braco.global<\/span><\/a><\/p>\n<p>[\/et_pb_text][et_pb_icon font_icon=&#8221;&#xe090;||divi||400&#8243; icon_color=&#8221;#FFFFFF&#8221; icon_width=&#8221;20px&#8221; align=&#8221;left&#8221; _builder_version=&#8221;4.20.4&#8243; _module_preset=&#8221;default&#8221; custom_margin=&#8221;5px|||||&#8221; global_colors_info=&#8221;{}&#8221;][\/et_pb_icon][et_pb_text _builder_version=&#8221;4.20.4&#8243; _module_preset=&#8221;default&#8221; text_text_color=&#8221;#FFFFFF&#8221; link_text_color=&#8221;#615172&#8243; min_height=&#8221;46px&#8221; custom_margin=&#8221;-33px||||false|false&#8221; global_colors_info=&#8221;{}&#8221;]<\/p>\n<p><span>  0049 152 28 60 18 44<\/span><\/p>\n<p>[\/et_pb_text][et_pb_text disabled_on=&#8221;on|on|on&#8221; _builder_version=&#8221;4.18.0&#8243; _module_preset=&#8221;default&#8221; text_text_color=&#8221;#FFFFFF&#8221; link_text_color=&#8221;#615172&#8243; min_height=&#8221;46px&#8221; custom_margin=&#8221;29px|||||&#8221; disabled=&#8221;on&#8221; global_colors_info=&#8221;{}&#8221;]<\/p>\n<p><span lang=\"DE\">Ako \u017eelite stupiti u kontakt s nama, po\u0161aljite nam e-mail: <\/span><a href=\"mailto:info.srebrnjak1@gmail.com\" target=\"_blank\" rel=\"noopener\"><span lang=\"DE\">info.srebrnjak1@gmail.com<\/span><\/a><\/p>\n<p>[\/et_pb_text][\/et_pb_column][\/et_pb_row][\/et_pb_section]<\/p>\n","protected":false},"excerpt":{"rendered":"<p>KONTAKTAko \u017eelite stupiti u kontakt s nama, po\u0161aljite nam e-mail: shop@braco.global 0049 152 28 60 18 44Ako \u017eelite stupiti u kontakt s nama, po\u0161aljite nam e-mail: info.srebrnjak1@gmail.com<\/p>\n","protected":false},"author":1,"featured_media":0,"parent":0,"menu_order":0,"comment_status":"closed","ping_status":"closed","template":"","meta":{"_et_pb_use_builder":"on","_et_pb_old_content":"","_et_gb_content_width":"","footnotes":""},"difl_page_category":[],"class_list":["post-230584","page","type-page","status-publish","hentry"],"_links":{"self":[{"href":"https:\/\/braco.global\/hr\/wp-json\/wp\/v2\/pages\/230584","targetHints":{"allow":["GET"]}}],"collection":[{"href":"https:\/\/braco.global\/hr\/wp-json\/wp\/v2\/pages"}],"about":[{"href":"https:\/\/braco.global\/hr\/wp-json\/wp\/v2\/types\/page"}],"author":[{"embeddable":true,"href":"https:\/\/braco.global\/hr\/wp-json\/wp\/v2\/users\/1"}],"replies":[{"embeddable":true,"href":"https:\/\/braco.global\/hr\/wp-json\/wp\/v2\/comments?post=230584"}],"version-history":[{"count":17,"href":"https:\/\/braco.global\/hr\/wp-json\/wp\/v2\/pages\/230584\/revisions"}],"predecessor-version":[{"id":280114,"href":"https:\/\/braco.global\/hr\/wp-json\/wp\/v2\/pages\/230584\/revisions\/280114"}],"wp:attachment":[{"href":"https:\/\/braco.global\/hr\/wp-json\/wp\/v2\/media?parent=230584"}],"wp:term":[{"taxonomy":"difl_page_category","embeddable":true,"href":"https:\/\/braco.global\/hr\/wp-json\/wp\/v2\/difl_page_category?post=230584"}],"curies":[{"name":"wp","href":"https:\/\/api.w.org\/{rel}","templated":true}]}}