{"id":230160,"date":"2022-07-21T06:29:16","date_gmt":"2022-07-21T06:29:16","guid":{"rendered":"https:\/\/braco.global\/opoziv\/"},"modified":"2025-01-28T09:41:42","modified_gmt":"2025-01-28T09:41:42","slug":"opoziv","status":"publish","type":"page","link":"https:\/\/braco.global\/hr\/opoziv\/","title":{"rendered":"opoziv"},"content":{"rendered":"<p>[et_pb_section fb_built=&#8221;1&#8243; admin_label=&#8221;section&#8221; _builder_version=&#8221;4.16&#8243; custom_margin=&#8221;-115px|||||&#8221; global_colors_info=&#8221;{}&#8221;][et_pb_row admin_label=&#8221;red&#8221; _builder_version=&#8221;4.16&#8243; background_size=&#8221;initial&#8221; background_position=&#8221;top_left&#8221; background_repeat=&#8221;repeat&#8221; global_colors_info=&#8221;{}&#8221;][et_pb_column type=&#8221;4_4&#8243; _builder_version=&#8221;4.16&#8243; custom_padding=&#8221;|||&#8221; global_colors_info=&#8221;{}&#8221; custom_padding__hover=&#8221;|||&#8221;][et_pb_text admin_label=&#8221;Text&#8221; _builder_version=&#8221;4.27.4&#8243; header_2_text_color=&#8221;#D59D35&#8243; background_size=&#8221;initial&#8221; background_position=&#8221;top_left&#8221; background_repeat=&#8221;repeat&#8221; hover_enabled=&#8221;0&#8243; global_colors_info=&#8221;{}&#8221; sticky_enabled=&#8221;0&#8243;]<\/p>\n<h2><strong>Pravo na odustanak<\/strong><\/h2>\n<p><strong>Politika otkazivanja narud\u017ebe nakita, tiskanih knjiga i CD-a.<\/strong><\/p>\n<p>&nbsp;<\/p>\n<p>Potro\u0161a\u010di imaju zakonsko pravo na odustanak. Potro\u0161a\u010d je svaka fizi\u010dka osoba koja sklopi pravni posao u svrhe koje nisu prete\u017eno ni komercijalne ni samozaposlene (\u00a7 13 BGB).<\/p>\n<p><strong>pravo na odustanak<\/strong><\/p>\n<p>Imate pravo odustati od ovog ugovora u roku od \u010detrnaest dana bez navo\u0111enja razloga. Rok za otkazivanje je \u010detrnaest dana od dana kada ste vi ili tre\u0107a strana koju ste imenovali, a koja nije prijevoznik, preuzeli robu u posjed.<\/p>\n<p>Kako biste iskoristili svoje pravo na povla\u010denje, morate nas obavijestiti<\/p>\n<p>Sunce e.V.<br \/>Kiekenbrink 17<br \/>32457 Porta Westfalica | DE<br \/>E-Mail: <a href=\"mailto:info@braco-shop.com\">info@braco-shop.com<\/a><\/p>\n<p>jasnom izjavom (pismo poslano po\u0161tom ili e-po\u0161tom) o va\u0161oj odluci o povla\u010denju iz ovog ugovora. Za to mo\u017eete koristiti prilo\u017eeni uzorak obrasca za opoziv, ali to nije obavezno. Kako biste ispunili rok za otkazivanje, dovoljno je da po\u0161aljete obavijest o ostvarivanju prava na odustajanje prije isteka roka za odustajanje.<\/p>\n<p>&nbsp;<\/p>\n<p><strong>Posljedice opoziva<\/strong><\/p>\n<p>Ako raskinete ovaj ugovor, du\u017eni smo vam vratiti iznos fakture uklju\u010duju\u0107i tro\u0161kove dostave u roku od 14 dana od dana kada smo robu primili natrag neo\u0161te\u0107enu. Za ovu otplatu koristimo ista sredstva pla\u0107anja koja ste koristili u izvornoj transakciji, osim ako ne\u0161to drugo nije izri\u010dito dogovoreno s vama; ni pod kojim okolnostima vam se ne\u0107e naplatiti naknada za ovu otplatu.<\/p>\n<p>Robu morate vratiti ili predati najkasnije u roku od \u010detrnaest dana od dana kada ste nas obavijestili o raskidu ovog ugovora. Rok je ispo\u0161tovan ako robu po\u0161aljete natrag prije isteka roka od \u010detrnaest dana. Vi snosite izravne tro\u0161kove povrata robe.<\/p>\n<p>Odgovorni ste samo za bilo kakvu smanjenu vrijednost robe koja proizlazi iz rukovanja osim onoga \u0161to je potrebno za utvr\u0111ivanje prirode, karakteristika i funkcioniranja robe.<\/p>\n<p><em>\u2013 Kraj zakonske politike otkazivanja \u2013<\/em><\/p>\n<p>Robu treba vratiti istim na\u010dinom dostave kao i originalnu po\u0161iljku. Isklju\u010denje ili prijevremeni istek prava na odustajanje:<\/p>\n<p>Ne postoji pravo odustajanja od isporuke zvu\u010dnih ili video zapisa (DVD i CD) u zatvorenoj ambala\u017ei ako je pe\u010dat uklonjen nakon isporuke.<\/p>\n<p><strong>Uzorak obrasca za povla\u010denje<\/strong><\/p>\n<p>Ako \u017eelite raskinuti ugovor, mo\u017eete ispuniti ovaj obrazac i poslati nam ga natrag. Me\u0111utim, kori\u0161tenje obrasca nije obvezno.<\/p>\n<p>Na<br \/>Sunce e.V.<br \/>Kiekenbrink 17<br \/>32457 Porta Westfalica | DE<br \/>E-Mail: <a href=\"mailto:info@braco-shop.com\">info@braco-shop.com<\/a><\/p>\n<p>Ja\/mi (*) ovime opozivam ugovor koji sam sklopio (*) za kupnju sljede\u0107e robe (*)\/pru\u017eanje sljede\u0107e usluge (*)<\/p>\n<p>Naru\u010deno (*)\/primljeno (*)<\/p>\n<p>Ime potro\u0161a\u010da<\/p>\n<p>Adresa potro\u0161a\u010da<\/p>\n<p>Potpis potro\u0161a\u010da (samo ako je obavijest na papiru)<\/p>\n<p>datum<\/p>\n<p>___________________________<\/p>\n<p>(*) Izbrisati ako nije potrebno.<\/p>\n<p>&nbsp;<\/p>\n<p>&nbsp;<\/p>\n<p>&nbsp;<\/p>\n<p>&nbsp;<\/p>\n<p>&nbsp;<\/p>\n<p>[\/et_pb_text][\/et_pb_column][\/et_pb_row][et_pb_row disabled_on=&#8221;on|on|on&#8221; admin_label=&#8221;red&#8221; _builder_version=&#8221;4.16&#8243; background_size=&#8221;initial&#8221; background_position=&#8221;top_left&#8221; background_repeat=&#8221;repeat&#8221; disabled=&#8221;on&#8221; global_colors_info=&#8221;{}&#8221;][et_pb_column type=&#8221;4_4&#8243; _builder_version=&#8221;4.16&#8243; custom_padding=&#8221;|||&#8221; global_colors_info=&#8221;{}&#8221; custom_padding__hover=&#8221;|||&#8221;][et_pb_text admin_label=&#8221;Text&#8221; _builder_version=&#8221;4.16&#8243; background_size=&#8221;initial&#8221; background_position=&#8221;top_left&#8221; background_repeat=&#8221;repeat&#8221; global_colors_info=&#8221;{}&#8221;]<strong>Odricanje od odgovornosti: Uzorak u nastavku izradio je odvjetnik ( <a href=\"https:\/\/drschwenke.de\" rel=\"nofollow\">https<\/a> :\/\/dr Schwenke.de) prema tipi\u010dnim zahtjevima internetske trgovine. Me\u0111utim, trebali biste koristiti predlo\u017eak tek nakon \u0161to ga pa\u017eljivo prou\u010dite i prilagodite svom specifi\u010dnom poslovnom modelu. Sljede\u0107i uzorak stoga sadr\u017ei dodatne informacije kojih se morate pridr\u017eavati i crvene prolaze koje morate posebno provjeriti i po potrebi prilagoditi. Molimo uklonite obavijesti nakon ure\u0111ivanja. Ako ste u nedoumici, potra\u017eite pravni savjet. Autorska prava: Mo\u017eete koristiti uzorak unutar domene\/web stranice sve dok se va\u0161a licenca za Marketpress tako\u0111er odnosi na njega. Nije dopu\u0161teno otkrivanje tre\u0107im stranama, uklju\u010duju\u0107i kupce (npr. kao programere).<\/strong><\/p>\n<p><strong>Politika otkazivanja za potro\u0161a\u010de za ugovor u kojem se roba isporu\u010duje u jednoj isporuci<\/strong><\/p>\n<p><em>Pravo na odustanak<\/em><br \/>\nPotro\u0161a\u010d je svaka fizi\u010dka osoba koja sklapa pravni posao u svrhe koje nisu prete\u017eno komercijalne niti samostalne djelatnosti.<\/p>\n<p><em>pravo na odustanak<\/em><br \/>\nImate pravo odustati od ovog ugovora u roku od \u010detrnaest dana bez navo\u0111enja razloga. Rok za otkazivanje je \u010detrnaest dana od dana kada ste vi ili tre\u0107a strana koju ste imenovali, a koja nije prijevoznik, preuzeli robu u posjed. Kako biste iskoristili svoje pravo na otkazivanje, morate nam poslati ([Umetnite: ime\/tvrtku, adresu, telefonski broj i adresu e-po\u0161te. Za to mo\u017eete koristiti i kratki kod  i pohraniti adresu u postavkama. ]) jasnom izjavom (npr. pismom poslanim po\u0161tom ili e-po\u0161tom) o va\u0161oj odluci o povla\u010denju iz ovog ugovora. Za to mo\u017eete koristiti prilo\u017eeni uzorak obrasca za opoziv, ali to nije obavezno. Kako biste ispunili rok za otkazivanje, dovoljno je da po\u0161aljete obavijest o ostvarivanju prava na odustajanje prije isteka roka za odustajanje.<\/p>\n<p><em>Posljedice opoziva<\/em><br \/>\nAko opozovete ovaj ugovor, platili smo vam sva pla\u0107anja koja smo primili od vas, uklju\u010duju\u0107i tro\u0161kove dostave (osim dodatnih tro\u0161kova koji proizlaze iz \u010dinjenice da ste odabrali drugu vrstu dostave od najjeftinije ponu\u0111ene standardne isporuke od strane nas), odmah, a najkasnije u roku od \u010detrnaest dana od dana kada smo primili obavijest o va\u0161em raskidu ovog ugovora. Za ovu otplatu koristimo ista sredstva pla\u0107anja koja ste koristili u izvornoj transakciji, osim ako ne\u0161to drugo nije izri\u010dito dogovoreno s vama; ni pod kojim okolnostima vam se ne\u0107e naplatiti naknada za ovu otplatu. Mo\u017eemo odbiti povrat dok ne primimo vra\u0107enu robu ili dok ne dostavite dokaz da ste robu vratili, ovisno o tome \u0161to je ranije. Robu nam morate vratiti ili predati odmah, au svakom slu\u010daju najkasnije u roku od \u010detrnaest dana od dana kada ste nas obavijestili o raskidu ovog ugovora. Rok je ispo\u0161tovan ako robu po\u0161aljete natrag prije isteka roka od \u010detrnaest dana.<br \/>\nVi snosite izravne tro\u0161kove povrata robe.<br \/>\nOdgovorni ste samo za bilo kakvu smanjenu vrijednost robe koja proizlazi iz rukovanja osim onoga \u0161to je potrebno za utvr\u0111ivanje prirode, karakteristika i funkcioniranja robe. <\/p>\n<p><em>Uzorak obrasca za otkazivanje<\/em><br \/>\n(Ako \u017eelite raskinuti ugovor, ispunite ovaj obrazac i po\u0161aljite ga natrag.)<br \/>\n&#8211; Za [umetnuti: ime\/tvrtku, adresu, adresu e-po\u0161te i, ako postoji, broj faksa]:<br \/>\n&#8211; Ja\/mi (*) ovime opozivam ugovor koji sam sklopio (*) za kupnju sljede\u0107e robe (*)\/ pru\u017eanje sljede\u0107e usluge (*)<br \/>\n&#8211; Naru\u010deno (*)\/primljeno (*)<br \/>\n&#8211; ime potro\u0161a\u010da<br \/>\n&#8211; Adresu potro\u0161a\u010da<br \/>\n&#8211; Potpis potro\u0161a\u010da (samo ako se obavijest vr\u0161i na papiru)<br \/>\n&#8211; Sastanak<br \/>\n&#8212;&#8212;&#8212;&#8212;&#8212;&#8212;&#8212;&#8212;&#8212;&#8212;&#8212;&#8212;&#8212;<br \/>\n(*) Izbrisati ako nije potrebno.<\/p>\n<p><em>Isklju\u010denje ili prijevremeni istek prava na odustanak<\/em><br \/>\nPravo odustajanja ne odnosi se na ugovore<br \/>\nza isporuku robe koja nije monta\u017ena i za \u010diju je proizvodnju presudan individualni odabir ili opredjeljenje potro\u0161a\u010da ili koja je jasno prilago\u0111ena osobnim potrebama potro\u0161a\u010da;<br \/>\nza isporuku robe koja se mo\u017ee brzo pokvariti ili kojoj bi uskoro istekao rok uporabe;<br \/>\nza isporuku alkoholnih pi\u0107a \u010dija je cijena ugovorena prilikom sklapanja ugovora, ali koja se mogu isporu\u010diti najranije 30 dana nakon sklapanja ugovora i \u010dija trenutna vrijednost ovisi o kolebanjima na tr\u017ei\u0161tu na kojem se poduzetnik nema utjecaja;<br \/>\nza dostavu novina, \u010dasopisa ili \u010dasopisa osim pretplatni\u010dkih ugovora.<br \/>\nPravo na odustajanje prerano isti\u010de za ugovore<br \/>\nza isporuku zape\u010da\u0107ene robe koja zbog za\u0161tite zdravlja ili higijene nije prikladna za povrat ako je pe\u010dat uklonjen nakon isporuke;<br \/>\nza isporuku robe ako je ona zbog svoje prirode bila neodvojivo pomije\u0161ana s drugom robom nakon isporuke;<br \/>\nza isporuku zvu\u010dnih ili video zapisa ili ra\u010dunalnog softvera u zape\u010da\u0107enom paketu ako je pe\u010dat o\u0161te\u0107en nakon isporuke.<\/p>\n<p><strong>Politika otkazivanja za potro\u0161a\u010de za ugovor za vi\u0161e roba koje je potro\u0161a\u010d naru\u010dio u okviru jedne narud\u017ebe i koja se isporu\u010duje odvojeno<\/strong><\/p>\n<p><em>Pravo na odustanak<\/em><br \/>\nPotro\u0161a\u010d je svaka fizi\u010dka osoba koja sklapa pravni posao u svrhe koje nisu prete\u017eno komercijalne niti samostalne djelatnosti.<\/p>\n<p><em>pravo na odustanak<\/em><br \/>\nImate pravo odustati od ovog ugovora u roku od \u010detrnaest dana bez navo\u0111enja razloga. Rok za otkazivanje je \u010detrnaest dana od dana kada ste vi ili tre\u0107a strana koju ste imenovali, a koja nije prijevoznik, preuzeli posljednju robu. Kako biste iskoristili svoje pravo na otkazivanje, morate nam poslati ([Umetnite: ime\/tvrtku, adresu, telefonski broj i adresu e-po\u0161te. Za to mo\u017eete koristiti i kratki kod  i pohraniti adresu u postavkama. ]) jasnom izjavom (npr. pismom poslanim po\u0161tom ili e-po\u0161tom) o va\u0161oj odluci o povla\u010denju iz ovog ugovora. Za to mo\u017eete koristiti prilo\u017eeni uzorak obrasca za opoziv, ali to nije obavezno. Kako biste ispunili rok za otkazivanje, dovoljno je da po\u0161aljete obavijest o ostvarivanju prava na odustajanje prije isteka roka za odustajanje.<\/p>\n<p><em>Posljedice opoziva<\/em><br \/>\nAko opozovete ovaj ugovor, platili smo vam sva pla\u0107anja koja smo primili od vas, uklju\u010duju\u0107i tro\u0161kove dostave (osim dodatnih tro\u0161kova koji proizlaze iz \u010dinjenice da ste odabrali drugu vrstu dostave od najjeftinije ponu\u0111ene standardne isporuke od strane nas), odmah, a najkasnije u roku od \u010detrnaest dana od dana kada smo primili obavijest o va\u0161em raskidu ovog ugovora. Za ovu otplatu koristimo ista sredstva pla\u0107anja koja ste koristili u izvornoj transakciji, osim ako ne\u0161to drugo nije izri\u010dito dogovoreno s vama; ni pod kojim okolnostima vam se ne\u0107e naplatiti naknada za ovu otplatu. Mo\u017eemo odbiti povrat dok ne primimo vra\u0107enu robu ili dok ne dostavite dokaz da ste robu vratili, ovisno o tome \u0161to je ranije. Robu nam morate vratiti ili predati odmah, au svakom slu\u010daju najkasnije u roku od \u010detrnaest dana od dana kada ste nas obavijestili o raskidu ovog ugovora. Rok je ispo\u0161tovan ako robu po\u0161aljete natrag prije isteka roka od \u010detrnaest dana.<br \/>\nVi snosite izravne tro\u0161kove povrata robe.<br \/>\nOdgovorni ste samo za bilo kakvu smanjenu vrijednost robe koja proizlazi iz rukovanja osim onoga \u0161to je potrebno za utvr\u0111ivanje prirode, karakteristika i funkcioniranja robe. <\/p>\n<p><em>Uzorak obrasca za povla\u010denje<\/em><br \/>\n(Ako \u017eelite raskinuti ugovor, ispunite ovaj obrazac i po\u0161aljite ga natrag.)<br \/>\n&#8211; Za [umetnuti: ime\/tvrtku, adresu, adresu e-po\u0161te i, ako postoji, broj faksa]:<br \/>\n&#8211; Ja\/mi (*) ovime opozivam ugovor koji sam sklopio (*) za kupnju sljede\u0107e robe (*)\/ pru\u017eanje sljede\u0107e usluge (*)<br \/>\n&#8211; Naru\u010deno (*)\/primljeno (*)<br \/>\n&#8211; ime potro\u0161a\u010da<br \/>\n&#8211; Adresu potro\u0161a\u010da<br \/>\n&#8211; Potpis potro\u0161a\u010da (samo ako se obavijest vr\u0161i na papiru)<br \/>\n&#8211; Sastanak<br \/>\n&#8212;&#8212;&#8212;&#8212;&#8212;&#8212;&#8212;&#8212;&#8212;&#8212;&#8212;&#8212;&#8212;<br \/>\n(*) Izbrisati ako nije potrebno.<\/p>\n<p><em>Isklju\u010denje ili prijevremeni istek prava na odustanak<br \/>\nPravo odustajanja ne odnosi se na ugovore<\/em><br \/>\nza isporuku robe koja nije monta\u017ena i za \u010diju je proizvodnju presudan individualni odabir ili opredjeljenje potro\u0161a\u010da ili koja je jasno prilago\u0111ena osobnim potrebama potro\u0161a\u010da;<br \/>\nza isporuku robe koja se mo\u017ee brzo pokvariti ili kojoj bi uskoro istekao rok uporabe;<br \/>\nza isporuku alkoholnih pi\u0107a \u010dija je cijena ugovorena prilikom sklapanja ugovora, ali koja se mogu isporu\u010diti najranije 30 dana nakon sklapanja ugovora i \u010dija trenutna vrijednost ovisi o kolebanjima na tr\u017ei\u0161tu na kojem se poduzetnik nema utjecaja;<br \/>\nza isporuku novina, \u010dasopisa ili \u010dasopisa osim pretplatni\u010dkih ugovora.<br \/>\nPravo na odustajanje prerano isti\u010de za ugovore<br \/>\nza isporuku zape\u010da\u0107ene robe koja zbog za\u0161tite zdravlja ili higijene nije prikladna za povrat ako je pe\u010dat uklonjen nakon isporuke;<br \/>\nza isporuku robe ako je ona zbog svoje prirode bila neodvojivo pomije\u0161ana s drugom robom nakon isporuke;<br \/>\nza isporuku zvu\u010dnih ili video zapisa ili ra\u010dunalnog softvera u zape\u010da\u0107enom paketu ako je pe\u010dat o\u0161te\u0107en nakon isporuke.<\/p>\n<p><strong>Politika otkaza za potro\u0161a\u010de kod ugovora o isporuci proizvoda u vi\u0161e parcijalnih usluga ili komada<\/strong><\/p>\n<p><em>Pravo na odustanak<\/em><br \/>\nPotro\u0161a\u010d je svaka fizi\u010dka osoba koja sklapa pravni posao u svrhe koje nisu prete\u017eno komercijalne niti samostalne djelatnosti.<\/p>\n<p><em>pravo na odustanak<\/em><br \/>\nImate pravo odustati od ovog ugovora u roku od \u010detrnaest dana bez navo\u0111enja razloga. Razdoblje otkazivanja je \u010detrnaest dana od dana kada ste vi ili tre\u0107a strana koju ste imenovali, a koja nije prijevoznik, preuzeli zadnju djelomi\u010dnu po\u0161iljku ili zadnji komad. Kako biste iskoristili svoje pravo na otkazivanje, morate nam poslati ([Umetnite: ime\/tvrtku, adresu, telefonski broj i adresu e-po\u0161te. Za to mo\u017eete koristiti i kratki kod  i pohraniti adresu u postavkama. ]) jasnom izjavom (npr. pismom poslanim po\u0161tom ili e-po\u0161tom) o va\u0161oj odluci o povla\u010denju iz ovog ugovora. Za to mo\u017eete koristiti prilo\u017eeni uzorak obrasca za opoziv, ali to nije obavezno. Kako biste ispunili rok za otkazivanje, dovoljno je da po\u0161aljete obavijest o ostvarivanju prava na odustajanje prije isteka roka za odustajanje.<\/p>\n<p><em>Posljedice opoziva<\/em><br \/>\nAko opozovete ovaj ugovor, platili smo vam sva pla\u0107anja koja smo primili od vas, uklju\u010duju\u0107i tro\u0161kove dostave (osim dodatnih tro\u0161kova koji proizlaze iz \u010dinjenice da ste odabrali drugu vrstu dostave od najjeftinije ponu\u0111ene standardne isporuke od strane nas), odmah, a najkasnije u roku od \u010detrnaest dana od dana kada smo primili obavijest o va\u0161em raskidu ovog ugovora. Za ovu otplatu koristimo ista sredstva pla\u0107anja koja ste koristili u izvornoj transakciji, osim ako ne\u0161to drugo nije izri\u010dito dogovoreno s vama; ni pod kojim okolnostima vam se ne\u0107e naplatiti naknada za ovu otplatu. Mo\u017eemo odbiti povrat dok ne primimo vra\u0107enu robu ili dok ne dostavite dokaz da ste robu vratili, ovisno o tome \u0161to je ranije. Robu nam morate vratiti ili predati odmah, au svakom slu\u010daju najkasnije u roku od \u010detrnaest dana od dana kada ste nas obavijestili o raskidu ovog ugovora. Rok je ispo\u0161tovan ako robu po\u0161aljete natrag prije isteka roka od \u010detrnaest dana.<br \/>\nVi snosite izravne tro\u0161kove povrata robe.<br \/>\nOdgovorni ste samo za bilo kakvu smanjenu vrijednost robe koja proizlazi iz rukovanja osim onoga \u0161to je potrebno za utvr\u0111ivanje prirode, karakteristika i funkcioniranja robe. <\/p>\n<p><em>Uzorak obrasca za otkazivanje<\/em><br \/>\n(Ako \u017eelite raskinuti ugovor, ispunite ovaj obrazac i po\u0161aljite ga natrag.)<br \/>\n&#8211; Za [umetnuti: ime\/tvrtku, adresu, adresu e-po\u0161te i, ako postoji, broj faksa]:<br \/>\n&#8211; Ja\/mi (*) ovime opozivam ugovor koji sam sklopio (*) za kupnju sljede\u0107e robe (*)\/ pru\u017eanje sljede\u0107e usluge (*)<br \/>\n&#8211; Naru\u010deno (*)\/primljeno (*)<br \/>\n&#8211; ime potro\u0161a\u010da<br \/>\n&#8211; Adresu potro\u0161a\u010da<br \/>\n&#8211; Potpis potro\u0161a\u010da (samo ako se obavijest vr\u0161i na papiru)<br \/>\n&#8211; Sastanak<br \/>\n&#8212;&#8212;&#8212;&#8212;&#8212;&#8212;&#8212;&#8212;&#8212;&#8212;&#8212;&#8212;&#8212;<br \/>\n(*) Izbrisati ako nije potrebno.<\/p>\n<p><em>Isklju\u010denje ili prijevremeni istek prava na odustanak<br \/>\nPravo odustajanja ne odnosi se na ugovore<\/em><br \/>\nza isporuku robe koja nije monta\u017ena i za \u010diju je proizvodnju presudan individualni odabir ili opredjeljenje potro\u0161a\u010da ili koja je jasno prilago\u0111ena osobnim potrebama potro\u0161a\u010da;<br \/>\nza isporuku robe koja se mo\u017ee brzo pokvariti ili kojoj bi uskoro istekao rok uporabe;<br \/>\nza isporuku alkoholnih pi\u0107a \u010dija je cijena ugovorena prilikom sklapanja ugovora, ali koja se mogu isporu\u010diti najranije 30 dana nakon sklapanja ugovora i \u010dija trenutna vrijednost ovisi o kolebanjima na tr\u017ei\u0161tu na kojem se poduzetnik nema utjecaja;<br \/>\nza isporuku novina, \u010dasopisa ili \u010dasopisa osim pretplatni\u010dkih ugovora.<br \/>\nPravo na odustajanje prerano isti\u010de za ugovore<br \/>\nza isporuku zape\u010da\u0107ene robe koja zbog za\u0161tite zdravlja ili higijene nije prikladna za povrat ako je pe\u010dat uklonjen nakon isporuke;<br \/>\nza isporuku robe ako je ona zbog svoje prirode bila neodvojivo pomije\u0161ana s drugom robom nakon isporuke;<br \/>\nza isporuku zvu\u010dnih ili video zapisa ili ra\u010dunalnog softvera u zape\u010da\u0107enom paketu ako je pe\u010dat o\u0161te\u0107en nakon isporuke;<\/p>\n<p><strong>Politika otkaza za potro\u0161a\u010de za ugovor o redovnoj isporuci robe u odre\u0111enom vremenskom razdoblju<\/strong><\/p>\n<p><em>Pravo na odustanak<\/em><br \/>\nPotro\u0161a\u010d je svaka fizi\u010dka osoba koja sklapa pravni posao u svrhe koje nisu prete\u017eno komercijalne niti samostalne djelatnosti.<\/p>\n<p><em>pravo na odustanak<\/em><br \/>\nImate pravo odustati od ovog ugovora u roku od \u010detrnaest dana bez navo\u0111enja razloga. Rok za otkazivanje je \u010detrnaest dana od dana kada ste vi ili tre\u0107a strana koju ste imenovali, a koja nije prijevoznik, preuzeli prvu robu. Kako biste iskoristili svoje pravo na otkazivanje, morate nam poslati ([Umetnite: ime\/tvrtku, adresu, telefonski broj i adresu e-po\u0161te. Za to mo\u017eete koristiti i kratki kod  i pohraniti adresu u postavkama. ]) jasnom izjavom (npr. pismom poslanim po\u0161tom ili e-po\u0161tom) o va\u0161oj odluci o povla\u010denju iz ovog ugovora. Za to mo\u017eete koristiti prilo\u017eeni uzorak obrasca za opoziv, ali to nije obavezno. Kako biste ispunili rok za otkazivanje, dovoljno je da po\u0161aljete obavijest o ostvarivanju prava na odustajanje prije isteka roka za odustajanje.<\/p>\n<p><em>Posljedice opoziva<\/em><br \/>\nAko opozovete ovaj ugovor, platili smo vam sva pla\u0107anja koja smo primili od vas, uklju\u010duju\u0107i tro\u0161kove dostave (osim dodatnih tro\u0161kova koji proizlaze iz \u010dinjenice da ste odabrali drugu vrstu dostave od najjeftinije ponu\u0111ene standardne isporuke od strane nas), odmah, a najkasnije u roku od \u010detrnaest dana od dana kada smo primili obavijest o va\u0161em raskidu ovog ugovora. Za ovu otplatu koristimo ista sredstva pla\u0107anja koja ste koristili u izvornoj transakciji, osim ako ne\u0161to drugo nije izri\u010dito dogovoreno s vama; ni pod kojim okolnostima vam se ne\u0107e naplatiti naknada za ovu otplatu. Mo\u017eemo odbiti povrat dok ne primimo vra\u0107enu robu ili dok ne dostavite dokaz da ste robu vratili, ovisno o tome \u0161to je ranije. Robu nam morate vratiti ili predati odmah, au svakom slu\u010daju najkasnije u roku od \u010detrnaest dana od dana kada ste nas obavijestili o raskidu ovog ugovora. Rok je ispo\u0161tovan ako robu po\u0161aljete natrag prije isteka roka od \u010detrnaest dana.<br \/>\nVi snosite izravne tro\u0161kove povrata robe.<br \/>\nOdgovorni ste samo za bilo kakvu smanjenu vrijednost robe koja proizlazi iz rukovanja osim onoga \u0161to je potrebno za utvr\u0111ivanje prirode, karakteristika i funkcioniranja robe. <\/p>\n<p><em>Uzorak obrasca za povla\u010denje<\/em><br \/>\n(Ako \u017eelite raskinuti ugovor, ispunite ovaj obrazac i po\u0161aljite ga natrag.)<br \/>\n&#8211; Za [umetnuti: ime\/tvrtku, adresu, adresu e-po\u0161te i, ako postoji, broj faksa]:<br \/>\n&#8211; Ja\/mi (*) ovime opozivam ugovor koji sam sklopio (*) za kupnju sljede\u0107e robe (*)\/ pru\u017eanje sljede\u0107e usluge (*)<br \/>\n&#8211; Naru\u010deno (*)\/primljeno (*)<br \/>\n&#8211; ime potro\u0161a\u010da<br \/>\n&#8211; Adresu potro\u0161a\u010da<br \/>\n&#8211; Potpis potro\u0161a\u010da (samo ako se obavijest vr\u0161i na papiru)<br \/>\n&#8211; Sastanak<br \/>\n&#8212;&#8212;&#8212;&#8212;&#8212;&#8212;&#8212;&#8212;&#8212;&#8212;&#8212;&#8212;&#8212;<br \/>\n(*) Izbrisati ako nije potrebno<\/p>\n<p><em>Isklju\u010denje ili prijevremeni istek prava na odustanak<br \/>\nPravo odustajanja ne odnosi se na ugovore<\/em><br \/>\nza isporuku robe koja nije monta\u017ena i za \u010diju je proizvodnju presudan individualni odabir ili opredjeljenje potro\u0161a\u010da ili koja je jasno prilago\u0111ena osobnim potrebama potro\u0161a\u010da;<br \/>\nza isporuku robe koja se mo\u017ee brzo pokvariti ili kojoj bi uskoro istekao rok uporabe;<br \/>\nza isporuku alkoholnih pi\u0107a \u010dija je cijena ugovorena prilikom sklapanja ugovora, ali koja se mogu isporu\u010diti najranije 30 dana nakon sklapanja ugovora i \u010dija trenutna vrijednost ovisi o kolebanjima na tr\u017ei\u0161tu na kojem se poduzetnik nema utjecaja;<br \/>\nza dostavu novina, \u010dasopisa ili \u010dasopisa osim pretplatni\u010dkih ugovora.<br \/>\nPravo na odustajanje prerano isti\u010de za ugovore<br \/>\nza isporuku zape\u010da\u0107ene robe koja zbog za\u0161tite zdravlja ili higijene nije prikladna za povrat ako je pe\u010dat uklonjen nakon isporuke;<br \/>\nza isporuku robe ako je ona zbog svoje prirode bila neodvojivo pomije\u0161ana s drugom robom nakon isporuke;<br \/>\nza isporuku zvu\u010dnih ili video zapisa ili ra\u010dunalnog softvera u zape\u010da\u0107enom paketu ako je pe\u010dat o\u0161te\u0107en nakon isporuke.[\/et_pb_text][\/et_pb_column][\/et_pb_row][\/et_pb_section]<\/p>\n","protected":false},"excerpt":{"rendered":"<p>Pravo na odustanak Politika otkazivanja narud\u017ebe nakita, tiskanih knjiga i CD-a. &nbsp; Potro\u0161a\u010di imaju zakonsko pravo na odustanak. Potro\u0161a\u010d je svaka fizi\u010dka osoba koja sklopi pravni posao u svrhe koje nisu prete\u017eno ni komercijalne ni samozaposlene (\u00a7 13 BGB). pravo na odustanak Imate pravo odustati od ovog ugovora u roku od \u010detrnaest dana bez navo\u0111enja [&hellip;]<\/p>\n","protected":false},"author":1,"featured_media":0,"parent":0,"menu_order":0,"comment_status":"closed","ping_status":"closed","template":"","meta":{"_et_pb_use_builder":"on","_et_pb_old_content":"","_et_gb_content_width":"","footnotes":""},"difl_page_category":[],"class_list":["post-230160","page","type-page","status-publish","hentry"],"_links":{"self":[{"href":"https:\/\/braco.global\/hr\/wp-json\/wp\/v2\/pages\/230160","targetHints":{"allow":["GET"]}}],"collection":[{"href":"https:\/\/braco.global\/hr\/wp-json\/wp\/v2\/pages"}],"about":[{"href":"https:\/\/braco.global\/hr\/wp-json\/wp\/v2\/types\/page"}],"author":[{"embeddable":true,"href":"https:\/\/braco.global\/hr\/wp-json\/wp\/v2\/users\/1"}],"replies":[{"embeddable":true,"href":"https:\/\/braco.global\/hr\/wp-json\/wp\/v2\/comments?post=230160"}],"version-history":[{"count":11,"href":"https:\/\/braco.global\/hr\/wp-json\/wp\/v2\/pages\/230160\/revisions"}],"predecessor-version":[{"id":282271,"href":"https:\/\/braco.global\/hr\/wp-json\/wp\/v2\/pages\/230160\/revisions\/282271"}],"wp:attachment":[{"href":"https:\/\/braco.global\/hr\/wp-json\/wp\/v2\/media?parent=230160"}],"wp:term":[{"taxonomy":"difl_page_category","embeddable":true,"href":"https:\/\/braco.global\/hr\/wp-json\/wp\/v2\/difl_page_category?post=230160"}],"curies":[{"name":"wp","href":"https:\/\/api.w.org\/{rel}","templated":true}]}}