{"id":6702,"date":"2020-06-23T16:53:04","date_gmt":"2020-06-23T16:53:04","guid":{"rendered":"https:\/\/braco.global\/?post_type=product&#038;p=6702"},"modified":"2025-11-23T13:37:57","modified_gmt":"2025-11-23T13:37:57","slug":"drago-plecko-misterij-braco-2-2","status":"publish","type":"product","link":"https:\/\/braco.global\/en\/shop\/drago-plecko-misterij-braco-2-2\/","title":{"rendered":"Das Mysterium Braco 2"},"content":{"rendered":"<p><strong>Das Mysterium Braco 2<br \/>\nvon <span class=\"text_product_detail\">Drago Ple\u010dko<\/span><br \/>\n<\/strong><\/p>\n<p><strong>Hardcover, 168 Seiten, mit innenliegender DVD<\/strong><\/p>\n<p>In seinem zweiten Buch beschreibt <em><strong>Drago Ple\u010dko<\/strong><\/em>, ausgehend von intensiven Gespr\u00e4chen mit Braco selbst und zahlreichen Besuchern, einen Schl\u00fcsselmoment f\u00fcr die Vorbereitung auf eine Begegnung mit Bracos gebendem Blick.<\/p>\n<p>Dabei steht das Loslassen eigener W\u00fcnsche, Vorstellungen und Planungen im Mittelpunkt. Auf diese Weise entstehen wertvolle Hinweise f\u00fcr Menschen, die sich auf ihre Begegnung mit Braco sinnvoll einstimmen m\u00f6chten. Zus\u00e4tzlich beschreibt und kommentiert Ple\u010dko seine pers\u00f6nlichen Erlebnisse in der Zusammenarbeit mit Braco. Diese Beobachtungen setzt er eindrucksvoll in Beziehung zu den Wahrheiten, die er bisher f\u00fcr sich erkannt hat.<\/p>\n","protected":false},"excerpt":{"rendered":"<p>Das Mysterium Braco 2 von Drago Ple\u010dko Hardcover, 168 Seiten, mit innenliegender DVD In seinem zweiten Buch beschreibt Drago Ple\u010dko, ausgehend von intensiven Gespr\u00e4chen mit Braco selbst und zahlreichen Besuchern, einen Schl\u00fcsselmoment f\u00fcr die Vorbereitung auf eine Begegnung mit Bracos gebendem Blick. Dabei steht das Loslassen eigener W\u00fcnsche, Vorstellungen und Planungen im Mittelpunkt. Auf diese [&hellip;]<\/p>\n","protected":false},"featured_media":225508,"template":"","meta":{"_et_pb_use_builder":"","_et_pb_old_content":"","_et_gb_content_width":""},"product_brand":[],"product_cat":[89],"product_tag":[],"class_list":{"0":"post-6702","1":"product","2":"type-product","3":"status-publish","4":"has-post-thumbnail","6":"product_cat-buecher","7":"product_shipping_class-shipp","9":"first","10":"instock","11":"taxable","12":"shipping-taxable","13":"purchasable","14":"product-type-simple"},"_links":{"self":[{"href":"https:\/\/braco.global\/en\/wp-json\/wp\/v2\/product\/6702","targetHints":{"allow":["GET"]}}],"collection":[{"href":"https:\/\/braco.global\/en\/wp-json\/wp\/v2\/product"}],"about":[{"href":"https:\/\/braco.global\/en\/wp-json\/wp\/v2\/types\/product"}],"wp:featuredmedia":[{"embeddable":true,"href":"https:\/\/braco.global\/en\/wp-json\/wp\/v2\/media\/225508"}],"wp:attachment":[{"href":"https:\/\/braco.global\/en\/wp-json\/wp\/v2\/media?parent=6702"}],"wp:term":[{"taxonomy":"product_brand","embeddable":true,"href":"https:\/\/braco.global\/en\/wp-json\/wp\/v2\/product_brand?post=6702"},{"taxonomy":"product_cat","embeddable":true,"href":"https:\/\/braco.global\/en\/wp-json\/wp\/v2\/product_cat?post=6702"},{"taxonomy":"product_tag","embeddable":true,"href":"https:\/\/braco.global\/en\/wp-json\/wp\/v2\/product_tag?post=6702"}],"curies":[{"name":"wp","href":"https:\/\/api.w.org\/{rel}","templated":true}]}}