{"id":6695,"date":"2020-06-23T17:30:06","date_gmt":"2020-06-23T17:30:06","guid":{"rendered":"https:\/\/braco.global\/?post_type=product&#038;p=6695"},"modified":"2022-08-04T04:56:14","modified_gmt":"2022-08-04T04:56:14","slug":"ivica-prokic-novi-pocetak-2","status":"publish","type":"product","link":"https:\/\/braco.global\/en\/shop\/ivica-prokic-novi-pocetak-2\/","title":{"rendered":"Ivica Proki\u0107: Novi po\u010detak"},"content":{"rendered":"<p><strong>Ivica Proki\u0107: Novi po\u010detak<br \/>\n<\/strong><\/p>\n<p><strong>D\u017eepna knjiga, 131 stranica<\/strong><\/p>\n","protected":false},"excerpt":{"rendered":"<p>Ivica Proki\u0107: Novi po\u010detak D\u017eepna knjiga, 131 stranica<\/p>\n","protected":false},"featured_media":6696,"template":"","meta":{"_et_pb_use_builder":"","_et_pb_old_content":"","_et_gb_content_width":""},"product_brand":[],"product_cat":[17],"product_tag":[],"class_list":{"0":"post-6695","1":"product","2":"type-product","3":"status-publish","4":"has-post-thumbnail","6":"product_cat-unkategorisiert","8":"first","9":"instock","10":"taxable","11":"shipping-taxable","12":"purchasable","13":"product-type-simple"},"_links":{"self":[{"href":"https:\/\/braco.global\/en\/wp-json\/wp\/v2\/product\/6695","targetHints":{"allow":["GET"]}}],"collection":[{"href":"https:\/\/braco.global\/en\/wp-json\/wp\/v2\/product"}],"about":[{"href":"https:\/\/braco.global\/en\/wp-json\/wp\/v2\/types\/product"}],"wp:featuredmedia":[{"embeddable":true,"href":"https:\/\/braco.global\/en\/wp-json\/wp\/v2\/media\/6696"}],"wp:attachment":[{"href":"https:\/\/braco.global\/en\/wp-json\/wp\/v2\/media?parent=6695"}],"wp:term":[{"taxonomy":"product_brand","embeddable":true,"href":"https:\/\/braco.global\/en\/wp-json\/wp\/v2\/product_brand?post=6695"},{"taxonomy":"product_cat","embeddable":true,"href":"https:\/\/braco.global\/en\/wp-json\/wp\/v2\/product_cat?post=6695"},{"taxonomy":"product_tag","embeddable":true,"href":"https:\/\/braco.global\/en\/wp-json\/wp\/v2\/product_tag?post=6695"}],"curies":[{"name":"wp","href":"https:\/\/api.w.org\/{rel}","templated":true}]}}