{"id":6691,"date":"2020-06-23T17:33:58","date_gmt":"2020-06-23T17:33:58","guid":{"rendered":"https:\/\/braco.global\/?post_type=product&#038;p=6691"},"modified":"2022-08-04T04:56:14","modified_gmt":"2022-08-04T04:56:14","slug":"ivica-prokic-nebo-nam-pomaze-2","status":"publish","type":"product","link":"https:\/\/braco.global\/en\/shop\/ivica-prokic-nebo-nam-pomaze-2\/","title":{"rendered":"Ivica Proki\u0107: Nebo nam poma\u017ee"},"content":{"rendered":"<p><strong>Ivica Proki\u0107: Nebo nam poma\u017ee<br \/>\n<\/strong><\/p>\n<p><strong>D\u017eepna knjiga, 126 stranica<\/strong><\/p>\n<p>Svoje iznena\u0111uju\u0107e spoznaje i proro\u010danstva objavio je Ivica Proki\u0107 u svojoj Dvanaestoj knjizi koja je nastala 1994. Upravo nam tre\u0107e tisu\u0107lje\u0107e donosi sa sobom neslu\u0107ene promjene: zlatno doba jedne nove civilizacije.<\/p>\n<p>Ivica je vjerno obavio svoju misiju. Jednako se tako i vjerni posjetitelji Srebrnjaka vesele novom, boljem dobu i cijene svaki ljep\u0161i po\u010detak u sretniji \u017eivot sve do dana\u0161njeg dana pa i u budu\u0107nosti \u2013 zahvaljuju\u0107i osobi koja je naslijedila Ivicu \u2013 Braci.<\/p>\n","protected":false},"excerpt":{"rendered":"<p>Ivica Proki\u0107: Nebo nam poma\u017ee D\u017eepna knjiga, 126 stranica Svoje iznena\u0111uju\u0107e spoznaje i proro\u010danstva objavio je Ivica Proki\u0107 u svojoj Dvanaestoj knjizi koja je nastala 1994. Upravo nam tre\u0107e tisu\u0107lje\u0107e donosi sa sobom neslu\u0107ene promjene: zlatno doba jedne nove civilizacije. Ivica je vjerno obavio svoju misiju. Jednako se tako i vjerni posjetitelji Srebrnjaka vesele novom, [&hellip;]<\/p>\n","protected":false},"featured_media":6692,"template":"","meta":{"_et_pb_use_builder":"","_et_pb_old_content":"","_et_gb_content_width":""},"product_brand":[],"product_cat":[17],"product_tag":[],"class_list":{"0":"post-6691","1":"product","2":"type-product","3":"status-publish","4":"has-post-thumbnail","6":"product_cat-unkategorisiert","8":"first","9":"instock","10":"taxable","11":"shipping-taxable","12":"purchasable","13":"product-type-simple"},"_links":{"self":[{"href":"https:\/\/braco.global\/en\/wp-json\/wp\/v2\/product\/6691","targetHints":{"allow":["GET"]}}],"collection":[{"href":"https:\/\/braco.global\/en\/wp-json\/wp\/v2\/product"}],"about":[{"href":"https:\/\/braco.global\/en\/wp-json\/wp\/v2\/types\/product"}],"wp:featuredmedia":[{"embeddable":true,"href":"https:\/\/braco.global\/en\/wp-json\/wp\/v2\/media\/6692"}],"wp:attachment":[{"href":"https:\/\/braco.global\/en\/wp-json\/wp\/v2\/media?parent=6691"}],"wp:term":[{"taxonomy":"product_brand","embeddable":true,"href":"https:\/\/braco.global\/en\/wp-json\/wp\/v2\/product_brand?post=6691"},{"taxonomy":"product_cat","embeddable":true,"href":"https:\/\/braco.global\/en\/wp-json\/wp\/v2\/product_cat?post=6691"},{"taxonomy":"product_tag","embeddable":true,"href":"https:\/\/braco.global\/en\/wp-json\/wp\/v2\/product_tag?post=6691"}],"curies":[{"name":"wp","href":"https:\/\/api.w.org\/{rel}","templated":true}]}}