{"id":6687,"date":"2020-06-23T17:36:11","date_gmt":"2020-06-23T17:36:11","guid":{"rendered":"https:\/\/braco.global\/?post_type=product&#038;p=6687"},"modified":"2022-08-04T04:56:14","modified_gmt":"2022-08-04T04:56:14","slug":"ivica-prokic-sreca-u-kuci-2","status":"publish","type":"product","link":"https:\/\/braco.global\/en\/shop\/ivica-prokic-sreca-u-kuci-2\/","title":{"rendered":"Ivica Proki\u0107: Sre\u0107a u ku\u0107i"},"content":{"rendered":"<p><strong>Ivica Proki\u0107: Sre\u0107a u ku\u0107i<br \/>\n<\/strong><\/p>\n<p><strong>D\u017eepna knjiga, 112 stranica<\/strong><\/p>\n<p>Tko je do\u0161ao k njemu, Ivica Prokic mu je otvorio vrata. \u201eNakon Va\u0161e nesre\u0107e, dolazi sre\u0107a.\u201c Razumio je ljude koji su mu dolazili, budu\u0107i da je i sam do\u017eivio jad, tugu, bol i ogor\u010denost. Veliki prorok iz Zagreba neumorno je govorio o boljoj budu\u0107nosti. Tako je i Gordana do\u017eivljavala vi\u0161e sre\u0107e zahvaljuju\u0107i Ivi\u010dinom radu: ona je opet sretna i du\u0161evno uravnote\u017eena.<\/p>\n<p>Hrvatski prorok iz Zagreba znao je da \u0107e onaj, koji \u010dita njegove knjige, na\u0107i put k sebi i da kod \u010ditanja u njega ulazi nevidljiva snaga \u2013 kako to opisuju bliski Ivi\u010dini suradnici.<\/p>\n<p>I u ovoj knjizi, koja je nastala u studenom 1994. godine Ivica opisuje na lako razumljivim primjerima na\u010din na koji dolazi sre\u0107a tako da je \u201eSre\u0107a u ku\u0107i\u201c ve\u0107 u\u0161la u mnoge domove.<\/p>\n","protected":false},"excerpt":{"rendered":"<p>Ivica Proki\u0107: Sre\u0107a u ku\u0107i D\u017eepna knjiga, 112 stranica Tko je do\u0161ao k njemu, Ivica Prokic mu je otvorio vrata. \u201eNakon Va\u0161e nesre\u0107e, dolazi sre\u0107a.\u201c Razumio je ljude koji su mu dolazili, budu\u0107i da je i sam do\u017eivio jad, tugu, bol i ogor\u010denost. Veliki prorok iz Zagreba neumorno je govorio o boljoj budu\u0107nosti. Tako je [&hellip;]<\/p>\n","protected":false},"featured_media":6688,"template":"","meta":{"_et_pb_use_builder":"","_et_pb_old_content":"","_et_gb_content_width":""},"product_brand":[],"product_cat":[17],"product_tag":[],"class_list":{"0":"post-6687","1":"product","2":"type-product","3":"status-publish","4":"has-post-thumbnail","6":"product_cat-unkategorisiert","8":"first","9":"instock","10":"taxable","11":"shipping-taxable","12":"purchasable","13":"product-type-simple"},"_links":{"self":[{"href":"https:\/\/braco.global\/en\/wp-json\/wp\/v2\/product\/6687","targetHints":{"allow":["GET"]}}],"collection":[{"href":"https:\/\/braco.global\/en\/wp-json\/wp\/v2\/product"}],"about":[{"href":"https:\/\/braco.global\/en\/wp-json\/wp\/v2\/types\/product"}],"wp:featuredmedia":[{"embeddable":true,"href":"https:\/\/braco.global\/en\/wp-json\/wp\/v2\/media\/6688"}],"wp:attachment":[{"href":"https:\/\/braco.global\/en\/wp-json\/wp\/v2\/media?parent=6687"}],"wp:term":[{"taxonomy":"product_brand","embeddable":true,"href":"https:\/\/braco.global\/en\/wp-json\/wp\/v2\/product_brand?post=6687"},{"taxonomy":"product_cat","embeddable":true,"href":"https:\/\/braco.global\/en\/wp-json\/wp\/v2\/product_cat?post=6687"},{"taxonomy":"product_tag","embeddable":true,"href":"https:\/\/braco.global\/en\/wp-json\/wp\/v2\/product_tag?post=6687"}],"curies":[{"name":"wp","href":"https:\/\/api.w.org\/{rel}","templated":true}]}}