{"id":6685,"date":"2020-06-23T17:36:54","date_gmt":"2020-06-23T17:36:54","guid":{"rendered":"https:\/\/braco.global\/?post_type=product&#038;p=6685"},"modified":"2022-08-04T04:56:14","modified_gmt":"2022-08-04T04:56:14","slug":"ivica-prokic-radost-sreca-na-terenu-2","status":"publish","type":"product","link":"https:\/\/braco.global\/en\/shop\/ivica-prokic-radost-sreca-na-terenu-2\/","title":{"rendered":"Ivica Proki\u0107: Radost sre\u0107a na terenu"},"content":{"rendered":"<p><strong>Ivica Proki\u0107: Radost sre\u0107a na terenu<br \/>\n<\/strong><\/p>\n<p><strong>D\u017eepna knjiga, 116 stranica<\/strong><\/p>\n","protected":false},"excerpt":{"rendered":"<p>Ivica Proki\u0107: Radost sre\u0107a na terenu D\u017eepna knjiga, 116 stranica<\/p>\n","protected":false},"featured_media":6686,"template":"","meta":{"_et_pb_use_builder":"","_et_pb_old_content":"","_et_gb_content_width":""},"product_brand":[],"product_cat":[17],"product_tag":[],"class_list":{"0":"post-6685","1":"product","2":"type-product","3":"status-publish","4":"has-post-thumbnail","6":"product_cat-unkategorisiert","8":"first","9":"instock","10":"taxable","11":"shipping-taxable","12":"purchasable","13":"product-type-simple"},"_links":{"self":[{"href":"https:\/\/braco.global\/en\/wp-json\/wp\/v2\/product\/6685","targetHints":{"allow":["GET"]}}],"collection":[{"href":"https:\/\/braco.global\/en\/wp-json\/wp\/v2\/product"}],"about":[{"href":"https:\/\/braco.global\/en\/wp-json\/wp\/v2\/types\/product"}],"wp:featuredmedia":[{"embeddable":true,"href":"https:\/\/braco.global\/en\/wp-json\/wp\/v2\/media\/6686"}],"wp:attachment":[{"href":"https:\/\/braco.global\/en\/wp-json\/wp\/v2\/media?parent=6685"}],"wp:term":[{"taxonomy":"product_brand","embeddable":true,"href":"https:\/\/braco.global\/en\/wp-json\/wp\/v2\/product_brand?post=6685"},{"taxonomy":"product_cat","embeddable":true,"href":"https:\/\/braco.global\/en\/wp-json\/wp\/v2\/product_cat?post=6685"},{"taxonomy":"product_tag","embeddable":true,"href":"https:\/\/braco.global\/en\/wp-json\/wp\/v2\/product_tag?post=6685"}],"curies":[{"name":"wp","href":"https:\/\/api.w.org\/{rel}","templated":true}]}}