{"id":6683,"date":"2020-06-23T17:38:24","date_gmt":"2020-06-23T17:38:24","guid":{"rendered":"https:\/\/braco.global\/?post_type=product&#038;p=6683"},"modified":"2022-08-04T04:56:14","modified_gmt":"2022-08-04T04:56:14","slug":"ivica-prokic-prorocanstva-prokic-ivice-2","status":"publish","type":"product","link":"https:\/\/braco.global\/en\/shop\/ivica-prokic-prorocanstva-prokic-ivice-2\/","title":{"rendered":"Ivica Proki\u0107: Proro\u010danstva Proki\u0107 Ivice"},"content":{"rendered":"<p><strong>Ivica Proki\u0107: Proro\u010danstva Proki\u0107 Ivice<br \/>\n<\/strong><\/p>\n<p><strong>D\u017eepna knjiga, 134 stranica<\/strong><\/p>\n<p>Ivica Prokic, poznat i kao \u201eZagreba\u010dki Nostradamus\u201c najavio je i u svojoj Sedmoj knjizi jednu novu civilizaciju koja \u0107e kora\u010dati putem mira, sunca i ljubavi. Za knjigu koja je nastala u godini1994. zna\u010dajni su slijede\u0107i naslovi pogavlja \u201eProro\u010danstva koja su se ispunila\u201c i \u201eProro\u010danstva \u010dija ispunjenja o\u010dekujemo\u201c.<\/p>\n<p>Proki\u0107 je savjetovao svojim posjetiteljima \u010ditanje njegovih knjiga kao bi im pomogao da tako lak\u0161e na\u0111u put mira do sebe samih i kako bi lak\u0161e shvatili svoj vlastiti Bitak. Ova knjiga obja\u0161njava i ne ba\u0161 jednostavne okolnosti o tomu kako je Braco postao \u201eIvi\u010dina desna ruka\u201c kao i kako je nastao simbol Sunca.<\/p>\n","protected":false},"excerpt":{"rendered":"<p>Ivica Proki\u0107: Proro\u010danstva Proki\u0107 Ivice D\u017eepna knjiga, 134 stranica Ivica Prokic, poznat i kao \u201eZagreba\u010dki Nostradamus\u201c najavio je i u svojoj Sedmoj knjizi jednu novu civilizaciju koja \u0107e kora\u010dati putem mira, sunca i ljubavi. Za knjigu koja je nastala u godini1994. zna\u010dajni su slijede\u0107i naslovi pogavlja \u201eProro\u010danstva koja su se ispunila\u201c i \u201eProro\u010danstva \u010dija ispunjenja [&hellip;]<\/p>\n","protected":false},"featured_media":6684,"template":"","meta":{"_et_pb_use_builder":"","_et_pb_old_content":"","_et_gb_content_width":""},"product_brand":[],"product_cat":[17],"product_tag":[],"class_list":{"0":"post-6683","1":"product","2":"type-product","3":"status-publish","4":"has-post-thumbnail","6":"product_cat-unkategorisiert","8":"first","9":"instock","10":"taxable","11":"shipping-taxable","12":"purchasable","13":"product-type-simple"},"_links":{"self":[{"href":"https:\/\/braco.global\/en\/wp-json\/wp\/v2\/product\/6683","targetHints":{"allow":["GET"]}}],"collection":[{"href":"https:\/\/braco.global\/en\/wp-json\/wp\/v2\/product"}],"about":[{"href":"https:\/\/braco.global\/en\/wp-json\/wp\/v2\/types\/product"}],"wp:featuredmedia":[{"embeddable":true,"href":"https:\/\/braco.global\/en\/wp-json\/wp\/v2\/media\/6684"}],"wp:attachment":[{"href":"https:\/\/braco.global\/en\/wp-json\/wp\/v2\/media?parent=6683"}],"wp:term":[{"taxonomy":"product_brand","embeddable":true,"href":"https:\/\/braco.global\/en\/wp-json\/wp\/v2\/product_brand?post=6683"},{"taxonomy":"product_cat","embeddable":true,"href":"https:\/\/braco.global\/en\/wp-json\/wp\/v2\/product_cat?post=6683"},{"taxonomy":"product_tag","embeddable":true,"href":"https:\/\/braco.global\/en\/wp-json\/wp\/v2\/product_tag?post=6683"}],"curies":[{"name":"wp","href":"https:\/\/api.w.org\/{rel}","templated":true}]}}