{"id":6677,"date":"2020-06-23T17:41:57","date_gmt":"2020-06-23T17:41:57","guid":{"rendered":"https:\/\/braco.global\/?post_type=product&#038;p=6677"},"modified":"2022-08-04T04:56:57","modified_gmt":"2022-08-04T04:56:57","slug":"ivica-prokic-hrvatsko-prorocanstvo","status":"publish","type":"product","link":"https:\/\/braco.global\/en\/shop\/ivica-prokic-hrvatsko-prorocanstvo\/","title":{"rendered":"Ivica Proki\u0107: Hrvatsko proro\u010danstvo"},"content":{"rendered":"<p><strong>Ivica Proki\u0107: Hrvatsko proro\u010danstvo<br \/>\n<\/strong><\/p>\n<p><strong>D\u017eepna knjiga, 144 stranica<\/strong><\/p>\n<p>Hrvat Ivica Proki\u0107, po\u010deo je u 41. godini \u017eivota govoriti o svojim vizijama i astralnim putovanjima. Prorok iz Zagreba ubrzo je postao poznat, budu\u0107i svoje sposobnosti nije koristio samo za dobrobit pojedinaca, jer su \u00abPredvi\u0111anja jedinog hrvatskog proroka s ogledalom\u00bb bila obznanjena u novinama.<\/p>\n<p>Tako\u0111er, kada su njegova predvi\u0111anja na kraju \u010dudesno osvanula, vrijeme je pokazalo da odgovaraju istini, a \u010ditatelju dana\u0161njeg vremena pru\u017ea se i vi\u0161e, zbog bogate pomo\u0107i i znanja u sva\u010dijem \u017eivotu. U svom tako tipi\u010dnom, vrlo direktnom i otvorenom na\u010dinu, Ivica Proki\u0107 opisuje kako je postao prorok te kako je iz po\u010detnih snova i jasne vizije do\u0161lo do prvih objava. U \u017eivoj prisutnosti, Proki\u0107 vidi pro\u0161lost i budu\u0107nost, uvijek vidi druga\u010diji doga\u0111aj, rade\u0107i uvijek kako mu njegovo srce ka\u017ee.<\/p>\n","protected":false},"excerpt":{"rendered":"<p>Ivica Proki\u0107: Hrvatsko proro\u010danstvo D\u017eepna knjiga, 144 stranica Hrvat Ivica Proki\u0107, po\u010deo je u 41. godini \u017eivota govoriti o svojim vizijama i astralnim putovanjima. Prorok iz Zagreba ubrzo je postao poznat, budu\u0107i svoje sposobnosti nije koristio samo za dobrobit pojedinaca, jer su \u00abPredvi\u0111anja jedinog hrvatskog proroka s ogledalom\u00bb bila obznanjena u novinama. Tako\u0111er, kada su [&hellip;]<\/p>\n","protected":false},"featured_media":6678,"template":"","meta":{"_et_pb_use_builder":"","_et_pb_old_content":"","_et_gb_content_width":""},"product_brand":[],"product_cat":[17],"product_tag":[],"class_list":{"0":"post-6677","1":"product","2":"type-product","3":"status-publish","4":"has-post-thumbnail","6":"product_cat-unkategorisiert","8":"first","9":"instock","10":"taxable","11":"shipping-taxable","12":"purchasable","13":"product-type-simple"},"_links":{"self":[{"href":"https:\/\/braco.global\/en\/wp-json\/wp\/v2\/product\/6677","targetHints":{"allow":["GET"]}}],"collection":[{"href":"https:\/\/braco.global\/en\/wp-json\/wp\/v2\/product"}],"about":[{"href":"https:\/\/braco.global\/en\/wp-json\/wp\/v2\/types\/product"}],"wp:featuredmedia":[{"embeddable":true,"href":"https:\/\/braco.global\/en\/wp-json\/wp\/v2\/media\/6678"}],"wp:attachment":[{"href":"https:\/\/braco.global\/en\/wp-json\/wp\/v2\/media?parent=6677"}],"wp:term":[{"taxonomy":"product_brand","embeddable":true,"href":"https:\/\/braco.global\/en\/wp-json\/wp\/v2\/product_brand?post=6677"},{"taxonomy":"product_cat","embeddable":true,"href":"https:\/\/braco.global\/en\/wp-json\/wp\/v2\/product_cat?post=6677"},{"taxonomy":"product_tag","embeddable":true,"href":"https:\/\/braco.global\/en\/wp-json\/wp\/v2\/product_tag?post=6677"}],"curies":[{"name":"wp","href":"https:\/\/api.w.org\/{rel}","templated":true}]}}