{"id":6633,"date":"2020-06-23T16:34:34","date_gmt":"2020-06-23T16:34:34","guid":{"rendered":"https:\/\/braco.global\/?post_type=product&#038;p=6633"},"modified":"2022-08-04T04:56:57","modified_gmt":"2022-08-04T04:56:57","slug":"bracin-pogled","status":"publish","type":"product","link":"https:\/\/braco.global\/en\/shop\/bracin-pogled\/","title":{"rendered":"Bracin pogled"},"content":{"rendered":"<p><strong>Bracin pogled &#8211; Nepoznata beskona\u010dnost<br \/>\nAutor: Prof. Dr. Vladimir Gruden<br \/>\n<\/strong><\/p>\n<p><strong>Tvrdi uvez, 146 stranica<\/strong><\/p>\n<p>Ova je knjiga ne\u010duveno, fantasti\u010dno i osvje\u017eavaju\u0107e \u017eiva, pro\u017eeta nadom!<\/p>\n<p>Dr. Gruden je kao Joseph Campbell i Master Yoda u jednom. On nam donosi bogatu pri\u010du o \u201enama\u201d i o tome kako mo\u017eemo prona\u0107i i zadr\u017eati najdra\u017ee \u017eivotno blago. Braco je klju\u010dni uzor koji \u010dovje\u010danstvu pokazuje put za uspje\u0161no putovanje, a uvid Dr. Grudena u snagu iza Bracine ti\u0161ine i dara fenomenalan je. \u201eBracin pogled \u2013 Nepoznata beskona\u010dnost\u201d promijenit \u0107e \u017eivote i donijeti optimizam i nadu tamo gdje je nema.<\/p>\n<p><strong>Angelika Whitecliff<\/strong> (<em>Autorica knjige 21 dan s Bracom<\/em>)<\/p>\n<p>&nbsp;<\/p>\n<p>&nbsp;<\/p>\n<p><iframe loading=\"lazy\" src=\"https:\/\/www.youtube.com\/embed\/iqGtZbjyrcg\" width=\"560\" height=\"315\" frameborder=\"0\" allowfullscreen=\"allowfullscreen\" data-mce-fragment=\"1\"><\/iframe><\/p>\n","protected":false},"excerpt":{"rendered":"<p>Bracin pogled &#8211; Nepoznata beskona\u010dnost Autor: Prof. Dr. Vladimir Gruden Tvrdi uvez, 146 stranica Ova je knjiga ne\u010duveno, fantasti\u010dno i osvje\u017eavaju\u0107e \u017eiva, pro\u017eeta nadom! Dr. Gruden je kao Joseph Campbell i Master Yoda u jednom. On nam donosi bogatu pri\u010du o \u201enama\u201d i o tome kako mo\u017eemo prona\u0107i i zadr\u017eati najdra\u017ee \u017eivotno blago. Braco je [&hellip;]<\/p>\n","protected":false},"featured_media":6455,"template":"","meta":{"_et_pb_use_builder":"","_et_pb_old_content":"","_et_gb_content_width":""},"product_brand":[],"product_cat":[17],"product_tag":[],"class_list":{"0":"post-6633","1":"product","2":"type-product","3":"status-publish","4":"has-post-thumbnail","6":"product_cat-unkategorisiert","8":"first","9":"instock","10":"taxable","11":"shipping-taxable","12":"purchasable","13":"product-type-simple"},"_links":{"self":[{"href":"https:\/\/braco.global\/en\/wp-json\/wp\/v2\/product\/6633","targetHints":{"allow":["GET"]}}],"collection":[{"href":"https:\/\/braco.global\/en\/wp-json\/wp\/v2\/product"}],"about":[{"href":"https:\/\/braco.global\/en\/wp-json\/wp\/v2\/types\/product"}],"wp:featuredmedia":[{"embeddable":true,"href":"https:\/\/braco.global\/en\/wp-json\/wp\/v2\/media\/6455"}],"wp:attachment":[{"href":"https:\/\/braco.global\/en\/wp-json\/wp\/v2\/media?parent=6633"}],"wp:term":[{"taxonomy":"product_brand","embeddable":true,"href":"https:\/\/braco.global\/en\/wp-json\/wp\/v2\/product_brand?post=6633"},{"taxonomy":"product_cat","embeddable":true,"href":"https:\/\/braco.global\/en\/wp-json\/wp\/v2\/product_cat?post=6633"},{"taxonomy":"product_tag","embeddable":true,"href":"https:\/\/braco.global\/en\/wp-json\/wp\/v2\/product_tag?post=6633"}],"curies":[{"name":"wp","href":"https:\/\/api.w.org\/{rel}","templated":true}]}}