{"id":3953,"date":"2020-03-18T14:42:25","date_gmt":"2020-03-18T14:42:25","guid":{"rendered":"https:\/\/braco.global\/?post_type=product&#038;p=3953"},"modified":"2022-08-04T04:56:57","modified_gmt":"2022-08-04T04:56:57","slug":"lepota-je-v-nas","status":"publish","type":"product","link":"https:\/\/braco.global\/en\/shop\/lepota-je-v-nas\/","title":{"rendered":"Lepota je v nas"},"content":{"rendered":"<p><strong>Lepota je v nas<\/strong><\/p>\n<p><strong>DVD, 31 minut<\/strong><\/p>\n<p><strong>DE, EN, HR, ES, SI, CZ, TR<\/strong><\/p>\n<p>Skrivnost \u017eivljenja je v energiji, ampak tudi v na\u0161i odprtosti. \u017divljenje lahko poka\u017ee svojo lepoto le, \u010de to dopustimo. Tudi v nemogo\u010dih razmerah \u017eivljenje najde pot k soncu &#8211; tako je tudi pri nas ljudeh. Obiskovalci, ki so pri\u0161li v Slovenijo, da bi sprejeli tisto kar te\u010de skozi Bracov pogled, govorijo o tem kako so se njihova \u017eivljenja spremenila na bolje. Ta DVD nas spodbuja, da se ponovno soo\u010dimo z ljubeznijo do sebe, da z radostjo pogledamo vase in da znamo ceniti notranjo lepoto slehernega \u017eivega bitja.<\/p>\n","protected":false},"excerpt":{"rendered":"<p>Lepota je v nas DVD, 31 minut DE, EN, HR, ES, SI, CZ, TR Skrivnost \u017eivljenja je v energiji, ampak tudi v na\u0161i odprtosti. \u017divljenje lahko poka\u017ee svojo lepoto le, \u010de to dopustimo. Tudi v nemogo\u010dih razmerah \u017eivljenje najde pot k soncu &#8211; tako je tudi pri nas ljudeh. Obiskovalci, ki so pri\u0161li v Slovenijo, [&hellip;]<\/p>\n","protected":false},"featured_media":5440,"template":"","meta":{"_et_pb_use_builder":"","_et_pb_old_content":"","_et_gb_content_width":""},"product_brand":[],"product_cat":[17],"product_tag":[],"class_list":{"0":"post-3953","1":"product","2":"type-product","3":"status-publish","4":"has-post-thumbnail","6":"product_cat-unkategorisiert","8":"first","9":"instock","10":"taxable","11":"shipping-taxable","12":"purchasable","13":"product-type-simple"},"_links":{"self":[{"href":"https:\/\/braco.global\/en\/wp-json\/wp\/v2\/product\/3953","targetHints":{"allow":["GET"]}}],"collection":[{"href":"https:\/\/braco.global\/en\/wp-json\/wp\/v2\/product"}],"about":[{"href":"https:\/\/braco.global\/en\/wp-json\/wp\/v2\/types\/product"}],"wp:featuredmedia":[{"embeddable":true,"href":"https:\/\/braco.global\/en\/wp-json\/wp\/v2\/media\/5440"}],"wp:attachment":[{"href":"https:\/\/braco.global\/en\/wp-json\/wp\/v2\/media?parent=3953"}],"wp:term":[{"taxonomy":"product_brand","embeddable":true,"href":"https:\/\/braco.global\/en\/wp-json\/wp\/v2\/product_brand?post=3953"},{"taxonomy":"product_cat","embeddable":true,"href":"https:\/\/braco.global\/en\/wp-json\/wp\/v2\/product_cat?post=3953"},{"taxonomy":"product_tag","embeddable":true,"href":"https:\/\/braco.global\/en\/wp-json\/wp\/v2\/product_tag?post=3953"}],"curies":[{"name":"wp","href":"https:\/\/api.w.org\/{rel}","templated":true}]}}