{"id":3952,"date":"2020-03-18T14:39:14","date_gmt":"2020-03-18T14:39:14","guid":{"rendered":"https:\/\/braco.global\/?post_type=product&#038;p=3952"},"modified":"2022-08-04T04:56:57","modified_gmt":"2022-08-04T04:56:57","slug":"mudanca-de-paradigma","status":"publish","type":"product","link":"https:\/\/braco.global\/en\/shop\/mudanca-de-paradigma\/","title":{"rendered":"Mudan\u00e7a de Paradigma"},"content":{"rendered":"<p><strong>Mudan\u00e7a de Paradigma<br \/>\nDVD, 60 <\/strong><strong>minutos<\/strong><\/p>\n<p><strong>DE, EN, HR (subt\u00edtulos: ES, PT)<\/strong><\/p>\n<p>&#8220;<em>A consci\u00eancia cria a forma e, portanto, a consci\u00eancia pode mudar a forma. A energia de luz pura que flui atrav\u00e9s do Braco age como um raio laser, de modo que a consci\u00eancia ao focar-se no seu potencial criativo, manifesta a sua magnific\u00eancia inata; na presen\u00e7a da energia pura que Braco nos oferce, tudo \u00e9 poss\u00edvel<\/em>&#8220;.<\/p>\n<p>A Mudan\u00e7a de Paradigma \u00e9 uma viagem \u00e0 transforma\u00e7\u00e3o que documenta as mudan\u00e7as na consci\u00eancia humana que foram experimentadas por milhares de pessoas em 2011 &#8211; o surgimento da luz e da esperan\u00e7a que evocam gentilmente o in\u00edcio dos tempos &#8211; desde as mudan\u00e7as subtis da percep\u00e7\u00e3o pessoal at\u00e9 aos sonhos ousados do mundo futuro. Trata-se de cura, de encontrar alegria, de criar harmonia num momento de revolta e disc\u00f3rdia. Com filmagens na Cro\u00e1cia, nos EUA e na \u00fanica visita de Braco ao Jap\u00e3o, a Mudan\u00e7a de Paradigma avan\u00e7a passo a passo em direc\u00e7\u00e3o ao ponto de viragem, momento em que a consci\u00eancia humana expressar\u00e1 a sua natureza mais verdadeira &#8211; manifestando de maneira elegante o amor, a alegria e a paz.<\/p>\n<p><iframe loading=\"lazy\" src=\"https:\/\/www.youtube.com\/embed\/6rin7x_Zrms\" width=\"560\" height=\"315\" frameborder=\"0\" allowfullscreen=\"allowfullscreen\"><\/iframe><\/p>\n","protected":false},"excerpt":{"rendered":"<p>Mudan\u00e7a de Paradigma DVD, 60 minutos DE, EN, HR (subt\u00edtulos: ES, PT) &#8220;A consci\u00eancia cria a forma e, portanto, a consci\u00eancia pode mudar a forma. A energia de luz pura que flui atrav\u00e9s do Braco age como um raio laser, de modo que a consci\u00eancia ao focar-se no seu potencial criativo, manifesta a sua magnific\u00eancia [&hellip;]<\/p>\n","protected":false},"featured_media":5385,"template":"","meta":{"_et_pb_use_builder":"","_et_pb_old_content":"","_et_gb_content_width":""},"product_brand":[],"product_cat":[17],"product_tag":[],"class_list":{"0":"post-3952","1":"product","2":"type-product","3":"status-publish","4":"has-post-thumbnail","6":"product_cat-unkategorisiert","8":"first","9":"instock","10":"taxable","11":"shipping-taxable","12":"purchasable","13":"product-type-simple"},"_links":{"self":[{"href":"https:\/\/braco.global\/en\/wp-json\/wp\/v2\/product\/3952","targetHints":{"allow":["GET"]}}],"collection":[{"href":"https:\/\/braco.global\/en\/wp-json\/wp\/v2\/product"}],"about":[{"href":"https:\/\/braco.global\/en\/wp-json\/wp\/v2\/types\/product"}],"wp:featuredmedia":[{"embeddable":true,"href":"https:\/\/braco.global\/en\/wp-json\/wp\/v2\/media\/5385"}],"wp:attachment":[{"href":"https:\/\/braco.global\/en\/wp-json\/wp\/v2\/media?parent=3952"}],"wp:term":[{"taxonomy":"product_brand","embeddable":true,"href":"https:\/\/braco.global\/en\/wp-json\/wp\/v2\/product_brand?post=3952"},{"taxonomy":"product_cat","embeddable":true,"href":"https:\/\/braco.global\/en\/wp-json\/wp\/v2\/product_cat?post=3952"},{"taxonomy":"product_tag","embeddable":true,"href":"https:\/\/braco.global\/en\/wp-json\/wp\/v2\/product_tag?post=3952"}],"curies":[{"name":"wp","href":"https:\/\/api.w.org\/{rel}","templated":true}]}}