{"id":3941,"date":"2020-03-18T14:27:15","date_gmt":"2020-03-18T14:27:15","guid":{"rendered":"https:\/\/braco.global\/?post_type=product&#038;p=3941"},"modified":"2022-07-23T17:28:31","modified_gmt":"2022-07-23T17:28:31","slug":"az-emberek-olyanok","status":"publish","type":"product","link":"https:\/\/braco.global\/en\/shop\/az-emberek-olyanok\/","title":{"rendered":"Az emberek olyanok"},"content":{"rendered":"<p><strong>Az emberek olyanok<br \/>\n<\/strong><\/p>\n<p><strong>DVD, 2008, 39 perc<br \/>\n<\/strong><\/p>\n<p><strong>DE, EN, HR, IT, HU<\/strong><\/p>\n<p>Ez az embereknek \u00e9s a f\u00e9nynek a t\u00f6rt\u00e9nete \u2013 h\u00e1la Braco tekintet\u00e9nek. De a mi tekintet\u00fcnk is fontos, mert az, amit kisug\u00e1rzunk, vissszat\u00e9r hozz\u00e1nk \u2013 mint egy nagy t\u00fck\u00f6rr\u0151l a k\u00e9pm\u00e1s. ami sokszoros\u00edt, er\u0151s\u00edt, felfriss\u00edt \u00e9l\u00e9nk\u00edt \u00e9s lelkes\u00edt.<\/p>\n<p>2008-ban keletkezett ez a DVD, ami abban r\u00e9szes\u00edt minket, amit Braco egy l\u00e1togat\u00f3nak mondott szem\u00e9lyesen. Szem\u00e9lyes besz\u00e9lget\u00e9sek a l\u00e1t\u00f3gat\u00f3kkal akkoriban ugyanolyan \u00e9rt\u00e9kesek voltak, mint az az aj\u00e1nd\u00e9koz\u00f3 tekintet, amit Braco a mai id\u0151kben l\u00e1t\u00f3gat\u00f3\u00ednak ad. \u201eA feln\u0151ttek olyanok, mint a gyerekek\u201c &#8211; azt \u00e9rzik, amit szeretnek \u00e9s azt szeretik, amit \u00e9reznek.<\/p>\n","protected":false},"excerpt":{"rendered":"<p>Az emberek olyanok DVD, 2008, 39 perc DE, EN, HR, IT, HU Ez az embereknek \u00e9s a f\u00e9nynek a t\u00f6rt\u00e9nete \u2013 h\u00e1la Braco tekintet\u00e9nek. De a mi tekintet\u00fcnk is fontos, mert az, amit kisug\u00e1rzunk, vissszat\u00e9r hozz\u00e1nk \u2013 mint egy nagy t\u00fck\u00f6rr\u0151l a k\u00e9pm\u00e1s. ami sokszoros\u00edt, er\u0151s\u00edt, felfriss\u00edt \u00e9l\u00e9nk\u00edt \u00e9s lelkes\u00edt. 2008-ban keletkezett ez a DVD, [&hellip;]<\/p>\n","protected":false},"featured_media":5417,"template":"","meta":{"_et_pb_use_builder":"","_et_pb_old_content":"","_et_gb_content_width":""},"product_brand":[],"product_cat":[17],"product_tag":[],"class_list":{"0":"post-3941","1":"product","2":"type-product","3":"status-publish","4":"has-post-thumbnail","6":"product_cat-unkategorisiert","8":"first","9":"instock","10":"taxable","11":"shipping-taxable","12":"purchasable","13":"product-type-simple"},"_links":{"self":[{"href":"https:\/\/braco.global\/en\/wp-json\/wp\/v2\/product\/3941","targetHints":{"allow":["GET"]}}],"collection":[{"href":"https:\/\/braco.global\/en\/wp-json\/wp\/v2\/product"}],"about":[{"href":"https:\/\/braco.global\/en\/wp-json\/wp\/v2\/types\/product"}],"wp:featuredmedia":[{"embeddable":true,"href":"https:\/\/braco.global\/en\/wp-json\/wp\/v2\/media\/5417"}],"wp:attachment":[{"href":"https:\/\/braco.global\/en\/wp-json\/wp\/v2\/media?parent=3941"}],"wp:term":[{"taxonomy":"product_brand","embeddable":true,"href":"https:\/\/braco.global\/en\/wp-json\/wp\/v2\/product_brand?post=3941"},{"taxonomy":"product_cat","embeddable":true,"href":"https:\/\/braco.global\/en\/wp-json\/wp\/v2\/product_cat?post=3941"},{"taxonomy":"product_tag","embeddable":true,"href":"https:\/\/braco.global\/en\/wp-json\/wp\/v2\/product_tag?post=3941"}],"curies":[{"name":"wp","href":"https:\/\/api.w.org\/{rel}","templated":true}]}}